{"id":821,"date":"2020-03-21T08:26:13","date_gmt":"2020-03-21T06:26:13","guid":{"rendered":"http:\/\/urgentnimedicina.cz\/en\/?page_id=821"},"modified":"2020-03-22T10:14:28","modified_gmt":"2020-03-22T08:14:28","slug":"links","status":"publish","type":"page","link":"https:\/\/urgentnimedicina.cz\/en\/?page_id=821","title":{"rendered":"Links"},"content":{"rendered":"\n<ul><li><a rel=\"noreferrer noopener\" href=\"https:\/\/mediprax.cz\/\" target=\"_blank\">MEDIPRAX CB s.r.o.<\/a> <\/li><li><a href=\"https:\/\/urgentnimedicina.cz\/en\/wp-admin\/link.php?action=edit&amp;link_id=11\">E<\/a><a rel=\"noreferrer noopener\" aria-label=\" (otev\u0159e se na nov\u00e9 z\u00e1lo\u017ece)\" href=\"http:\/\/www.azzs.cz\/\" target=\"_blank\">RS CR Association<\/a> <\/li><li><a rel=\"noreferrer noopener\" aria-label=\" (otev\u0159e se na nov\u00e9 z\u00e1lo\u017ece)\" href=\"http:\/\/www.resuscitace.cz\/\" target=\"_blank\">Czech Resuscitation Council<\/a> <\/li><li><a rel=\"noreferrer noopener\" aria-label=\" (otev\u0159e se na nov\u00e9 z\u00e1lo\u017ece)\" href=\"http:\/\/www.urgmed.cz\/\" target=\"_blank\">Society for Emergency Medicine and Disaster Medicine<\/a><\/li><\/ul>\n","protected":false},"excerpt":{"rendered":"<p>MEDIPRAX CB s.r.o. ERS CR Association Czech Resuscitation Council Society for Emergency Medicine and Disaster Medicine<\/p>\n","protected":false},"author":1,"featured_media":0,"parent":0,"menu_order":0,"comment_status":"closed","ping_status":"closed","template":"","meta":{"footnotes":""},"_links":{"self":[{"href":"https:\/\/urgentnimedicina.cz\/en\/index.php?rest_route=\/wp\/v2\/pages\/821"}],"collection":[{"href":"https:\/\/urgentnimedicina.cz\/en\/index.php?rest_route=\/wp\/v2\/pages"}],"about":[{"href":"https:\/\/urgentnimedicina.cz\/en\/index.php?rest_route=\/wp\/v2\/types\/page"}],"author":[{"embeddable":true,"href":"https:\/\/urgentnimedicina.cz\/en\/index.php?rest_route=\/wp\/v2\/users\/1"}],"replies":[{"embeddable":true,"href":"https:\/\/urgentnimedicina.cz\/en\/index.php?rest_route=%2Fwp%2Fv2%2Fcomments&post=821"}],"version-history":[{"count":0,"href":"https:\/\/urgentnimedicina.cz\/en\/index.php?rest_route=\/wp\/v2\/pages\/821\/revisions"}],"wp:attachment":[{"href":"https:\/\/urgentnimedicina.cz\/en\/index.php?rest_route=%2Fwp%2Fv2%2Fmedia&parent=821"}],"curies":[{"name":"wp","href":"https:\/\/api.w.org\/{rel}","templated":true}]}}