{"id":97,"date":"2010-12-16T16:13:58","date_gmt":"2010-12-16T14:13:58","guid":{"rendered":"http:\/\/mediprax.cz\/um1\/?page_id=97"},"modified":"2020-03-19T15:36:56","modified_gmt":"2020-03-19T13:36:56","slug":"kontakt","status":"publish","type":"page","link":"https:\/\/urgentnimedicina.cz\/en\/?page_id=97","title":{"rendered":"Contact"},"content":{"rendered":"<h4>Publisher<\/h4>\n<p>MEDIPRAX CB s.r.o.<br \/>\nStreet: Husova 43<br \/>\nTown: \u010cesk\u00e9 Bud\u011bjovice<br \/>\nPostcode: 370 05<br \/>\nTel.\/fax: +420 385 310 382<br \/>\nE-mail: mediprax(a)mediprax.cz<br \/>\nwww.mediprax.cz<\/p>\n<h4>Editor-in-Chief<\/h4>\n<p>MUDr. Jana \u0160eblov\u00e1, Ph.D<br \/>\nseblo(a)volny.cz<\/p>\n<h4>Editor<\/h4>\n<p>Ing. Jan Mach<br \/>\nmach(a)mediprax.cz<\/p>\n","protected":false},"excerpt":{"rendered":"<p>Publisher MEDIPRAX CB s.r.o. Street: Husova 43 Town: \u010cesk\u00e9 Bud\u011bjovice Postcode: 370 05 Tel.\/fax: +420 385 310 382 E-mail: mediprax(a)mediprax.cz www.mediprax.cz Editor-in-Chief MUDr. Jana \u0160eblov\u00e1, Ph.D seblo(a)volny.cz Editor Ing. Jan Mach mach(a)mediprax.cz<\/p>\n","protected":false},"author":1,"featured_media":0,"parent":0,"menu_order":8,"comment_status":"closed","ping_status":"closed","template":"","meta":{"footnotes":""},"_links":{"self":[{"href":"https:\/\/urgentnimedicina.cz\/en\/index.php?rest_route=\/wp\/v2\/pages\/97"}],"collection":[{"href":"https:\/\/urgentnimedicina.cz\/en\/index.php?rest_route=\/wp\/v2\/pages"}],"about":[{"href":"https:\/\/urgentnimedicina.cz\/en\/index.php?rest_route=\/wp\/v2\/types\/page"}],"author":[{"embeddable":true,"href":"https:\/\/urgentnimedicina.cz\/en\/index.php?rest_route=\/wp\/v2\/users\/1"}],"replies":[{"embeddable":true,"href":"https:\/\/urgentnimedicina.cz\/en\/index.php?rest_route=%2Fwp%2Fv2%2Fcomments&post=97"}],"version-history":[{"count":0,"href":"https:\/\/urgentnimedicina.cz\/en\/index.php?rest_route=\/wp\/v2\/pages\/97\/revisions"}],"wp:attachment":[{"href":"https:\/\/urgentnimedicina.cz\/en\/index.php?rest_route=%2Fwp%2Fv2%2Fmedia&parent=97"}],"curies":[{"name":"wp","href":"https:\/\/api.w.org\/{rel}","templated":true}]}}