{"id":13,"date":"2010-10-22T22:00:41","date_gmt":"2010-10-22T20:00:41","guid":{"rendered":"http:\/\/mediprax.cz\/um1\/?page_id=13"},"modified":"2025-02-04T12:01:38","modified_gmt":"2025-02-04T10:01:38","slug":"cena-objednavka","status":"publish","type":"page","link":"https:\/\/urgentnimedicina.cz\/?page_id=13","title":{"rendered":"P\u0159edplatn\u00e9"},"content":{"rendered":"<p><a href=\"?p=1368\">Ozn\u00e1men\u00ed o ukon\u010den\u00ed vyd\u00e1v\u00e1n\u00ed \u010dasopisu<\/a><\/p>\n<p>Od roku 2025 nebude ji\u017e \u010dasopis Urgentn\u00ed medic\u00edna vyd\u00e1v\u00e1n.<\/p>\n<p>V p\u0159\u00edpad\u011b z\u00e1jmu o \u010d\u00edsla ro\u010dn\u00edku 2024 (4\/2024 teprve vyjde) \u010di 2023\/2022 (dostupn\u00e9 do rozebr\u00e1n\u00ed z\u00e1sob) pou\u017eijte formul\u00e1\u0159 n\u00ed\u017ee s uveden\u00edm konkr\u00e9tn\u00edch \u010d\u00edsel, o kter\u00e9 m\u00e1te z\u00e1jem. \u010casopis m\u016f\u017eete tak\u00e9 objednat e-mailem &#8211; viz kontakt.<\/p>\n<p>Ceny:<\/p>\n<ul>\n<li>1\/2024, 2-3\/2024, 4\/2024: 145,- K\u010d (7,- EUR pro odb\u011bratele ze Slovenska) v\u010detn\u011b DPH<\/li>\n<li>\u010d\u00edsla z ro\u010dn\u00edk\u016f 2023 a 2022: 80,- K\u010d (5,- EUR pro odb\u011bratele ze Slovenska) v\u010detn\u011b DPH<\/li>\n<\/ul>\n<p>Po obdr\u017een\u00ed objedn\u00e1vky V\u00e1m vystav\u00edme fakturu na po\u017eadovan\u00e1 \u010d\u00edsla. Po jej\u00edm uhrazen\u00ed (nutno uv\u00e1d\u011bt variabiln\u00ed symbol) \u010dasopis po\u0161tou ode\u0161leme.<\/p>\n<hr \/>\n<p><strong><span style=\"font-size: 1.17em; line-height: 1.5em;\">Objedn\u00e1vkov\u00fd formul\u00e1\u0159<\/span><\/strong><\/p>\n<p>\u2192<\/p>\n\n<div class=\"wpcf7 no-js\" id=\"wpcf7-f556-o1\" lang=\"en-US\" dir=\"ltr\" data-wpcf7-id=\"556\">\n<div class=\"screen-reader-response\"><p role=\"status\" aria-live=\"polite\" aria-atomic=\"true\"><\/p> <ul><\/ul><\/div>\n<form action=\"\/index.php?rest_route=%2Fwp%2Fv2%2Fpages%2F13#wpcf7-f556-o1\" method=\"post\" class=\"wpcf7-form init\" aria-label=\"Contact form\" novalidate=\"novalidate\" data-status=\"init\">\n<div style=\"display: none;\">\n<input type=\"hidden\" name=\"_wpcf7\" value=\"556\" \/>\n<input type=\"hidden\" name=\"_wpcf7_version\" value=\"6.0.5\" \/>\n<input type=\"hidden\" name=\"_wpcf7_locale\" value=\"en_US\" \/>\n<input type=\"hidden\" name=\"_wpcf7_unit_tag\" value=\"wpcf7-f556-o1\" \/>\n<input type=\"hidden\" name=\"_wpcf7_container_post\" value=\"0\" \/>\n<input type=\"hidden\" name=\"_wpcf7_posted_data_hash\" value=\"\" \/>\n<\/div>\n<p>Jm\u00e9no a p\u0159\u00edjmen\u00ed (vy\u017eadov\u00e1no)\n<\/p>\n<p><span class=\"wpcf7-form-control-wrap\" data-name=\"jmeno\"><input size=\"40\" maxlength=\"400\" class=\"wpcf7-form-control wpcf7-text wpcf7-validates-as-required\" aria-required=\"true\" aria-invalid=\"false\" value=\"\" type=\"text\" name=\"jmeno\" \/><\/span>\n<\/p>\n<p>E-mail (vy\u017eadov\u00e1no)\n<\/p>\n<p><span class=\"wpcf7-form-control-wrap\" data-name=\"email\"><input size=\"40\" maxlength=\"400\" class=\"wpcf7-form-control wpcf7-email wpcf7-validates-as-required wpcf7-text wpcf7-validates-as-email\" aria-required=\"true\" aria-invalid=\"false\" value=\"\" type=\"email\" name=\"email\" \/><\/span>\n<\/p>\n<p>Ulice (vy\u017eadov\u00e1no)\n<\/p>\n<p><span class=\"wpcf7-form-control-wrap\" data-name=\"ulice\"><input size=\"40\" maxlength=\"400\" class=\"wpcf7-form-control wpcf7-text wpcf7-validates-as-required\" aria-required=\"true\" aria-invalid=\"false\" value=\"\" type=\"text\" name=\"ulice\" \/><\/span>\n<\/p>\n<p>M\u011bsto (vy\u017eadov\u00e1no)\n<\/p>\n<p><span class=\"wpcf7-form-control-wrap\" data-name=\"mesto\"><input size=\"40\" maxlength=\"400\" class=\"wpcf7-form-control wpcf7-text wpcf7-validates-as-required\" aria-required=\"true\" aria-invalid=\"false\" value=\"\" type=\"text\" name=\"mesto\" \/><\/span>\n<\/p>\n<p>PS\u010c (vy\u017eadov\u00e1no)\n<\/p>\n<p><span class=\"wpcf7-form-control-wrap\" data-name=\"psc\"><input size=\"40\" maxlength=\"400\" class=\"wpcf7-form-control wpcf7-text wpcf7-validates-as-required\" aria-required=\"true\" aria-invalid=\"false\" value=\"\" type=\"text\" name=\"psc\" \/><\/span>\n<\/p>\n<p>St\u00e1t\n<\/p>\n<p><span class=\"wpcf7-form-control-wrap\" data-name=\"stat\"><input size=\"40\" maxlength=\"400\" class=\"wpcf7-form-control wpcf7-text\" aria-invalid=\"false\" value=\"\" type=\"text\" name=\"stat\" \/><\/span>\n<\/p>\n<p>Spole\u010dnost\n<\/p>\n<p><span class=\"wpcf7-form-control-wrap\" data-name=\"spolecnost\"><input size=\"40\" maxlength=\"400\" class=\"wpcf7-form-control wpcf7-text\" aria-invalid=\"false\" value=\"\" type=\"text\" name=\"spolecnost\" \/><\/span>\n<\/p>\n<p>I\u010cO\n<\/p>\n<p><span class=\"wpcf7-form-control-wrap\" data-name=\"ico\"><input size=\"40\" maxlength=\"400\" class=\"wpcf7-form-control wpcf7-text\" aria-invalid=\"false\" value=\"\" type=\"text\" name=\"ico\" \/><\/span>\n<\/p>\n<p>DI\u010c\n<\/p>\n<p><span class=\"wpcf7-form-control-wrap\" data-name=\"dic\"><input size=\"40\" maxlength=\"400\" class=\"wpcf7-form-control wpcf7-text\" aria-invalid=\"false\" value=\"\" type=\"text\" name=\"dic\" \/><\/span>\n<\/p>\n<p>Telefon\n<\/p>\n<p><span class=\"wpcf7-form-control-wrap\" data-name=\"telefon\"><input size=\"40\" maxlength=\"400\" class=\"wpcf7-form-control wpcf7-text\" aria-invalid=\"false\" value=\"\" type=\"text\" name=\"telefon\" \/><\/span>\n<\/p>\n<p>M\u00e1m z\u00e1jem o n\u00e1sleduj\u00edc\u00ed \u010d\u00edsla (vypi\u0161te):\n<\/p>\n<p><span class=\"wpcf7-form-control-wrap\" data-name=\"poznamka\"><textarea cols=\"40\" rows=\"10\" maxlength=\"2000\" class=\"wpcf7-form-control wpcf7-textarea\" aria-invalid=\"false\" name=\"poznamka\"><\/textarea><\/span>\n<\/p>\n<p>Pozn\u00e1mka (up\u0159esn\u011bn\u00ed adresy apod.):\n<\/p>\n<p><span class=\"wpcf7-form-control-wrap\" data-name=\"poznamka1\"><textarea cols=\"40\" rows=\"10\" maxlength=\"2000\" class=\"wpcf7-form-control wpcf7-textarea\" aria-invalid=\"false\" name=\"poznamka1\"><\/textarea><\/span>\n<\/p>\n<p><span class=\"wpcf7-form-control-wrap\" data-name=\"podminky\"><span class=\"wpcf7-form-control wpcf7-acceptance\"><span class=\"wpcf7-list-item\"><input type=\"checkbox\" name=\"podminky\" value=\"1\" aria-invalid=\"false\" \/><\/span><\/span><\/span> Souhlas\u00edm s <a href=\"?page_id=838\" target=\"_blank\">obchodn\u00edmi podm\u00ednkami<\/a>\n<\/p>\n<p>Opi\u0161te ov\u011b\u0159ovac\u00ed k\u00f3d:\n<\/p>\n<p><input type=\"hidden\" name=\"_wpcf7_captcha_challenge_captcha\" value=\"206966292\" \/><img loading=\"lazy\" decoding=\"async\" class=\"wpcf7-form-control wpcf7-captchac wpcf7-captcha-captcha\" width=\"72\" height=\"24\" alt=\"captcha\" src=\"https:\/\/urgentnimedicina.cz\/wp-content\/uploads\/wpcf7_captcha\/206966292.png\" \/>\n<\/p>\n<p><span class=\"wpcf7-form-control-wrap\" data-name=\"captcha\"><input size=\"40\" class=\"wpcf7-form-control wpcf7-captchar\" autocomplete=\"off\" aria-invalid=\"false\" value=\"\" type=\"text\" name=\"captcha\" \/><\/span>\n<\/p>\n<p><input class=\"wpcf7-form-control wpcf7-submit has-spinner\" type=\"submit\" value=\"Odeslat\" \/>\n<\/p><div class=\"wpcf7-response-output\" aria-hidden=\"true\"><\/div>\n<\/form>\n<\/div>\n\n","protected":false},"excerpt":{"rendered":"<p>Ozn\u00e1men\u00ed o ukon\u010den\u00ed vyd\u00e1v\u00e1n\u00ed \u010dasopisu Od roku 2025 nebude ji\u017e \u010dasopis Urgentn\u00ed medic\u00edna vyd\u00e1v\u00e1n. V p\u0159\u00edpad\u011b z\u00e1jmu o \u010d\u00edsla ro\u010dn\u00edku 2024 (4\/2024 teprve vyjde) \u010di 2023\/2022 (dostupn\u00e9 do rozebr\u00e1n\u00ed z\u00e1sob) pou\u017eijte formul\u00e1\u0159 n\u00ed\u017ee s uveden\u00edm konkr\u00e9tn\u00edch \u010d\u00edsel, o kter\u00e9 m\u00e1te<\/p>\n","protected":false},"author":1,"featured_media":0,"parent":0,"menu_order":2,"comment_status":"closed","ping_status":"closed","template":"","meta":{"footnotes":""},"class_list":["post-13","page","type-page","status-publish","hentry"],"_links":{"self":[{"href":"https:\/\/urgentnimedicina.cz\/index.php?rest_route=\/wp\/v2\/pages\/13","targetHints":{"allow":["GET"]}}],"collection":[{"href":"https:\/\/urgentnimedicina.cz\/index.php?rest_route=\/wp\/v2\/pages"}],"about":[{"href":"https:\/\/urgentnimedicina.cz\/index.php?rest_route=\/wp\/v2\/types\/page"}],"author":[{"embeddable":true,"href":"https:\/\/urgentnimedicina.cz\/index.php?rest_route=\/wp\/v2\/users\/1"}],"replies":[{"embeddable":true,"href":"https:\/\/urgentnimedicina.cz\/index.php?rest_route=%2Fwp%2Fv2%2Fcomments&post=13"}],"version-history":[{"count":9,"href":"https:\/\/urgentnimedicina.cz\/index.php?rest_route=\/wp\/v2\/pages\/13\/revisions"}],"predecessor-version":[{"id":1389,"href":"https:\/\/urgentnimedicina.cz\/index.php?rest_route=\/wp\/v2\/pages\/13\/revisions\/1389"}],"wp:attachment":[{"href":"https:\/\/urgentnimedicina.cz\/index.php?rest_route=%2Fwp%2Fv2%2Fmedia&parent=13"}],"curies":[{"name":"wp","href":"https:\/\/api.w.org\/{rel}","templated":true}]}}