{"id":1368,"date":"2024-12-18T10:58:38","date_gmt":"2024-12-18T08:58:38","guid":{"rendered":"https:\/\/urgentnimedicina.cz\/?page_id=1368"},"modified":"2024-12-23T08:28:47","modified_gmt":"2024-12-23T06:28:47","slug":"oznameni-o-ukonceni-vydavani-casopisu","status":"publish","type":"page","link":"https:\/\/urgentnimedicina.cz\/?page_id=1368","title":{"rendered":"Ozn\u00e1men\u00ed o ukon\u010den\u00ed vyd\u00e1v\u00e1n\u00ed \u010dasopisu"},"content":{"rendered":"\n<p><em>\u00davodn\u00ed slovo z dvoj\u010d\u00edsla 2-3\/2024<\/em><\/p>\n\n\n\n<p>V\u00e1\u017een\u00e9 \u010dten\u00e1\u0159ky, v\u00e1\u017een\u00ed \u010dten\u00e1\u0159i, <\/p>\n\n\n\n<p>tento \u00favodn\u00edk je pro m\u011b za 28 let vyd\u00e1v\u00e1n\u00ed \u010dasopisu Urgentn\u00ed medic\u00edna nejt\u011b\u017e\u0161\u00ed, i kdy\u017e jsem zde v uplynul\u00fdch desetilet\u00edch psala nejednou o z\u00e1va\u017en\u00fdch nebo smutn\u00fdch t\u00e9matech. Nyn\u00ed V\u00e1m mus\u00edm ozn\u00e1mit, \u017ee oborov\u00fd \u010dasopis kon\u010d\u00ed. Opakovan\u011b jsme v redakci a posl\u00e9ze i ve v\u00fdboru odborn\u00e9 spole\u010dnosti tento krok zva\u017eovali, prob\u00edrali a konec zase znovu odlo\u017eili. Nyn\u00ed je bohu\u017eel rozhodnut\u00ed definitivn\u00ed.<\/p>\n\n\n\n<p>Nejsou za t\u00edm jen ekonomick\u00e9 d\u016fvody, i kdy\u017e \u010dasopis byl od sv\u00e9ho vzniku ztr\u00e1tov\u00fd a dotov\u00e1n vydavatelem, pro mo\u017enou reklamu je po\u010det vyd\u00e1van\u00fdch v\u00fdtisk\u016f zcela nezaj\u00edmav\u00fd. D\u016fvod konce je v\u0161ak jinde. Ztr\u00e1c\u00edme v\u0161ak dv\u011b podstatn\u00e1 \u201eP\u201c: p\u0159edplatitele a p\u0159isp\u011bvatele, co\u017e jsou spojit\u00e9 n\u00e1doby ka\u017ed\u00e9ho periodika. Z \u010d\u00e1sti aktivn\u00edch p\u0159edplatitel\u016f se \u010dasem mohou st\u00e1t nov\u00ed auto\u0159i. Pokud nedoch\u00e1z\u00ed ke st\u00e1l\u00e9mu roz\u0161i\u0159ov\u00e1n\u00ed autorsk\u00e9ho okruhu a ke genera\u010dn\u00ed obm\u011bn\u011b, je jedn\u00edm z d\u016fsledk\u016f stagnace \u2013 v \u00fahlech pohledu i t\u00e9matech. V posledn\u00edch letech doch\u00e1z\u00ed k v\u00fdznamn\u00e9mu poklesu po\u010dtu kolegy\u0148 a koleg\u016f, ochotn\u00fdch ve sv\u00e9m voln\u00e9m \u010dase ps\u00e1t do informa\u010dn\u00edho m\u00e9dia, kter\u00e9 nemohou vyk\u00e1zat v akademick\u00fdch \u017eivotopisech. D\u00edky ur\u010dit\u00e9mu rozvoji odborn\u00e9ho potenci\u00e1lu u\u017e i urgentn\u00ed medic\u00edna pomalu, ale jist\u011b za\u010d\u00edn\u00e1 pronikat na akademickou p\u016fdu, by\u0165 zat\u00edm zadn\u00edmi vr\u00e1tky, \u010dasto p\u0159es jin\u00e9 obory a pracovi\u0161t\u011b. V akademii v\u0161ak u\u017e od po\u010d\u00e1tku plat\u00ed heslo \u201ePublish or Perish\u201c. Nepublikuje\u0161-li, tv\u00e1 hv\u011bzda pad\u00e1 do zapomn\u011bn\u00ed. T\u00edm z\u00edsk\u00e1vaj\u00ed na v\u00fdznamu \u010dasopisy za\u0159azen\u00e9 ve sv\u011btov\u00fdch datab\u00e1z\u00edch a zejm\u00e9na hojn\u011b citovan\u00e9; publikov\u00e1n\u00ed v angli\u010dtin\u011b je samoz\u0159ejmost\u00ed. Autorsk\u00fd potenci\u00e1l oboru tak nyn\u00ed ji\u017e m\u00ed\u0159\u00ed jin\u00fdm sm\u011brem, ne\u017e je n\u00e1\u0161 \u010dasopis. <\/p>\n\n\n\n<p>P\u0159ed lety jsme za\u017e\u00e1dali o za\u0159azen\u00ed do datab\u00e1ze Scopus, pro\u0161li jsme n\u011bkolika koly a\u017e k fin\u00e1ln\u00edmu posuzov\u00e1n\u00ed. Z\u00e1v\u011br zn\u011bl, \u017ee n\u00e1\u0161 \u010dasopis spl\u0148uje krit\u00e9ria informa\u010dn\u00edho odborn\u00e9ho oborov\u00e9ho m\u00e9dia pro region \u010ceska a Slovenska, ale \u017ee bychom m\u011bli bu\u010f tisknout v\u00edce anglick\u00fdch \u010dl\u00e1nk\u016f, nebo p\u0159ekl\u00e1dat cel\u00fd \u010dasopis do angli\u010dtiny; \u017ee m\u00e1me pak za dva roky za\u017e\u00e1dat znovu. Ob\u011b hodnotiteli navrhovan\u00e9 varianty v\u0161ak byly v podm\u00ednk\u00e1ch, ve kter\u00fdch jsme \u010dasopis vytv\u00e1\u0159eli, nesch\u016fdn\u00e9. Pozd\u011bji jsme uva\u017eovali o p\u0159echodu na elektronickou (nebo hybridn\u00ed) verzi, ale op\u011bt jsme narazili na rentabilitu v\u0161ech funkc\u00ed spojen\u00fdch se spr\u00e1vou elektronick\u00e9 verze(zejm\u00e9na ohledn\u011b p\u0159edplatn\u00e9ho) a nejistou budoucnost stran obsahu. Ro\u010dn\u00edkem 2024 tedy uzav\u00edr\u00e1me sou\u010dasnou kapitolu odborn\u00e9ho oborov\u00e9ho \u010dasopisu, a pro m\u011b i v\u00fdznamnou kapitolu m\u00e9ho profesn\u00edho p\u016fsoben\u00ed. Toto dvoj\u010d\u00edslo je p\u0159edposledn\u00edm v\u00fdtiskem, kter\u00e9 se V\u00e1m jako p\u0159edplatitel\u016fm dost\u00e1v\u00e1 do rukou, posledn\u00edm \u010d\u00edslem ro\u010dn\u00edku se s V\u00e1mi po 28 letech rozlou\u010d\u00edme. Za to, \u017ee jste vydr\u017eeli a\u017e dodnes jsme V\u00e1m velmi vd\u011b\u010dn\u00ed, byli jste na\u0161\u00ed motivac\u00ed a motorem. Douf\u00e1me, \u017ee sv\u016fj \u00fakol Urgentn\u00ed medic\u00edna alespo\u0148 z\u010d\u00e1sti splnila a v po\u010d\u00e1tc\u00edch oboru byla st\u0159\u00edpkem v rozvoji urgentn\u00ed medic\u00edny v \u010cesku, prostorem pro sd\u00edlen\u00ed a v\u00fdm\u011bnu informac\u00ed. V\u011b\u0159\u00edm, \u017ee dal\u0161\u00ed generace p\u0159ijdou s novou energi\u00ed a n\u00e1pady a nov\u00e1 platforma pro komunikaci na sebe nenech\u00e1 dlouho \u010dekat. <\/p>\n\n\n\n<p>Za redakci <\/p>\n\n\n\n<p>Jana \u0160eblov\u00e1<\/p>\n","protected":false},"excerpt":{"rendered":"<p>\u00davodn\u00ed slovo z dvoj\u010d\u00edsla 2-3\/2024 V\u00e1\u017een\u00e9 \u010dten\u00e1\u0159ky, v\u00e1\u017een\u00ed \u010dten\u00e1\u0159i, tento \u00favodn\u00edk je pro m\u011b za 28 let vyd\u00e1v\u00e1n\u00ed \u010dasopisu Urgentn\u00ed medic\u00edna nejt\u011b\u017e\u0161\u00ed, i kdy\u017e jsem zde v uplynul\u00fdch desetilet\u00edch psala nejednou o z\u00e1va\u017en\u00fdch nebo smutn\u00fdch t\u00e9matech. Nyn\u00ed V\u00e1m mus\u00edm ozn\u00e1mit,<\/p>\n","protected":false},"author":1,"featured_media":0,"parent":0,"menu_order":0,"comment_status":"closed","ping_status":"closed","template":"","meta":{"footnotes":""},"class_list":["post-1368","page","type-page","status-publish","hentry"],"_links":{"self":[{"href":"https:\/\/urgentnimedicina.cz\/index.php?rest_route=\/wp\/v2\/pages\/1368","targetHints":{"allow":["GET"]}}],"collection":[{"href":"https:\/\/urgentnimedicina.cz\/index.php?rest_route=\/wp\/v2\/pages"}],"about":[{"href":"https:\/\/urgentnimedicina.cz\/index.php?rest_route=\/wp\/v2\/types\/page"}],"author":[{"embeddable":true,"href":"https:\/\/urgentnimedicina.cz\/index.php?rest_route=\/wp\/v2\/users\/1"}],"replies":[{"embeddable":true,"href":"https:\/\/urgentnimedicina.cz\/index.php?rest_route=%2Fwp%2Fv2%2Fcomments&post=1368"}],"version-history":[{"count":2,"href":"https:\/\/urgentnimedicina.cz\/index.php?rest_route=\/wp\/v2\/pages\/1368\/revisions"}],"predecessor-version":[{"id":1379,"href":"https:\/\/urgentnimedicina.cz\/index.php?rest_route=\/wp\/v2\/pages\/1368\/revisions\/1379"}],"wp:attachment":[{"href":"https:\/\/urgentnimedicina.cz\/index.php?rest_route=%2Fwp%2Fv2%2Fmedia&parent=1368"}],"curies":[{"name":"wp","href":"https:\/\/api.w.org\/{rel}","templated":true}]}}