{"id":141,"date":"2010-12-20T14:41:37","date_gmt":"2010-12-20T12:41:37","guid":{"rendered":"http:\/\/mediprax.cz\/um1\/?page_id=141"},"modified":"2010-12-29T09:50:17","modified_gmt":"2010-12-29T07:50:17","slug":"obsahy-2004","status":"publish","type":"page","link":"https:\/\/urgentnimedicina.cz\/?page_id=141","title":{"rendered":"Obsahy 2004"},"content":{"rendered":"<h3>Obsah 1\/2004<\/h3>\n<p>1. \u00davodn\u00ed slovo (Jana \u0160eblov\u00e1)<\/p>\n<p>2. Zdravotnick\u00e1 z\u00e1chrann\u00e1 slu\u017eba a krizov\u00fd management (Josef \u0160torek)<\/p>\n<p>3. Hromadn\u00fd v\u00fdskyt poran\u011bn\u00fdch po explozi (M. Stein, A. Hirshberg, T. Gerich)<\/p>\n<p>4. Neodkladn\u00e1 resuscitace \u2013 metodick\u00fd pokyn odborn\u00e9 spole\u010dnosti urgentn\u00ed medic\u00edny a medic\u00edny katastrof (2004) (Ji\u0159\u00ed Knor)<\/p>\n<p>5. Roz\u0161\u00ed\u0159en\u00e1 neodkladn\u00e1 resuscitace \u2013 Interponovan\u00e1 abdomin\u00e1ln\u00ed komprese (IAC) p\u0159i zevn\u00ed mas\u00e1\u017ei srde\u010dn\u00ed (Milana Pokorn\u00e1)<\/p>\n<p>6. Akutn\u00ed koron\u00e1rn\u00ed syndrom v p\u0159ednemocni\u010dn\u00ed p\u00e9\u010di \u2013 doporu\u010den\u00fd postup pro l\u00e9ka\u0159e urgentn\u00ed medic\u00edny a medic\u00edny katastrof (Pavel Urb\u00e1nek)<\/p>\n<p>7. \u017divot ohro\u017euj\u00edc\u00ed dysrytmie \u2013 postup l\u00e9ka\u0159e v p\u0159ednemocni\u010dn\u00ed neodkladn\u00e9 p\u00e9\u010di (Jan Horej\u0161)<\/p>\n<p>8. T\u011b\u017ek\u00fd \u00faraz v Praze \u2013 \u00fakoly a v\u00fdznam p\u0159ednemocni\u010dn\u00ed neodkladn\u00e9 p\u00e9\u010de (Ji\u0159\u00ed Knor, Jaroslav Val\u00e1\u0161ek)<\/p>\n<p>9. Critical Incident Stress Management (Jana \u0160eblov\u00e1)<\/p>\n<p>10. Paramedik nebo l\u00e9ka\u0159 jako nositel odbornosti v p\u0159ednemocni\u010dn\u00ed neodkladn\u00e9 p\u00e9\u010di (Ji\u0159\u00ed Knor)<\/p>\n<p>11. Ka\u017ed\u00fd si kopn\u011bte do sv\u00e9ho z\u00e1chran\u00e1\u0159e! (Ji\u0159\u00ed Knor)<\/p>\n<p>12. In memoriam Prof. Vladimir A. N\u011bgovskij (Ji\u0159\u00ed Pokorn\u00fd)<\/p>\n<p>13. Informace o odborn\u00fdch akc\u00edch<\/p>\n<p>14. Program IPVZ<\/p>\n<h3>Obsah 2\/2004<\/h3>\n<p>1. \u00davodn\u00ed slovo (Jana \u0160eblov\u00e1)<\/p>\n<p>2. Krizov\u00fd management poskytovatele nemocni\u010dn\u00ed p\u00e9\u010de (Josef \u0160torek)<\/p>\n<p>3. Dechov\u00e1 nedostate\u010dnost u d\u011bt\u00ed v p\u0159ednemocni\u010dn\u00ed p\u00e9\u010di (Ji\u0159\u00ed Kobr)<\/p>\n<p>4. Komoce myokardu (Ji\u0159\u00ed Franz)<\/p>\n<p>5. Plicn\u00ed embolie (Michaela Wichov\u00e1)<\/p>\n<p>6. Bezv\u011bdom\u00ed u diabetik\u016f v p\u0159ednemocni\u010dn\u00ed p\u00e9\u010di (Ji\u0159\u00ed Knor)<\/p>\n<p>7. Medic\u00edna d\u016fkaz\u016f pro urgentn\u00ed medic\u00ednu (EMBE) v\u00a0literatu\u0159e (Eva Lesenkov\u00e1)<\/p>\n<p>8. Bezpe\u010dnost provozu sanitn\u00edch vozidel: mezin\u00e1rodn\u00ed pokroky sni\u017euj\u00edc\u00ed rizika v prost\u0159ed\u00ed z\u00e1chrann\u00fdch slu\u017eeb (Nadine R. Levick)<\/p>\n<p>9. Rallye Rejv\u00edz \u2013 \u00fakol Micin: Spont\u00e1nn\u00ed pneumothorax u mlad\u00e9ho mu\u017ee \u2013 simulovan\u00e1 situace pro v\u00fduku (Milana Pokorn\u00e1, Jaroslav Kratochv\u00edl, Roman Sk\u0159ipsk\u00fd)<\/p>\n<p>10. Pacient so zba\u0148ou \u2013 anal\u00fdza situ\u00e1cie z Rallye Rejv\u00edz 2004 (Viliam Dobi\u00e1\u0161, J\u00e1n Hencel)<\/p>\n<p>11. K \u010dl\u00e1nku akutn\u00ed infarkt myokardu \u2013 skute\u010dn\u00e9 priority v PNP a k metodick\u00fdm pozn\u00e1mk\u00e1m MUDr. Fra\u0148ka (Pavel Urb\u00e1nek)<\/p>\n<p>12. Ad: Paramedik nebo l\u00e9ka\u0159 jako nositel odbornosti v PNP? (Ond\u0159ej Fran\u011bk)<\/p>\n<p>13. Zdravotnicko \u2013 ekonomick\u00e9 aspekty p\u0159ednemocni\u010dn\u00ed p\u00e9\u010de (Ji\u0159\u00ed Franz)<\/p>\n<p>14. Safety 2004, V\u00edde\u0148 6.-9. \u010dervna 2004 (Jana \u0160eblov\u00e1)<\/p>\n<p>15. Zpr\u00e1va z 10. v\u00fdro\u010dn\u00edho sympozia Evropsk\u00e9 spole\u010dnosti pro Urgentn\u00ed medic\u00ednu, Praha 15.-16. kv\u011btna 2004 (Ji\u0159\u00ed Pokorn\u00fd sen.)<\/p>\n<p>16. II. kongres PNP, Hradec Kr\u00e1lov\u00e9 13.5. 2004 (Ladislav \u017dabka)<\/p>\n<h3>Obsah 3\/2004<\/h3>\n<p>1. \u00davodn\u00ed slovo (Jana \u0160eblov\u00e1)<\/p>\n<p>2. O cest\u011b k oboru urgentn\u00ed medic\u00edna (Ji\u0159\u00ed Pokorn\u00fd)<\/p>\n<p>3. Rizika vypl\u00fdvaj\u00edc\u00ed z charakteru pr\u016fmyslu, uskladn\u011bn\u00ed a zneu\u017eit\u00ed toxick\u00fdch a radioaktivn\u00edch l\u00e1tek, opat\u0159en\u00ed zdravotnick\u00e9ho syst\u00e9mu (Josef \u0160torek)<\/p>\n<p>4. Principy l\u00e9ka\u0159sk\u00e9 p\u00e9\u010de u radia\u010dn\u00edch hav\u00e1ri\u00ed (Meineke V.)<\/p>\n<p>5. Syst\u00e9m reakce na chemickou katastrofu v\u00a0Japonsku (Okumura T., Ninomiya N., Ohta M.)<\/p>\n<p>6. Roz\u0161\u00ed\u0159en\u00e1 neodkladn\u00e1 resuscitace \u2013 prvn\u00ed zku\u0161enosti s interponovanou abdomin\u00e1ln\u00ed kompres\u00ed p\u0159i zevn\u00ed mas\u00e1\u017ei srde\u010dn\u00ed (Milana Pokorn\u00e1)<\/p>\n<p>7. Praktick\u00fd pohled na z\u00e1va\u017en\u00e9 pot\u00e1p\u011b\u010dsk\u00e9 nehody (Ond\u0159ej Fran\u011bk, Pavel Urb\u00e1nek, \u0160t\u011bp\u00e1n Novotn\u00fd)<\/p>\n<p>8. Dvojn\u00e1sobn\u00e1 sou\u010dasn\u00e1 intoxikace nezn\u00e1mou drogou \u2013 kazuistika (Jana \u0160eblov\u00e1, Martin Sou\u010dek, Daniel Romportl)<\/p>\n<p>9. Vysoce nebezpe\u010dn\u00e9 n\u00e1kazy \u2013 \u0159e\u0161en\u00ed v Jiho\u010desk\u00e9m kraji (Jaroslav Gutvirth, Zden\u011bk Kafka, Jan Tu\u010dek)<\/p>\n<p>10. V\u00edme o sob\u011b? \u2013 Konference \u201ePsychosoci\u00e1ln\u00ed pomoc v situac\u00edch mimo\u0159\u00e1dn\u00fdch ud\u00e1lost\u00ed\u201c (Jana \u0160eblov\u00e1)<\/p>\n<p>11. Prof. S. William A. Gunn, MD, MS, Dsc (hon), FRCSC (Ji\u0159\u00ed Pokorn\u00fd)<\/p>\n<p>12. Kongres ERR, Budape\u0161\u0165, z\u00e1\u0159\u00ed 2004 (Ond\u0159ej Fran\u011bk, Milana Pokorn\u00e1)<\/p>\n<p>13. XI. Dost\u00e1lovy dny, Hradec nad Moravic\u00ed 13.-14. \u0159\u00edjna 2004 (Jana \u0160eblov\u00e1)<\/p>\n<p>14. 3. konference Pracovn\u00ed skupiny akutn\u00ed kardiologie \u010cesk\u00e9 kardiologick\u00e9 spole\u010dnosti<\/p>\n<h3>Obsah 4\/2004<\/h3>\n<p>1. \u00davodn\u00ed slovo (Jana \u0160eblov\u00e1)<\/p>\n<p>2. Krizov\u00e1 logistika \u2013 segment krizov\u00e9 p\u0159ipravenosti poskytovatele PNP (Josef \u0160torek)<\/p>\n<p>3. Pot\u0159ebn\u00e1 sou\u010dinnost slo\u017eek IZS p\u0159i hromadn\u00e9m posti\u017een\u00ed zdrav\u00ed (Pavel Urb\u00e1nek)<\/p>\n<p>4. \u0160v\u00e9dsk\u00fd syst\u00e9m vzd\u011bl\u00e1v\u00e1n\u00ed a v\u00fdcviku pro p\u0159ednemocni\u010dn\u00ed odezvu na teroristick\u00fd \u00fatok (Per E.J. Kulling, Jonas E.A. Holst)<\/p>\n<p>5. \u00dapal (Jaroslav Gutvirth)<\/p>\n<p>6. Supraventrikul\u00e1rn\u00ed tachykardie u d\u011bt\u00ed (Ji\u0159\u00ed Kobr)<\/p>\n<p>7. Hroz\u00ed n\u00e1m n\u00e1vrat tetanu? (Oto Mas\u00e1r, Katar\u00edna Galkov\u00e1, Elena Marti\u0161ov\u00e1, J\u00e1n Murga\u0161, Anna Veter\u00e1nyov\u00e1)<\/p>\n<p>8. Tentamen suicidii v\u00a0PNP (Ji\u0159\u00ed Franz)<\/p>\n<p>9. Alkohol a emergentn\u00ed medic\u00edna (Karel Ne\u0161por, Ji\u0159\u00ed Knor)<\/p>\n<p>10. Po\u017eiadavky na v\u00fdchovu z\u00e1chran\u00e1rov (J\u00e1n Murga\u0161, Katar\u00edna Galkov\u00e1, Oto Mas\u00e1r)<\/p>\n<p>11. Z\u00e1kladn\u00ed lidsk\u00e9 pr\u00e1vo na zdrav\u00ed (S.W.A. Gunn)<\/p>\n<p>12. Etick\u00e9 ot\u00e1zky v intenz\u00edvnej medic\u00edne v \u0161t\u00e1toch s menej v\u00fdkonnou ekonomikou (Oto Mas\u00e1r, Katar\u00edna Galkov\u00e1, J\u00e1n Murga\u0161)<\/p>\n<p>13. \u010cestn\u00fd doktor\u00e1t Karlovy Univerzity ud\u011blen kanadsk\u00e9mu profesorovi S.W.A. Gunnovi (Leo Klein)<\/p>\n<p>14. Zpr\u00e1va o 7. Asijsko-pacifick\u00e9 konferenci medic\u00edny katastrof a 10. \u010c\u00ednsk\u00e9m n\u00e1rodn\u00edm kongresu urgentn\u00ed medic\u00edny (Leo Klein)<\/p>\n<p>15. Leteck\u00e1 z\u00e1chrana \u2013 \u0161ance pro p\u0159e\u017eit\u00ed (Anatolij Truhl\u00e1\u0159)<\/p>\n","protected":false},"excerpt":{"rendered":"<p>Obsah 1\/2004 1. \u00davodn\u00ed slovo (Jana \u0160eblov\u00e1) 2. Zdravotnick\u00e1 z\u00e1chrann\u00e1 slu\u017eba a krizov\u00fd management (Josef \u0160torek) 3. Hromadn\u00fd v\u00fdskyt poran\u011bn\u00fdch po explozi (M. Stein, A. Hirshberg, T. Gerich) 4. Neodkladn\u00e1 resuscitace \u2013 metodick\u00fd pokyn odborn\u00e9 spole\u010dnosti urgentn\u00ed medic\u00edny a medic\u00edny<\/p>\n","protected":false},"author":1,"featured_media":0,"parent":47,"menu_order":11,"comment_status":"closed","ping_status":"closed","template":"","meta":{"footnotes":""},"class_list":["post-141","page","type-page","status-publish","hentry"],"_links":{"self":[{"href":"https:\/\/urgentnimedicina.cz\/index.php?rest_route=\/wp\/v2\/pages\/141","targetHints":{"allow":["GET"]}}],"collection":[{"href":"https:\/\/urgentnimedicina.cz\/index.php?rest_route=\/wp\/v2\/pages"}],"about":[{"href":"https:\/\/urgentnimedicina.cz\/index.php?rest_route=\/wp\/v2\/types\/page"}],"author":[{"embeddable":true,"href":"https:\/\/urgentnimedicina.cz\/index.php?rest_route=\/wp\/v2\/users\/1"}],"replies":[{"embeddable":true,"href":"https:\/\/urgentnimedicina.cz\/index.php?rest_route=%2Fwp%2Fv2%2Fcomments&post=141"}],"version-history":[{"count":0,"href":"https:\/\/urgentnimedicina.cz\/index.php?rest_route=\/wp\/v2\/pages\/141\/revisions"}],"up":[{"embeddable":true,"href":"https:\/\/urgentnimedicina.cz\/index.php?rest_route=\/wp\/v2\/pages\/47"}],"wp:attachment":[{"href":"https:\/\/urgentnimedicina.cz\/index.php?rest_route=%2Fwp%2Fv2%2Fmedia&parent=141"}],"curies":[{"name":"wp","href":"https:\/\/api.w.org\/{rel}","templated":true}]}}