{"id":155,"date":"2010-12-20T14:59:05","date_gmt":"2010-12-20T12:59:05","guid":{"rendered":"http:\/\/mediprax.cz\/um1\/?page_id=155"},"modified":"2010-12-29T09:50:16","modified_gmt":"2010-12-29T07:50:16","slug":"obsahy-2005","status":"publish","type":"page","link":"https:\/\/urgentnimedicina.cz\/?page_id=155","title":{"rendered":"Obsahy 2005"},"content":{"rendered":"<h3>Obsah 1\/2005<\/h3>\n<p>1. \u00davodn\u00ed slovo (Jana \u0160eblov\u00e1)<\/p>\n<p>2. Zdravotnictv\u00ed a N\u00e1rodn\u00ed bezpe\u010dnostn\u00ed syst\u00e9m \u2013 p\u0159ipravenost resortu \u010delit mimo\u0159\u00e1dn\u00fdm ud\u00e1lostem a krizov\u00fdm situac\u00edm, oblast dokumenta\u010dn\u00ed (Josef \u0160torek)<\/p>\n<p>3. 11. b\u0159ezen 2004: Teroristick\u00e9 bombov\u00e9 \u00fatoky v Madridu, \u0160pan\u011blsko \u2013 anal\u00fdza logistiky, typ\u016f poran\u011bn\u00ed a klinick\u00e9 p\u00e9\u010de o pacienty o\u0161et\u0159ovan\u00e9 v nejbli\u017e\u0161\u00ed nemocnici (Gutierrez de Ceballos JP et al.)<\/p>\n<p>4. Pro\u0161kolov\u00e1n\u00ed neprofesion\u00e1ln\u00edch z\u00e1chran\u00e1\u0159\u016f v neodkladn\u00e9 resuscitaci v\u010detn\u011b vyu\u017eit\u00ed automatizovan\u00fdch extern\u00edch defibril\u00e1tor\u016f v \u010cR \u2013 n\u00e1vrh projektu (Ji\u0159\u00ed Knor)<\/p>\n<p>5. Rychle a efektivn\u011b \u2013 zemsk\u00e1 centr\u00e1la t\u00eds\u0148ov\u00e9ho vol\u00e1n\u00ed v Ji\u017en\u00edch Tyrol\u00edch (Marek Slab\u00fd, Michaela Mikol\u00e1\u0161ov\u00e1)<\/p>\n<p>6. Sledov\u00e1n\u00ed \u00fasp\u011b\u0161nosti p\u0159ednemocni\u010dn\u00ed KPRC v Praze v roce 2004 (Ond\u0159ej Fran\u011bk)<\/p>\n<p>7. Alternativn\u00ed techniky p\u0159i KPR (Jaroslav Kratochv\u00edl)<\/p>\n<p>8. Prudk\u00e9 podr\u00e1\u017ed\u011bn\u00ed \u017ealudku a st\u0159ev (Ji\u0159\u00ed Franz)<\/p>\n<p>9. Z\u00e1t\u011b\u017e a stres pracovn\u00edk\u016f z\u00e1chrann\u00fdch slu\u017eeb \u2013 v\u00fdsledky prvn\u00ed \u010d\u00e1sti studie (Jana \u0160eblov\u00e1, Vladim\u00edr Kebza)<\/p>\n<p>10. P\u0159\u00edslu\u0161n\u00edci rodiny v t\u00eds\u0148ov\u00e9 situaci (Susane Wollersheim)<\/p>\n<p>11. Informovan\u00fd souhlas v podm\u00ednk\u00e1ch p\u0159ednemocni\u010dn\u00ed neodkladn\u00e9 p\u00e9\u010de (Marek Uhl\u00ed\u0159)<\/p>\n<p>12. Terorismus v\u00a0Tab\u011b (Krist\u00fdna H\u00f6schlov\u00e1)<\/p>\n<p>13. Kongres EuSEM, 10.-13. \u00fanora 2005, Leuven, Belgie (Jana \u0160eblov\u00e1)<\/p>\n<p>14. Pozn\u00e1mky k nov\u00e9 specializa\u010dn\u00ed n\u00e1plni urgentn\u00ed medic\u00edny (Ji\u0159\u00ed Knor)<\/p>\n<p>15. Mimo\u0159\u00e1dn\u00fd intern\u00ed semin\u00e1\u0159 \u201eMetodika v\u00fduky neodkladn\u00e9 resuscitace\u201c pro lektory katedry UMMK IPVZ (Jana \u0160eblov\u00e1, Ji\u0159\u00ed Knor)<\/p>\n<p>16. Nekrolog \u2013 MUDr. Edgar Sejf<\/p>\n<h3>Obsah 2\/2005<\/h3>\n<p>1. \u00davodn\u00ed slovo (Jana \u0160eblov\u00e1)<\/p>\n<p>2. Urgentn\u00ed p\u0159\u00edjmy na vzestupu (Otakar Buda)<\/p>\n<p>3. Struktura p\u0159\u00edchoz\u00edch vol\u00e1n\u00ed na t\u00eds\u0148ovou linku 155 v\u00a0Praze (Ond\u0159ej Fran\u011bk)<\/p>\n<p>4. Vznik Odd\u011blen\u00ed urgentn\u00edho p\u0159\u00edjmu ve FN Olomouc (Petr Hub\u00e1\u010dek)<\/p>\n<p>5. P\u0159evoz kriticky nemocn\u00e9ho novorozence (Martin S\u00e1dlo)<\/p>\n<p>6. Neodkladn\u00e1 terapie c\u00e9vn\u00ed mozkov\u00e9 p\u0159\u00edhody (Tomek A., \u0160r\u00e1mek M.)<\/p>\n<p>7. Spolupr\u00e1ce z\u00e1chrann\u00e9 slu\u017eby a neurologick\u00e9 jednotky intenzivn\u00ed p\u00e9\u010de v l\u00e9\u010db\u011b ischemick\u00fdch c\u00e9vn\u00edch mozkov\u00fdch p\u0159\u00edhod (\u0160onkov\u00e1 Z., \u0160eblov\u00e1 J., Kov\u00e1\u0159 M., Vondr\u00e1\u010dkov\u00e1 D., Kalina M.)<\/p>\n<p>8. C\u00e9vn\u00ed mozkov\u00e9 p\u0159\u00edhody na odd\u011blen\u00ed urgentn\u00edho p\u0159\u00edjmu \u2013 nov\u00e9 p\u0159\u00edstupy a trendy (Martin Dvo\u0159\u00e1k)<\/p>\n<p>9. Intoxikace kyanidem (Jakub Vala)<\/p>\n<p>10. Rul\u00edk zlomocn\u00fd a jeho atropin v\u00a0PNP (Ji\u0159\u00ed Franz)<\/p>\n<p>11. Syndrom vyho\u0159en\u00ed jako d\u016fsledek zanedb\u00e1v\u00e1n\u00ed p\u00e9\u010de o sebe u l\u00e9ka\u0159\u016f a zdravotn\u00edk\u016f (Alena Ve\u010de\u0159ov\u00e1-Proch\u00e1zkov\u00e1)<\/p>\n<p>12. Pacient s panickou poruchou v situaci akutn\u00edho kontaktu \u2013 n\u00e1vod na pou\u017eit\u00ed l\u00e9ka\u0159e (Alena Ve\u010de\u0159ov\u00e1-Proch\u00e1zkov\u00e1)<\/p>\n<p>13. S maj\u00e1ky nebo bez? (Tom Ill\u00e9s)<\/p>\n<p>14. Bienvenue \u00e1 Paris, Europe (Dana Hlav\u00e1\u010dkov\u00e1, Marek Uhl\u00ed\u0159)<\/p>\n<p>15. Exkurze student\u016f z\u00e1chran\u00e1\u0159\u016f na ZZS ve V\u00eddni (Jarmila Paukertov\u00e1)<\/p>\n<p>16. Konference \u201eUrgentn\u00ed medic\u00edna\u201c, 28.-29.4. 2005 P\u0159\u00edbram (\u010cestm\u00edr Kal\u00edk)<\/p>\n<p>17. III. Kongres p\u0159ednemocni\u010dn\u00ed p\u00e9\u010de, 12.5. 2005 Hradec Kr\u00e1lov\u00e9 (Ji\u0159\u00ed Ma\u0161ek)<\/p>\n<p>18. Rallye Rejv\u00edz 2005 (Jana \u0160eblov\u00e1)<\/p>\n<h3>Obsah 3\/2005<\/h3>\n<p>1. \u00davodn\u00ed slovo (Jana \u0160eblov\u00e1)<\/p>\n<p>2. Bomby pod Lond\u00fdnem (Stehen Hines, Alan Payne, Jon Edmondson, A.J. Heigman)<\/p>\n<p>3. Posl\u00e1n\u00ed a \u010dinnost Odd\u011blen\u00ed urgentn\u00edho p\u0159\u00edjmu (Petr Hub\u00e1\u010dek)<\/p>\n<p>4. Spolupr\u00e1ce slo\u017eek IZS p\u0159i vyu\u017eit\u00ed lanov\u00fdch technik na vrtuln\u00edku Leteck\u00e9 z\u00e1chrann\u00e9 slu\u017eby Hradec Kr\u00e1lov\u00e9 (Anatolij Truhl\u00e1\u0159, Ivo Nov\u00e1k, J\u00ed\u0159\u00ed Ma\u0161ek)<\/p>\n<p>5. Reference o srde\u010dn\u00ed z\u00e1stav\u011b a v\u00fdsledc\u00edch kardiopulmun\u00e1rn\u00ed resuscitace: aktualizace a zjednodu\u0161en\u00ed utsteinsk\u00fdch vzor\u016f pro resuscita\u010dn\u00ed registry (Hana Mastn\u00e1, Jose Dizon)<\/p>\n<p>6. Tromboembolick\u00e1 nemoc v\u00a0gravidit\u011b (Michaela Wichov\u00e1, Ji\u0159\u00ed Danda)<\/p>\n<p>7. Neposkytnut\u00ed pomoci a prom\u011bna tohoto specifick\u00e9ho trestn\u00e9ho \u010dinu v uplynul\u00e9m p\u016flstolet\u00ed (Marek Uhl\u00ed\u0159)<\/p>\n<p>8. Bystander fenom\u00e9n (Ji\u0159\u00ed Franz, Linda Bu\u0159i\u010dov\u00e1)<\/p>\n<p>9. Urgentn\u00ed p\u0159\u00edjem americk\u00e9 arm\u00e1dy v\u00a0Landstuhl (Ji\u0159\u00ed Pokorn\u00fd)<\/p>\n<p>10. Recenze: Ji\u0159\u00ed Pokorn\u00fd et al. \u2013 Urgentn\u00ed medic\u00edna (Jaroslav Po\u010dta)<\/p>\n<p>11. Informace o 25. jubilejn\u00edm kongresu N\u011bmeck\u00e9 spole\u010dnosti medic\u00edny katastrof \u201eKritick\u00e9 infrastruktury\u201c (Berl\u00edn 28.-29.5. 2005) (Vlasta Neklapilov\u00e1)<\/p>\n<p>12. XII. Dost\u00e1lovy dny, Hradec nad Moravic\u00ed, 11.-13. \u0159\u00edjna 2005 (Jana \u0160eblov\u00e1)<\/p>\n<p>13. Informace o konferenci v Sen\u00e1tu 26.9. 2005 (Jana \u0160eblov\u00e1)<\/p>\n<p>14. Nekrolog \u2013 MUDr. Jan \u0160t\u011bch (Ji\u0159\u00ed Knor)<\/p>\n<h3>Obsah 4\/2005<\/h3>\n<p>1. \u00davodn\u00ed slovo (Jana \u0160eblov\u00e1)<\/p>\n<p>2. Z\u00e1chrann\u00e1 zdravotn\u00e1 slu\u017eba na Slovensku vo svetle reformy zdravotn\u00edctva (Viliam Dobi\u00e1\u0161, Boris Mo\u0165ocsk\u00fd)<\/p>\n<p>3. \u010cinnost ZZS HMP \u2013 \u00daSZS p\u0159i cvi\u010den\u00ed PODZIM 2005 (Renata Hokovsk\u00e1, Zden\u011bk )Schwarz, Milana Pokorn\u00e1, Alan Ryba<\/p>\n<p>4. Cvi\u010den\u00ed PODZIM 2005 \u2013 Kralupy nad Vltavou (Jana \u0160eblov\u00e1, Dana Hlav\u00e1\u010dov\u00e1, Marek Uhl\u00ed\u0159, Jose Dizon)<\/p>\n<p>5. Kde a kdo bude vychov\u00e1vat l\u00e9ka\u0159e oboru UM a MK? (Milana Pokorn\u00e1, Zden\u011bk Schwarz, Jaroslav Val\u00e1\u0161ek)<\/p>\n<p>6. Vzd\u011bl\u00e1v\u00e1n\u00ed v urgentn\u00ed medic\u00edn\u011b (Otakar Buda)<\/p>\n<p>7. Postup l\u00e9ka\u0159e p\u0159i \u00famrt\u00ed mimo zdravotnick\u00e9 za\u0159\u00edzen\u00ed a n\u00e1sledn\u00e1 sou\u010dinnost s org\u00e1ny Policie \u010cR (Igor Dvo\u0159\u00e1\u010dek)<\/p>\n<p>8. Metody \u201eDamage Control\u201c u polytraumat (Leopold Pleva, Milan \u0160t\u00edr, Ivo Klus)<\/p>\n<p>9. Trauma a \u010das \u2013 \u010das a trauma (Pavel Urb\u00e1nek)<\/p>\n<p>10. Co je nov\u00e9ho v doporu\u010den\u00edch pro neodkladnou resuscitaci 2005 (Ond\u0159ej Fran\u011bk)<\/p>\n<p>11. Telefonicky asistovan\u00e1 neodkladn\u00e1 resuscitace zvy\u0161uje nad\u011bji na p\u0159e\u017eit\u00ed pacient\u016f s p\u0159ednemocni\u010dn\u00ed NZO (vyhodnocen\u00ed v\u00fdsledk\u016f prvn\u00ed f\u00e1ze studie DIRECT) (Ond\u0159ej Fran\u011bk)<\/p>\n<p>12. Kompartment syndrom v podm\u00ednk\u00e1ch PNP (Ji\u0159\u00ed Franz)<\/p>\n<p>13. Peter Safar \u2013 \u010destn\u00fd doktor\u00e1t Univerzity Karlovy in memoriam a ILCOR \u2013 CPR Guidelines 2005 (Jarmila Dr\u00e1bkov\u00e1)<\/p>\n<p>14. Zdravotnick\u00e1 z\u00e1chrann\u00e1 slu\u017eba v\u00a0Japonsku (Muneo Ohta)<\/p>\n<p>15. Skotsk\u00e1 zdravotnick\u00e1 z\u00e1chrann\u00e1 a dopravn\u00ed slu\u017eba (Ji\u0159\u00ed Pokorn\u00fd)<\/p>\n<p>16. Meka Brno<\/p>\n<p>17. Kurz IPVZ \u201ePr\u00e1ce odd\u011blen\u00ed urgentn\u00edho p\u0159\u00edjmu nemocnice\u201c<\/p>\n<p>18. Obsah ro\u010dn\u00edku 2005 (Jana \u0160eblov\u00e1)<\/p>\n","protected":false},"excerpt":{"rendered":"<p>Obsah 1\/2005 1. \u00davodn\u00ed slovo (Jana \u0160eblov\u00e1) 2. Zdravotnictv\u00ed a N\u00e1rodn\u00ed bezpe\u010dnostn\u00ed syst\u00e9m \u2013 p\u0159ipravenost resortu \u010delit mimo\u0159\u00e1dn\u00fdm ud\u00e1lostem a krizov\u00fdm situac\u00edm, oblast dokumenta\u010dn\u00ed (Josef \u0160torek) 3. 11. b\u0159ezen 2004: Teroristick\u00e9 bombov\u00e9 \u00fatoky v Madridu, \u0160pan\u011blsko \u2013 anal\u00fdza logistiky, typ\u016f<\/p>\n","protected":false},"author":1,"featured_media":0,"parent":47,"menu_order":10,"comment_status":"closed","ping_status":"closed","template":"","meta":{"footnotes":""},"class_list":["post-155","page","type-page","status-publish","hentry"],"_links":{"self":[{"href":"https:\/\/urgentnimedicina.cz\/index.php?rest_route=\/wp\/v2\/pages\/155","targetHints":{"allow":["GET"]}}],"collection":[{"href":"https:\/\/urgentnimedicina.cz\/index.php?rest_route=\/wp\/v2\/pages"}],"about":[{"href":"https:\/\/urgentnimedicina.cz\/index.php?rest_route=\/wp\/v2\/types\/page"}],"author":[{"embeddable":true,"href":"https:\/\/urgentnimedicina.cz\/index.php?rest_route=\/wp\/v2\/users\/1"}],"replies":[{"embeddable":true,"href":"https:\/\/urgentnimedicina.cz\/index.php?rest_route=%2Fwp%2Fv2%2Fcomments&post=155"}],"version-history":[{"count":0,"href":"https:\/\/urgentnimedicina.cz\/index.php?rest_route=\/wp\/v2\/pages\/155\/revisions"}],"up":[{"embeddable":true,"href":"https:\/\/urgentnimedicina.cz\/index.php?rest_route=\/wp\/v2\/pages\/47"}],"wp:attachment":[{"href":"https:\/\/urgentnimedicina.cz\/index.php?rest_route=%2Fwp%2Fv2%2Fmedia&parent=155"}],"curies":[{"name":"wp","href":"https:\/\/api.w.org\/{rel}","templated":true}]}}