{"id":166,"date":"2010-12-20T15:42:11","date_gmt":"2010-12-20T13:42:11","guid":{"rendered":"http:\/\/mediprax.cz\/um1\/?page_id=166"},"modified":"2010-12-29T09:50:16","modified_gmt":"2010-12-29T07:50:16","slug":"obsahy-2006","status":"publish","type":"page","link":"https:\/\/urgentnimedicina.cz\/?page_id=166","title":{"rendered":"Obsahy 2006"},"content":{"rendered":"<h3>Obsah 1\/2006<\/h3>\n<p>1. \u00davodn\u00ed slovo (Jana \u0160eblov\u00e1)<\/p>\n<p>2. Fenom\u00e9n NBC, respektive CBRNE (Josef \u0160torek)<\/p>\n<p>3. Logistick\u00e9 zabezpe\u010den\u00ed zdravotnick\u00fdch z\u00e1chran\u00e1\u0159\u016f p\u0159i likvidaci n\u00e1sledk\u016f mimo\u0159\u00e1dn\u00fdch ud\u00e1lost\u00ed (Irena Pracha\u0159ov\u00e1, Ji\u0159\u00ed Pudil)<\/p>\n<p>4. Spojen\u00ed Integrovan\u00e9ho z\u00e1chrann\u00e9ho syst\u00e9mu (IZS) p\u0159i mimo\u0159\u00e1dn\u00fdch ud\u00e1lostech (Jaroslav Val\u00e1\u0161ek, Ond\u0159ej Fran\u011bk, Simona Cig\u00e1nkov\u00e1)<\/p>\n<p>5. V\u00fdchova odborn\u00edk\u016f je n\u00e1kladn\u00e1 z\u00e1le\u017eitost \u2013 kdo, komu a kdy poskytne zdravotnick\u00fdm z\u00e1chrann\u00fdm slu\u017eb\u00e1m a urgentn\u00edm p\u0159\u00edjm\u016fm finan\u010dn\u00ed prost\u0159edky pro v\u00fdchovu l\u00e9ka\u0159\u016f v oboru UM a MK? (Milana Pokorn\u00e1, Zden\u011bk Schwarz, Josef Vos\u00e1tka, Ji\u0159\u00ed Kubec, Petr Zaj\u00ed\u010dek, Jaroslav Val\u00e1\u0161ek)<\/p>\n<p>6. Z\u00e1chrana zran\u011bn\u00e9ho d\u00edt\u011bte v podv\u011bsu vrtuln\u00edku (Anatolij Truhl\u00e1\u0159, Martin Honz\u00edk, David Tu\u010dek)<\/p>\n<p>7. Ventilace b\u011bhem KPR: p\u0159\u00edstrojov\u00e1, asynchronn\u00ed. Vliv r\u016fzn\u00fdch technik n\u00e1hrady ob\u011bhu na minutovou ventilaci (Milana Pokorn\u00e1, Michal Andrl\u00edk, Jaroslav Kratochv\u00edl, Roman Sk\u0159ipsk\u00fd)<\/p>\n<p>8. Identifikace hroz\u00edc\u00ed NZO dispe\u010derem ZOS (Ond\u0159ej Fran\u011bk)<\/p>\n<p>9. V\u00fdsledky p\u0159ednemocni\u010dn\u00ed KPCR v Praze v roce 2005 (Ond\u0159ej Fran\u011bk)<\/p>\n<p>10. Alkoholick\u00e1 deliria (Ji\u0159\u00ed Franz)<\/p>\n<p>11. Akutn\u00ed stavy v\u00a0dermatologii (Michaela Wichov\u00e1, Hana Komrskov\u00e1)<\/p>\n<p>12. Konference Medic\u00edna katastrof Brno 2006 (Vlasta Neklapilov\u00e1)<\/p>\n<p>13. Zdravotnick\u00e1 z\u00e1chrann\u00e1 slu\u017eba v\u00a0Izraeli (Ji\u0159\u00ed Havlovic)<\/p>\n<h3>Obsah 2\/2006<\/h3>\n<p>1. \u00davodn\u00ed slovo (Jana \u0160eblov\u00e1)<\/p>\n<p>2. P\u0159ipravenost resortu zdravotnictv\u00ed a syst\u00e9mov\u00fd p\u0159\u00edstup k priorit\u00e1m bezpe\u010dnostn\u00ed politiky ve zdravotnictv\u00ed (Dana Hlav\u00e1\u010dkov\u00e1)<\/p>\n<p>3. Projekt \u0159\u00edzen\u00ed kvality p\u0159ednemocni\u010dn\u00ed neodkladn\u00e9 p\u00e9\u010de \u00dazemn\u00edho st\u0159ediska z\u00e1chrann\u00e9 slu\u017eby Zl\u00ednsk\u00e9ho kraje (Ji\u0159\u00ed Pudil)<\/p>\n<p>4. N\u00e1v\u0161t\u011bva z\u00e1chrann\u00e9 slu\u017eby Montre\u00e1l (Renata Hokovsk\u00e1)<\/p>\n<p>5. Zku\u0161enosti z Velk\u00e9 Brit\u00e1nie (Jan Bradna)<\/p>\n<p>6. Telefonicky asistovan\u00e1 resuscitace dispe\u010derem zvy\u0161uje nad\u011bji na dlouhodob\u00e9 kvalitn\u00ed p\u0159e\u017eit\u00ed u netraumatick\u00e9 p\u0159ednemocni\u010dn\u00ed z\u00e1stavy ob\u011bhu (kone\u010dn\u00e9 v\u00fdsledky studie DIRECT) (Ond\u0159ej Fran\u011bk)<\/p>\n<p>7. Hodnocen\u00ed zdravotnick\u00fdch pr\u016fvodek (Miroslav Proch\u00e1zka, Ji\u0159\u00ed Ma\u0161ek, Karel Anto\u0161, Tom\u00e1\u0161 D\u011bdek, Zuzana Klicperov\u00e1)<\/p>\n<p>8. Mo\u017enosti psychosoci\u00e1ln\u00ed pomoci v urgentn\u00ed f\u00e1zi mimo\u0159\u00e1dn\u00e9 ud\u00e1losti s velk\u00fdm po\u010dtem ob\u011bt\u00ed (\u0160t\u011bp\u00e1n Vym\u011btal, Jana Mal\u00edkov\u00e1)<\/p>\n<p>9. Pot\u0159eba kontinu\u00e1ln\u00edho vzd\u011bl\u00e1v\u00e1n\u00ed v oboru z pohledu studenta v\u0161eobecn\u00e9ho l\u00e9ka\u0159stv\u00ed (Robin \u0160\u00edn)<\/p>\n<p>10. Arnold Jir\u00e1sek \u2013 nekon\u010d\u00edc\u00ed recenze (Ji\u0159\u00ed Franz)<\/p>\n<p>11. Nov\u00e1 architektura a strategie pro neodkladn\u00e9 stavy (Jana \u0160eblov\u00e1, Ond\u0159ej Fran\u011bk, Renata Hokovsk\u00e1, Marek Uhl\u00ed\u0159)<\/p>\n<p>12. Rallye Rejv\u00edz 2006 (Ji\u0159\u00ed Danda)<\/p>\n<h3>Obsah 3\/2006<\/h3>\n<p>1. \u00davodn\u00ed slovo (Jana \u0160eblov\u00e1)<\/p>\n<p>2. Od Bible k Safarovi (Historie resuscitace) (Juljo Has\u00edk)<\/p>\n<p>3. Traumatologick\u00e9 pl\u00e1nov\u00e1n\u00ed na urgentn\u00edm p\u0159\u00edjmu velk\u00e9 nemocnice (Martin Dvo\u0159\u00e1k)<\/p>\n<p>4. Cvi\u010den\u00ed IZS JMK 2005 \u2013 zdravotnick\u00e1 \u010d\u00e1st z\u00e1sahu (postup ZZS) (Pavel Urb\u00e1nek)<\/p>\n<p>5. Skupina Rychl\u00e9 l\u00e9ka\u0159sk\u00e9 pomoci v Lond\u00fdn\u011b: zvrat v \u201eparamedick\u00e9m\u201c syst\u00e9mu? (Marek Uhl\u00ed\u0159)<\/p>\n<p>6. Z\u00e1va\u017en\u00e9 pediatrick\u00e9 trauma \u2013 pozn\u00e1mky z\u00a0praxe (Ji\u0159\u00ed Knor)<\/p>\n<p>7. Otrava Ecstasy a Eve. Minireview a kazuistika (Jaroslav Gutvirth)<\/p>\n<p>8. Kardiopumpa (Ji\u0159\u00ed Knor)<\/p>\n<p>9. Israeli EMS Championship 2006 12.-14.6.2006 (Daniel Kvapil, Luk\u00e1\u0161 Kettner, Ond\u0159ej Kot\u00edk, Marek Homolka)<\/p>\n<p>10. Urgences 2006 (Milo\u0161 Kr\u00e1l\u00ed\u010dek)<\/p>\n<p>11. N\u00e1rodn\u00ed kongres Dopravn\u00ed \u00farazy Brno 2006 (Vlasta Neklapilov\u00e1)<\/p>\n<p>12. Prohl\u00e1\u0161en\u00ed WADEM 20.5.2005<\/p>\n<h3>Obsah 4\/2006<\/h3>\n<p>1. \u00davodn\u00ed slovo (Jana \u0160eblov\u00e1)<\/p>\n<p>2. Koncepce Modulu hromadn\u00e9ho ne\u0161t\u011bst\u00ed ZZS HMP \u2013 \u00daSZS (Renata Hokovsk\u00e1, Jaroslav Val\u00e1\u0161ek, Zden\u011bk Schwarz)<\/p>\n<p>3. Zdravotnick\u00fd kontejner na pra\u017esk\u00e9m leti\u0161ti (Ilja Chocholou\u0161, Michal Aur)<\/p>\n<p>4. Hodnocen\u00ed efektivity pr\u00e1ce v managementu pacient\u016f s kardiovaskul\u00e1rn\u00ed problematikou na odd\u011blen\u00ed urgentn\u00edho p\u0159\u00edjmu (Katar\u00edna Hud\u00e1\u010dov\u00e1)<\/p>\n<p>5. Elektrokardiografick\u00e1 manifestace n\u011bkter\u00fdch m\u00e9n\u011b \u010dast\u00fdch kardi\u00e1ln\u00edch a nekardi\u00e1ln\u00edch onemocn\u011bn\u00ed (Patrick Janicadis, Jaroslav Kratochv\u00edl, Ji\u0159\u00ed Koskuba, Ji\u0159\u00ed Zika)<\/p>\n<p>6. Ne zcela b\u011b\u017en\u00e9 p\u0159\u00ed\u010diny arytmi\u00ed v p\u0159ednemocni\u010dn\u00ed p\u00e9\u010di \u2013 kazuistiky (Jana \u0160eblov\u00e1)<\/p>\n<p>7. N\u00e1hl\u00e9 \u00famrt\u00ed kojence (Margita Smatanov\u00e1, Igor Dvo\u0159\u00e1\u010dek, Jana Dvo\u0159\u00e1\u010dkov\u00e1)<\/p>\n<p>8. D\u00e9collement (Ji\u0159\u00ed Franz)<\/p>\n<p>9. Psychosoci\u00e1ln\u00ed pomoc v situac\u00edch mimo\u0159\u00e1dn\u00fdch ud\u00e1lost\u00ed: sou\u010dasn\u00fd stav v \u010cesk\u00e9 republice (\u0160t\u011bp\u00e1n Vym\u011btal)<\/p>\n<p>10. Z\u00e1chran\u00e1\u0159i \u2013 Rokytnice 2006 (Jarmila Paukertov\u00e1)<\/p>\n<p>11. Evropsk\u00e9 vize pro urgentn\u00ed medic\u00ednu \u2013 4.evropsk\u00fd kongres EuSEM, Kr\u00e9ta 5.-8.\u0159\u00edjna 2006 (Jana \u0160eblov\u00e1, Roman Grego\u0159, Karel Anto\u0161)<\/p>\n<p>12. XIII. Dost\u00e1lovy dny \u2013 Hradec nad Moravic\u00ed, 8.-9.11.2006 (Jana \u0160eblov\u00e1)<\/p>\n","protected":false},"excerpt":{"rendered":"<p>Obsah 1\/2006 1. \u00davodn\u00ed slovo (Jana \u0160eblov\u00e1) 2. Fenom\u00e9n NBC, respektive CBRNE (Josef \u0160torek) 3. Logistick\u00e9 zabezpe\u010den\u00ed zdravotnick\u00fdch z\u00e1chran\u00e1\u0159\u016f p\u0159i likvidaci n\u00e1sledk\u016f mimo\u0159\u00e1dn\u00fdch ud\u00e1lost\u00ed (Irena Pracha\u0159ov\u00e1, Ji\u0159\u00ed Pudil) 4. Spojen\u00ed Integrovan\u00e9ho z\u00e1chrann\u00e9ho syst\u00e9mu (IZS) p\u0159i mimo\u0159\u00e1dn\u00fdch ud\u00e1lostech (Jaroslav Val\u00e1\u0161ek, Ond\u0159ej<\/p>\n","protected":false},"author":1,"featured_media":0,"parent":47,"menu_order":9,"comment_status":"closed","ping_status":"closed","template":"","meta":{"footnotes":""},"class_list":["post-166","page","type-page","status-publish","hentry"],"_links":{"self":[{"href":"https:\/\/urgentnimedicina.cz\/index.php?rest_route=\/wp\/v2\/pages\/166","targetHints":{"allow":["GET"]}}],"collection":[{"href":"https:\/\/urgentnimedicina.cz\/index.php?rest_route=\/wp\/v2\/pages"}],"about":[{"href":"https:\/\/urgentnimedicina.cz\/index.php?rest_route=\/wp\/v2\/types\/page"}],"author":[{"embeddable":true,"href":"https:\/\/urgentnimedicina.cz\/index.php?rest_route=\/wp\/v2\/users\/1"}],"replies":[{"embeddable":true,"href":"https:\/\/urgentnimedicina.cz\/index.php?rest_route=%2Fwp%2Fv2%2Fcomments&post=166"}],"version-history":[{"count":0,"href":"https:\/\/urgentnimedicina.cz\/index.php?rest_route=\/wp\/v2\/pages\/166\/revisions"}],"up":[{"embeddable":true,"href":"https:\/\/urgentnimedicina.cz\/index.php?rest_route=\/wp\/v2\/pages\/47"}],"wp:attachment":[{"href":"https:\/\/urgentnimedicina.cz\/index.php?rest_route=%2Fwp%2Fv2%2Fmedia&parent=166"}],"curies":[{"name":"wp","href":"https:\/\/api.w.org\/{rel}","templated":true}]}}