{"id":2,"date":"2010-10-22T14:50:32","date_gmt":"2010-10-22T12:50:32","guid":{"rendered":"http:\/\/mediprax.cz\/um1\/?page_id=2"},"modified":"2026-02-16T16:23:12","modified_gmt":"2026-02-16T14:23:12","slug":"neco-o-me","status":"publish","type":"page","link":"https:\/\/urgentnimedicina.cz\/","title":{"rendered":"O \u010dasopisu"},"content":{"rendered":"\n<figure class=\"wp-block-image size-large\"><img loading=\"lazy\" decoding=\"async\" width=\"1024\" height=\"104\" src=\"http:\/\/urgentnimedicina.cz\/wp-content\/uploads\/UM-loga-e1583830849182-1024x104.jpg\" alt=\"\" class=\"wp-image-960\" srcset=\"https:\/\/urgentnimedicina.cz\/wp-content\/uploads\/UM-loga-e1583830849182-1024x104.jpg 1024w, https:\/\/urgentnimedicina.cz\/wp-content\/uploads\/UM-loga-e1583830849182-300x31.jpg 300w, https:\/\/urgentnimedicina.cz\/wp-content\/uploads\/UM-loga-e1583830849182-768x78.jpg 768w, https:\/\/urgentnimedicina.cz\/wp-content\/uploads\/UM-loga-e1583830849182-1536x157.jpg 1536w, https:\/\/urgentnimedicina.cz\/wp-content\/uploads\/UM-loga-e1583830849182.jpg 1776w\" sizes=\"auto, (max-width: 1024px) 100vw, 1024px\" \/><\/figure>\n\n\n<h3><a href=\"?p=1368\">Ozn\u00e1men\u00ed o ukon\u010den\u00ed vyd\u00e1v\u00e1n\u00ed \u010dasopisu<\/a><\/h3>\n<p><strong>Urgentn\u00ed medic\u00edna, \u010dasopis pro neodkladnou l\u00e9ka\u0159skou p\u00e9\u010di<\/strong>, je odborn\u00e9 periodikum pro l\u00e9ka\u0159e a ostatn\u00ed zdravotn\u00edky v\u00a0oboru urgentn\u00ed medic\u00edny a p\u0159\u00edbuzn\u00fdch klinick\u00fdch obor\u016f. V\u00a0\u010dasopise jsou publikov\u00e1ny p\u016fvodn\u00ed p\u0159\u00edsp\u011bvky ze v\u0161ech oblast\u00ed neodkladn\u00e9 p\u00e9\u010de: organizace, medic\u00edna katastrof, vzd\u011bl\u00e1v\u00e1n\u00ed, klinick\u00e1 t\u00e9mata v\u0161ech obor\u016f, psychologie, etika, pr\u00e1vn\u00ed aspekty poskytov\u00e1n\u00ed neodkladn\u00e9 p\u00e9\u010de. P\u0159ij\u00edm\u00e1me p\u0159ehledov\u00e9 stat\u011b, p\u016fvodn\u00ed studie i kazuistiky. \u010casopis m\u00e1 t\u00e9\u017e informa\u010dn\u00ed rubriku a prostor pro diskuze a polemick\u00e9 n\u00e1zory.\u00a0 Od roku 2011 je sou\u010d\u00e1st\u00ed \u010dasopisu Zpravodaj \u010cesk\u00e9 resuscita\u010dn\u00ed rady.<\/p>\n<p>\u010casopis <strong>Urgentn\u00ed medic\u00edna<\/strong> <strong>je vyd\u00e1v\u00e1n od roku 1998<\/strong>, periodicita je <strong>\u010dty\u0159ikr\u00e1t ro\u010dn\u011b<\/strong>, ISSN 1212-1924, eviden\u010dn\u00ed \u010d\u00edslo registrace MK \u010cR dle z\u00e1kona\u00a0 46\/200 Sb.: MK \u010cR 7977.<\/p>\n<p><strong>Urgentn\u00ed medic\u00edna je v\u00a0Seznamu recenzovan\u00fdch neimpaktovan\u00fdch periodik Rady pro v\u00fdzkum a v\u00fdvoj \u010cR.<\/strong><\/p>\n<p><strong>\u010casopis je excerpov\u00e1n v\u00a0Bibliographia medica \u010dechoslovaca.<\/strong><\/p>\n<h5>Rubriky a redakto\u0159i<\/h5>\n<ul>\n<li>Urgentn\u00ed p\u0159\u00edjmy \/ Emergency departments \u2013 Jarom\u00edr Ko\u010d\u00ed<\/li>\n<li>P\u0159ednemocni\u010dn\u00ed neodkladn\u00e1 p\u00e9\u010de \/ Prehospital emergency care \u2013 Roman \u0160kulec<\/li>\n<li>Medic\u00edna katastrof \/ Disaster medicine \u2013 Robin \u0160\u00edn<\/li>\n<li>Organizace a \u0159\u00edzen\u00ed syst\u00e9m\u016f \/ Systems\u00b4 organization and management \u2013 Robin \u0160\u00edn<\/li>\n<li>Opera\u010dn\u00ed \u0159\u00edzen\u00ed \/ Medical dispatch \u2013 Ond\u0159ej Fran\u011bk<\/li>\n<li>Pediatrie v urgentn\u00ed medic\u00edn\u011b \/ Paediatrics in emergency medicine \u2013 Pavel Heinige<\/li>\n<li>Diagnostick\u00e9 metody \/ Diagnostic methods \u2013 Roman \u0160kulec<\/li>\n<li>P\u0159\u00edstroje a technika \/ Medical devices \u2013 Patrik Cmorej<\/li>\n<li>Fyziologie a urgentn\u00ed medic\u00edna \/ Physiology and emergency medicine \u2013 David Astapenko<\/li>\n<li>Doporu\u010den\u00e9 postupy \/ Guidelines \u2013 Ond\u0159ej Fran\u011bk<\/li>\n<li>Vzd\u011bl\u00e1v\u00e1n\u00ed a atesta\u010dn\u00ed ot\u00e1zky \/ Education \u2013 Jana Kubalov\u00e1<\/li>\n<li>Etika, psychologie, pr\u00e1vo \/ Ethics, psychology, law \u2013 Jana \u0160eblov\u00e1<\/li>\n<li>Zpravodaj \u010cesk\u00e9 resuscita\u010dn\u00ed rady \/ Czech Resuscitation Council newsletter \u2013 Anatolij Truhl\u00e1\u0159<\/li>\n<li>Diskuze, polemika, n\u00e1zory \/ Discussion, opinion \u2013 Jana \u0160eblov\u00e1<\/li>\n<li>Informa\u010dn\u00ed servis \/ Information \u2013 Jana \u0160eblov\u00e1<\/li>\n<\/ul>\n<h5>Vydavatel<\/h5>\n<ul>\n<li>MEDIPRAX CB s.r.o.<\/li>\n<\/ul>\n<h5>Vedouc\u00ed redaktorka<\/h5>\n<ul>\n<li>Jana \u0160eblov\u00e1, Praha<\/li>\n<\/ul>\n<h5>Odpov\u011bdn\u00fd redaktor<\/h5>\n<ul>\n<li>Jan Mach, \u010cesk\u00e9 Bud\u011bjovice<\/li>\n<\/ul>\n<h5>Korektury<\/h5>\n<ul>\n<li>Nina Wan\u010dov\u00e1, Praha<\/li>\n<\/ul>\n<h5>\u010cesk\u00e1 redak\u010dn\u00ed rada<\/h5>\n<ul>\n<li>Jan Bradna, Kamenice<\/li>\n<li>Roman G\u0159ego\u0159, Ostrava<\/li>\n<li>Dana Hlav\u00e1\u010dkov\u00e1, Praha<\/li>\n<li>Stanislav Jelen, Ostrava<\/li>\n<li>Jaroslav Kratochv\u00edl, \u010cesk\u00e9 Bud\u011bjovice<\/li>\n<li>Vladislav Kut\u011bj, Olomouc<\/li>\n<\/ul>\n<h5>Mezin\u00e1rodn\u00ed redak\u010dn\u00ed rada<\/h5>\n<ul>\n<li>Philip D. Anderson, USA<\/li>\n<li>Abdel Bellou, Francie<\/li>\n<li>Maaret Castr\u00e9n, Finsko<\/li>\n<li>Barbara Hogan, N\u011bmecko<\/li>\n<li>Oto Mas\u00e1r, Slovensko<\/li>\n<li>Francis Mencl, USA<\/li>\n<li>Agnes Meulemans, Belgie<\/li>\n<li>Roberta Petrino, It\u00e1lie<\/li>\n<li>Christoph Redelsteiner, Rakousko<\/li>\n<li>Marc Sabbe, Belgie<\/li>\n<li>\u0160tefan Trenkler, Slovensko<\/li>\n<\/ul>\n<h5>Extern\u00ed recenzenti<\/h5>\n<ul>\n<li>Jana Berkov\u00e1, Hradec Kr\u00e1lov\u00e9<\/li>\n<li>T\u00e1\u0148a Bul\u00edkov\u00e1, Bratislava<\/li>\n<li>Blanka \u010cepick\u00e1, Praha<\/li>\n<li>Ji\u0159\u00ed Danda, Praha<\/li>\n<li>Viliam Dobi\u00e1\u0161, Bratislava<\/li>\n<li>Jan Havl\u00edk, Kostelec nad Labem<\/li>\n<li>Petr Hub\u00e1\u010dek, Olomouc<\/li>\n<li>Luk\u00e1\u0161 Humpl, Opava<\/li>\n<li>Josef Kara\u0161, Ko\u0161ice<\/li>\n<li>Leo Klein, Hradec Kr\u00e1lov\u00e9<\/li>\n<li>Ji\u0159\u00ed Knor, Praha<\/li>\n<li>Milana Pokorn\u00e1, Praha<\/li>\n<li>Pavel Urb\u00e1nek, Brno<\/li>\n<li>Ji\u0159\u00ed Zika, Praha<\/li>\n<\/ul>\n<p><em>\u010clenov\u00e9 redak\u010dn\u00ed rady \u010dasopisu, mezin\u00e1rodn\u00ed redak\u010dn\u00ed rady ani extern\u00ed recenzenti nejsou v\u00a0zam\u011bstnaneck\u00e9m pom\u011bru u vydavatele.<\/em><\/p>\n<h5>Sazba a tisk<\/h5>\n<ul>\n<li>Jon\u00e1\u0161 Koci\u00e1n, jonas(a)jungletown.cz<\/li>\n<\/ul>\n\n\n<hr class=\"wp-block-separator has-css-opacity\"\/>\n\n\n\n<figure class=\"wp-block-image aligncenter\"><a href=\"http:\/\/www.toplist.cz\/\"><img decoding=\"async\" src=\"http:\/\/toplist.cz\/count.asp?id=1220328&amp;logo=mc&amp;start=2232\" alt=\"TOPlist\"\/><\/a><\/figure>\n","protected":false},"excerpt":{"rendered":"<p>Ozn\u00e1men\u00ed o ukon\u010den\u00ed vyd\u00e1v\u00e1n\u00ed \u010dasopisu Urgentn\u00ed medic\u00edna, \u010dasopis pro neodkladnou l\u00e9ka\u0159skou p\u00e9\u010di, je odborn\u00e9 periodikum pro l\u00e9ka\u0159e a ostatn\u00ed zdravotn\u00edky v\u00a0oboru urgentn\u00ed medic\u00edny a p\u0159\u00edbuzn\u00fdch klinick\u00fdch obor\u016f. V\u00a0\u010dasopise jsou publikov\u00e1ny p\u016fvodn\u00ed p\u0159\u00edsp\u011bvky ze v\u0161ech oblast\u00ed neodkladn\u00e9 p\u00e9\u010de: organizace, medic\u00edna katastrof,<\/p>\n","protected":false},"author":1,"featured_media":0,"parent":0,"menu_order":1,"comment_status":"closed","ping_status":"closed","template":"","meta":{"footnotes":""},"class_list":["post-2","page","type-page","status-publish","hentry"],"_links":{"self":[{"href":"https:\/\/urgentnimedicina.cz\/index.php?rest_route=\/wp\/v2\/pages\/2","targetHints":{"allow":["GET"]}}],"collection":[{"href":"https:\/\/urgentnimedicina.cz\/index.php?rest_route=\/wp\/v2\/pages"}],"about":[{"href":"https:\/\/urgentnimedicina.cz\/index.php?rest_route=\/wp\/v2\/types\/page"}],"author":[{"embeddable":true,"href":"https:\/\/urgentnimedicina.cz\/index.php?rest_route=\/wp\/v2\/users\/1"}],"replies":[{"embeddable":true,"href":"https:\/\/urgentnimedicina.cz\/index.php?rest_route=%2Fwp%2Fv2%2Fcomments&post=2"}],"version-history":[{"count":5,"href":"https:\/\/urgentnimedicina.cz\/index.php?rest_route=\/wp\/v2\/pages\/2\/revisions"}],"predecessor-version":[{"id":1402,"href":"https:\/\/urgentnimedicina.cz\/index.php?rest_route=\/wp\/v2\/pages\/2\/revisions\/1402"}],"wp:attachment":[{"href":"https:\/\/urgentnimedicina.cz\/index.php?rest_route=%2Fwp%2Fv2%2Fmedia&parent=2"}],"curies":[{"name":"wp","href":"https:\/\/api.w.org\/{rel}","templated":true}]}}