{"id":201,"date":"2010-12-20T16:35:26","date_gmt":"2010-12-20T14:35:26","guid":{"rendered":"http:\/\/mediprax.cz\/um1\/?page_id=201"},"modified":"2011-02-24T16:20:44","modified_gmt":"2011-02-24T14:20:44","slug":"obsahy-2009","status":"publish","type":"page","link":"https:\/\/urgentnimedicina.cz\/?page_id=201","title":{"rendered":"Obsahy 2009"},"content":{"rendered":"<h3>Obsah 1\/2009<\/h3>\n<p>1. \u00davodn\u00ed slovo (Jana \u0160eblov\u00e1)<\/p>\n<p>2. Syst\u00e9m specializovan\u00e9 zdravotn\u00ed p\u00e9\u010de v \u010cesk\u00e9 republice o osoby oz\u00e1\u0159en\u00e9 (Zdenka Fenclov\u00e1, Daniela Pelclov\u00e1)<\/p>\n<p>3. Kardiopulmon\u00e1ln\u00ed resuscitace v nemocni\u010dn\u00edm za\u0159\u00edzen\u00ed (Ji\u0159\u00ed B\u00edlek, Ren\u00e1ta Je\u010dm\u00ednkov\u00e1, Stanislav Jelen, Jan Jahoda)<\/p>\n<p>4. M\u00fdty a povery v prvej pomoci a ak\u00fatnej medic\u00edne (Viliam Dobi\u00e1\u0161)<\/p>\n<p>5. Dlouhodob\u00e9 c\u00e9vn\u00ed vstupy v urgentn\u00ed medic\u00edn\u011b (Jaroslav Kratochv\u00edl, Ji\u0159\u00ed Charv\u00e1t)<\/p>\n<p>6. Dopravn\u00ed \u00farazy t\u011bhotn\u00fdch \u017een \u2013 st\u00e1l\u00e1 v\u00fdzva (Ji\u0159\u00ed Klep\u00e1k)<\/p>\n<p>7. Diagnostick\u00fd a l\u00e9\u010debn\u00fd standard otravy oxidem uhelnat\u00fdm (Michal H\u00e1jek)<\/p>\n<p>8. Osobnost a rozhodovanie v situ\u00e1ciach z\u00e1\u0165a\u017ee: men\u00ed sa v\u00fdznam autoregul\u00e1cie osobnosti v priebehu praxe u zdravotnick\u00e9ho z\u00e1chran\u00e1ra? (Erika Juri\u0161ov\u00e1)<\/p>\n<p>9. Preventivn\u00ed a interven\u010dn\u00ed psychologick\u00e9 techniky pro zam\u011bstnance z\u00e1chrann\u00fdch slu\u017eeb (Jana \u0160eblov\u00e1, Vladim\u00edr Kebza, Jana Vignerov\u00e1, Blanka \u010cepick\u00e1)<\/p>\n<p>10. Problematika dom\u00e1c\u00edho n\u00e1sil\u00ed v kontextu urgentn\u00ed medic\u00edny (Jana \u0160eblov\u00e1, Lucie Van\u00ed\u010dkov\u00e1-Horn\u00edkov\u00e1)<\/p>\n<p>11. Karpaty Rescue 2009 \u2013 Z\u00e1chran\u00e1ri medzi nebom a zemou (Michal Drgo\u0148, Mikul\u00e1\u0161 G\u00e1bri\u0161, Roman Kot\u00fa\u010dek, Hana Ture\u010dkov\u00e1)<\/p>\n<p>12. Zlat\u00fd z\u00e1chran\u00e1\u0159sk\u00fd k\u0159\u00ed\u017e pro rok 2008 (Jan Mach)<\/p>\n<p>13. Stanovisko V\u00fdboru odborn\u00e9 spole\u010dnosti urgentn\u00ed medic\u00edny a medic\u00edny katastrof \u010cLS JEP k za\u0159azen\u00ed oboru<\/p>\n<h3>Obsah 2\/2009<\/h3>\n<p>1. \u00davodn\u00ed slovo (Jana \u0160eblov\u00e1)<\/p>\n<p>2. Organizace p\u0159\u00edjmu pacient\u016f na vstupu nemocnice p\u0159i mimo\u0159\u00e1dn\u00fdch ud\u00e1lostech (Pavel Urb\u00e1nek, Stanislav Jelen, Petr Hub\u00e1\u010dek, Otakar Buda)<\/p>\n<p>3. Visa\u010dka pro hromadn\u00e9 posti\u017een\u00ed zdrav\u00ed \u2013 t\u0159\u00edd\u00edc\u00ed a identifika\u010dn\u00ed karta (Marek Obrtel, Pavel Bare\u0161, Otomar Ku\u0161i\u010dka, Michaelka Bartheldy)<\/p>\n<p>4. Rallye Rejv\u00edz 2009 (Jana \u0160eblov\u00e1, Jan Mach, Ji\u0159\u00ed Jel\u00ednek)<\/p>\n<p>5. Pacient s te\u017ekou hypotermi\u00ed \u2013 \u0159e\u0161en\u00ed modelov\u00e9 situace na Rallye Rejv\u00edz 2009 (Zden\u011bl Tlust\u00fd, Olga Sedl\u00e1\u010dkov\u00e1, Clarke McGuire)<\/p>\n<p>6. S\u00fa\u0165a\u017en\u00e1 \u00faloha Spasitel na Rallye Rejv\u00edz 2009 (T\u00e1\u0148a Bul\u00edkov\u00e1, Renata V\u0161ete\u010dkov\u00e1, Marek Slab\u00fd, Zora Kurajsk\u00e1, Marek Przybylak, Sebastien Piberl)<\/p>\n<p>7. Zlat\u00e9 sluch\u00e1tko 2009 (Ond\u0159ej Fran\u011bk, Petra Soukupov\u00e1)<\/p>\n<p>8. Psychologick\u00e1 metoda \u201edebriefing\u201c a jej\u00ed praktick\u00e1 aplikace u z\u00e1chran\u00e1\u0159\u016f v r\u00e1mci Rallye Rejv\u00edz 2009 (Lenka Vl\u00e1\u0161kov\u00e1, Vendula Kol\u00e1\u0159ov\u00e1)<\/p>\n<p>9. L\u00e9ka\u0159 z\u00e1chrann\u00e9 slu\u017eby na m\u00edst\u011b trestn\u00e9ho \u010dinu (Michal Beran, Alena Lysenkov\u00e1)<\/p>\n<p>10. Neodkladn\u00e1 resuscitace \u2013 aktualizace doporu\u010den\u00e9ho postupu v\u00fdboru Spole\u010dnosti urgentn\u00ed medic\u00edny a medic\u00edny katastrof \u010cLS JEP<\/p>\n<p>11. Konsensu\u00e1ln\u00ed stanovisko k pou\u017eit\u00ed terapeutick\u00e9 hypotermie (Pavel Dost\u00e1l, Vladim\u00edr \u010cern\u00fd, Karel Cvachovec, Pavel \u0160ev\u010d\u00edk, Jana \u0160eblov\u00e1, Anatolij Truhl\u00e1\u0159, Roman \u0160kulec, Martin Prchl\u00edk)<\/p>\n<p>12. P\u0159ednemocni\u010dn\u00ed p\u00e9\u010de o pacienty s akutn\u00edm mozkov\u00fdm infarktem, indikovan\u00fdmi k trombolytick\u00e9 l\u00e9\u010db\u011b \u2013 aktualizace doporu\u010den\u00e9ho postupu v\u00fdboru Spole\u010dnosti urgentn\u00ed medic\u00edny a medic\u00edny katastrof \u010cLS JEP<\/p>\n<p>13. Syst\u00e9m \u201ePsychosoci\u00e1ln\u00ed interven\u010dn\u00ed slu\u017eby \u2013 PIS\u201c na Zdravotnick\u00e9 z\u00e1chrann\u00e9 slu\u017eb\u011b hl.m. Prahy \u2013 \u00daSZS (Helena Buri\u00e1nkov\u00e1, Alan Ryba)<\/p>\n<p>14. Konsensu\u00e1ln\u00ed stanovisko k poskytov\u00e1n\u00ed paliativn\u00ed p\u00e9\u010de u nemocn\u00fdch s nezvratn\u00fdm org\u00e1nov\u00fdm selh\u00e1n\u00edm<\/p>\n<p>15. Zpr\u00e1va z v\u00fdro\u010dn\u00edho kongresu N\u011bmeck\u00e9 spole\u010dnosti medic\u00edny Katastrof (DGKM e.V.) (Vlasta Neklapilov\u00e1)<\/p>\n<p>16. III. \u010cesko-Slovensk\u00fd kongres intenzivn\u00ed medic\u00edny, Hradec Kr\u00e1lov\u00e9 13.-15. kv\u011btna 2009 (Jana \u0160eblov\u00e1, Ji\u0159\u00ed Knor)<\/p>\n<p>17. CEEM \u2013 St\u0159edoevropsk\u00fd kongres urgentn\u00ed medic\u00edny, Wroclaw 17.-20. \u010dervna 2009 (Jana \u0160eblov\u00e1)<\/p>\n<h3>Obsah 3\/2009<\/h3>\n<p>1. \u00davodn\u00ed slovo (Jana \u0160eblov\u00e1)<\/p>\n<p>2. Kompetence zdravotnick\u00fdch z\u00e1chran\u00e1\u0159\u016f v \u010cesk\u00e9 republice (Jaroslav Pekara)<\/p>\n<p>3. Urgentn\u00ed p\u0159\u00edjem \u2013 jedin\u00e9 vstupn\u00ed m\u00edsto nemocnice pro neobjednan\u00e9ho pacienta. P\u016fjdeme n\u011bkdy i u n\u00e1s touto \u00faspornou cestou? (Ji\u0159\u00ed Zika)<\/p>\n<p>4. Resuscitace bez d\u00fdch\u00e1n\u00ed \u2013 \u010das na zm\u011bnu! (Ond\u0159ej Fran\u011bk)<\/p>\n<p>5. Dva p\u0159\u00edpady neobvykle dlouh\u00e9 laick\u00e9 resuscitace bez d\u00fdch\u00e1n\u00ed z plic do plic s \u00fasp\u011b\u0161n\u00fdm v\u00fdsledkem (Ond\u0159ej Fran\u011bk)<\/p>\n<p>6. N\u00e1hl\u00e9 \u00famrt\u00ed p\u0159i sportu (Zsolt Kecskem\u00e9thy)<\/p>\n<p>7. Aktivn\u00ed hypotermie po kardiopulmon\u00e1ln\u00ed resuscitaci u d\u011bt\u00ed (Ji\u0159\u00ed Korb, Kate\u0159ina Pizingerov\u00e1, Lum\u00edr \u0160a\u0161ek, Ji\u0159\u00ed Fremuth)<\/p>\n<p>8. Akutn\u00ed c\u00e9vn\u00ed mozkov\u00e9 p\u0159\u00edhody jako emergentn\u00ed stav (Jana \u0160eblov\u00e1, Zilla \u0160onkov\u00e1, Patrik Merhaut, Milan Tich\u00e1\u010dek)<\/p>\n<p>9. O\u0161et\u0159en\u00ed pacienta se z\u00e1va\u017en\u00fdm \u00farazem v p\u0159ednemocni\u010dn\u00ed neodkladn\u00e9 p\u00e9\u010di (PNP) \u2013 doporu\u010den\u00fd postup \u010d. 14 (Ond\u0159ej Fran\u011bk, Ji\u0159\u00ed Knor, Ji\u0159\u00ed Ma\u0161ek, Jana \u0160eblov\u00e1, Tom\u00e1\u0161 D\u011bdek)<\/p>\n<p>10. Etick\u00e9 probl\u00e9my u hromadn\u00fdch pop\u00e1lenin (Radana K\u00f6nigov\u00e1)<\/p>\n<p>11. Deklarace psychosoci\u00e1ln\u00edch pr\u00e1v \u2013 WADEM<\/p>\n<p>12. Stru\u010dn\u00e9 d\u011bjiny poskytov\u00e1n\u00ed prvn\u00ed pomoci, organizovan\u00e9ho z\u00e1chran\u00e1\u0159stv\u00ed a o\u0161et\u0159ovatelsk\u00e9 p\u00e9\u010de o zran\u011bn\u00e9 (David Dvo\u0159\u00e1\u010dek)<\/p>\n<p>13. Historie resuscitace (David Dvo\u0159\u00e1\u010dek)<\/p>\n<p>14. Spolo\u010dn\u00e1 zdravotn\u00e1 pois\u0165ovna a.s. Z\u00c1CHRANA 2009 (Ladislav Kotrusz, Gabriel Man\u010d\u00edk, Mikul\u00e1\u0161 Dunda, Miloslav Hanula, Jana Hulov\u00e1, Katar\u00edna Br\u0161tiakov\u00e1)<\/p>\n<p>15. \u00davod do oboru urgentn\u00ed medic\u00edna a medic\u00edna katastrof (Hana Vrasp\u00edrov\u00e1)<\/p>\n<p>16. V. St\u0159edomo\u0159sk\u00fd kongres urgentn\u00ed medic\u00edny, Valencie, \u0160pan\u011blsko (Jana \u0160eblov\u00e1, Michal Plodr, Milana Pokorn\u00e1)<\/p>\n<p>17. 3rd Hypothermia International Symposium 2009 (Roman \u0160kulec)<\/p>\n<p>18. Asociace zdravotnick\u00fdch z\u00e1chrann\u00fdch slu\u017eeb \u010cR \u2013 \u201eJezdi bezpe\u010dn\u011b!\u201c (Marek Slab\u00fd)<\/p>\n<h3>Obsah 4\/2009<\/h3>\n<p>1. \u00davodn\u00ed slovo (Jana \u0160eblov\u00e1)<\/p>\n<p>2. Poln\u00ed zdravotnick\u00e9 za\u0159\u00edzen\u00ed A\u010cR (Michal Plodr)<\/p>\n<p>3. Organiz\u00e1cia zdravotn\u00edckych nasledkov ne\u0161\u0165astia na festivale Ba\u017eant \u2013 Pohoda 2009 (Oto Mas\u00e1r, Jaroslav Vidan, Kamil Ku\u010derka)<\/p>\n<p>4. Komplexn\u00ed vzd\u011bl\u00e1v\u00e1n\u00ed zam\u011bstnanc\u016f ZZS HMP-\u00daSZS (Ale\u0161 Rubek, Alan Ryba)<\/p>\n<p>5. Gasping u n\u00e1hl\u00e9 z\u00e1stavy ob\u011bhu (NZO) \u2013 patofyziologick\u00e9 aspekty a klinick\u00e9 dopady (Ji\u0159\u00ed Knor, Helena Sedl\u00e1kov\u00e1, Roman \u0160kulec, J\u00e1n Dudra, Jana \u0160eblov\u00e1, Petr Tom\u00e1\u0161)<\/p>\n<p>6. Osobn\u00ed zku\u0161enosti s p\u0159ednemocni\u010dn\u00ed indukc\u00ed terapeutick\u00e9 m\u00edrn\u00e9 hypotermie u nemocn\u00fdch po mimonemo\u010dn\u00ed n\u00e1hl\u00e9 z\u00e1stav\u011b ob\u011bhu (Roman \u0160kulec, Leo\u0161 Klik, Milo\u0161 Kr\u00e1l\u00ed\u010dek, Anatolij Truhl\u00e1\u0159, Vladim\u00edr \u010cern\u00fd, Jana \u0160eblov\u00e1)<\/p>\n<p>7. Transportn\u00ed trauma (Zden\u011bk J\u00edcha, Lubom\u00edr Zelenka)<\/p>\n<p>8. P\u0159\u00edstup ve\u0159ejnosti k ot\u00e1zk\u00e1m t\u0159\u00edd\u011bn\u00ed \u2013 v\u00fdsledky pilotn\u00ed dotazn\u00edkov\u00e9 studie 2009 (Jana \u0160eblov\u00e1, Miroslav Proch\u00e1zka, Karel Anto\u0161, Dominika \u0160eblov\u00e1)<\/p>\n<p>9. Psychosoci\u00e1ln\u00ed aspekty pandemie ch\u0159ipky (\u0160t\u011bp\u00e1n Vym\u011btal)<\/p>\n<p>10. Nov\u00fd trestn\u00ed z\u00e1kon\u00edk a my (Ond\u0159ej Fran\u011bk)<\/p>\n<p>11. Stru\u010dn\u00e1 historie leteck\u00fdch z\u00e1chrann\u00fdch slu\u017eeb (David Dvo\u0159\u00e1\u010dek)<\/p>\n<p>12. Komplikovan\u00e9 p\u0159ed\u00e1v\u00e1n\u00ed nekomplikovan\u00fdch pacient\u016f aneb skute\u010dn\u011b nezbytn\u00fd stres z\u00e1chran\u00e1\u0159\u016f? (Ji\u0159\u00ed Knor)<\/p>\n<p>13. NATO Medical Conference 2009, Portugalsko 30.z\u00e1\u0159\u00ed \u2013 2.\u0159\u00edjna 2009 (Jana \u0160eblov\u00e1)<\/p>\n<p>14. Studentsk\u00fd marat\u00f3n Biskupce 2009 (Daniel Kvapil)<\/p>\n<p>15. Z\u00e1chran\u00e1\u0159i Rokytnice 2009 (Jarmila Paukertov\u00e1)<\/p>\n<p>16. Dunajsk\u00e1 univerzita v Kremsu (Rakousko) \u2013 univerzita pro dal\u0161\u00ed vzd\u011bl\u00e1v\u00e1n\u00ed p\u0159i zam\u011bstn\u00e1n\u00ed (Jan Mach)<\/p>\n<p>17. XVI. Dost\u00e1lovy dny urgentn\u00ed medic\u00edny, Ostrava 6.-7.\u0159\u00edjna 2009 (Jana \u0160eblov\u00e1)<\/p>\n<p>18. Zpr\u00e1va o kongresu \u201eFEUER und FLAMME\u201c konan\u00e9m ve dnech 4.-5.prosince 2009 v rakousk\u00e9m Linci (Jan Mach)<\/p>\n<p>19. Informace z v\u00fdboru odborn\u00e9 spole\u010dnosti (Jana \u0160eblov\u00e1)<\/p>\n","protected":false},"excerpt":{"rendered":"<p>Obsah 1\/2009 1. \u00davodn\u00ed slovo (Jana \u0160eblov\u00e1) 2. Syst\u00e9m specializovan\u00e9 zdravotn\u00ed p\u00e9\u010de v \u010cesk\u00e9 republice o osoby oz\u00e1\u0159en\u00e9 (Zdenka Fenclov\u00e1, Daniela Pelclov\u00e1) 3. Kardiopulmon\u00e1ln\u00ed resuscitace v nemocni\u010dn\u00edm za\u0159\u00edzen\u00ed (Ji\u0159\u00ed B\u00edlek, Ren\u00e1ta Je\u010dm\u00ednkov\u00e1, Stanislav Jelen, Jan Jahoda) 4. M\u00fdty a povery<\/p>\n","protected":false},"author":1,"featured_media":0,"parent":47,"menu_order":6,"comment_status":"closed","ping_status":"closed","template":"","meta":{"footnotes":""},"class_list":["post-201","page","type-page","status-publish","hentry"],"_links":{"self":[{"href":"https:\/\/urgentnimedicina.cz\/index.php?rest_route=\/wp\/v2\/pages\/201","targetHints":{"allow":["GET"]}}],"collection":[{"href":"https:\/\/urgentnimedicina.cz\/index.php?rest_route=\/wp\/v2\/pages"}],"about":[{"href":"https:\/\/urgentnimedicina.cz\/index.php?rest_route=\/wp\/v2\/types\/page"}],"author":[{"embeddable":true,"href":"https:\/\/urgentnimedicina.cz\/index.php?rest_route=\/wp\/v2\/users\/1"}],"replies":[{"embeddable":true,"href":"https:\/\/urgentnimedicina.cz\/index.php?rest_route=%2Fwp%2Fv2%2Fcomments&post=201"}],"version-history":[{"count":0,"href":"https:\/\/urgentnimedicina.cz\/index.php?rest_route=\/wp\/v2\/pages\/201\/revisions"}],"up":[{"embeddable":true,"href":"https:\/\/urgentnimedicina.cz\/index.php?rest_route=\/wp\/v2\/pages\/47"}],"wp:attachment":[{"href":"https:\/\/urgentnimedicina.cz\/index.php?rest_route=%2Fwp%2Fv2%2Fmedia&parent=201"}],"curies":[{"name":"wp","href":"https:\/\/api.w.org\/{rel}","templated":true}]}}