{"id":211,"date":"2010-12-20T16:39:03","date_gmt":"2010-12-20T14:39:03","guid":{"rendered":"http:\/\/mediprax.cz\/um1\/?page_id=211"},"modified":"2011-02-24T16:21:18","modified_gmt":"2011-02-24T14:21:18","slug":"obsahy-2010-2","status":"publish","type":"page","link":"https:\/\/urgentnimedicina.cz\/?page_id=211","title":{"rendered":"Obsahy 2010"},"content":{"rendered":"<h3>Obsah 1\/2010<\/h3>\n<p>1. \u00davodn\u00ed slovo (Jana \u0160eblov\u00e1)<\/p>\n<p>2. Pl\u00e1n hromadn\u00e9ho p\u0159\u00edjmu ran\u011bn\u00fdch v poln\u00edm zdravotnick\u00e9m za\u0159\u00edzen\u00ed A\u010cR (Michal Plodr)<\/p>\n<p>3. Centrum biologick\u00e9 ochrany T\u011bchon\u00edn (Mark\u00e9ta Balounov\u00e1, Veronika Rul\u00edkov\u00e1, Marek Obrtel)<\/p>\n<p>4. Co jin\u00fdm z\u016fst\u00e1v\u00e1 skryto aneb zdravotnick\u00e9 zaji\u0161t\u011bn\u00ed slavnostn\u00ed m\u0161e svat\u00e9 pape\u017ee Benedikta XVI. v Brn\u011b (Rostislav Verner)<\/p>\n<p>5. Zdravotnick\u00e9 zaji\u0161t\u011bn\u00ed masov\u00fdch shrom\u00e1\u017ed\u011bn\u00ed \u2013 specifick\u00e9 aspetky n\u00e1bo\u017eensk\u00fdch akc\u00ed (zku\u0161enosti z n\u00e1v\u0161t\u011bvy pape\u017ee ve Star\u00e9 Boleslavi) (Jana \u0160eblov\u00e1, Ji\u0159\u00ed Knor, V\u011bra Zemanov\u00e1, Patrik Merhaut)<\/p>\n<p>6. Neodkladn\u00e1 chirurgick\u00e1 pomoc l\u00e9ka\u0159sk\u00e9ho t\u00fdmu Humedica a N\u011bmeck\u00e9ho institutu pro medic\u00ednu katastrof T\u00fcbingen (DIFKM) b\u011bhem z\u00e1sahu po zem\u011bt\u0159esen\u00ed na Haiti (Bernd Domres, Simon Oeckenp\u00f6hler)<\/p>\n<p>7. Zdravotnick\u00e1 reakce na zem\u011bt\u0159esen\u00ed na Haiti 12.ledna 2010 (Edward J.Lord)<\/p>\n<p>8. Protokol agresivn\u00ed l\u00e9\u010dby nemocn\u00fdch s ob\u011bhov\u00fdm \u0161okem v p\u0159ednemocni\u010dn\u00ed neodkladn\u00e9 p\u00e9\u010di na z\u00e1klad\u011b monitorace s\u00e9rov\u00e9ho lakt\u00e1tu (Roman Svit\u00e1k, Ivan Chytra, Roman Bosman, Jan Bene\u0161, Eduard Kasal, Radek B\u00e1rta, Lud\u011bk Hejkal, Pavel Hrdli\u010dka, Ji\u0159\u00ed R\u016f\u017ei\u010dka, Ivo Rada, Oto Mas\u00e1r)<\/p>\n<p>9. Bakteri\u00e1ln\u00ed endokarditida jako indikace k v\u00fdjezdu l\u00e9ka\u0159e z\u00e1chrann\u00e9 slu\u017eby (Zsolt Kecskem\u00e9thy)<\/p>\n<p>10. Sb\u011br \u00farazov\u00fdch dat v \u010cesk\u00e9 republice (Ladislav Pl\u00e1nka, David Star\u00fd, Jan \u0160kva\u0159il, Petr G\u00e1l)<\/p>\n<p>11. S\u00fa\u0165a\u017en\u00e1 \u00faloha \u201eSm\u00fatok\u201c na Jabloneckej Rescue ski 2010 (Silvia Trnovsk\u00e1, \u013dudov\u00edt Priecel, Ren\u00e1ta Bako\u0161ov\u00e1)<\/p>\n<p>12. Paralyz\u00e9r ve zdravotnick\u00e9m za\u0159\u00edzen\u00ed z pohledu pr\u00e1vn\u00edka (Jan Vondr\u00e1\u010dek, Ji\u0159\u00ed Zika)<\/p>\n<p>13. Prof. MUDr. Jarom\u00edr sv. p. von Mundy (David Dvo\u0159\u00e1\u010dek)<\/p>\n<p>14. Historie zdravotnick\u00e9 z\u00e1chrann\u00e9 slu\u017eby v \u010cR (David Dvo\u0159\u00e1\u010dek)<\/p>\n<p>15. Zpr\u00e1va o pr\u016fb\u011bhu mezin\u00e1rodn\u00edho semin\u00e1\u0159e o prevenci d\u011btsk\u00fdch \u00faraz\u016f (Veronika Bene\u0161ov\u00e1, Pavel \u0160ulc, Dominika \u0160eblov\u00e1)<\/p>\n<h3>Obsah 2\/2010<\/h3>\n<p>1. \u00davodn\u00ed slovo (Jana \u0160eblov\u00e1)<\/p>\n<p>2. \u201eFirst responders\u201c v syst\u00e9mu p\u0159ednemocni\u010dn\u00ed neodkladn\u00e9 p\u00e9\u010de (Otomar Ku\u0161i\u010dka)<\/p>\n<p>3. Kde je um\u00edst\u011bn automatizovan\u00fd extern\u00ed defibril\u00e1tor (Anatolij Truhl\u00e1\u0159)<\/p>\n<p>4. Pl\u00e1nov\u00e1n\u00ed o\u0161et\u0159ovatelsk\u00e9 p\u00e9\u010de p\u0159i v\u00fdjezdu z\u00e1chrann\u00e9 slu\u017eby (Tom Jack Ill\u00e9s)<\/p>\n<p>5. Der Notarzt \u2013 osobn\u00ed zku\u0161enost se syst\u00e9mem z\u00e1chrann\u00e9 slu\u017eby v Sasku (Ond\u0159ej Renn\u00e9t)<\/p>\n<p>6. Perimort\u00e1ln\u00ed c\u00edsa\u0159sk\u00fd \u0159ez: podm\u00ednky, o\u010dek\u00e1v\u00e1n\u00ed a realita (Ji\u0159\u00ed Kep\u00e1k)<\/p>\n<p>7. U\u017eit\u00ed pozitovn\u00edho end-expira\u010dn\u00edho tlaku (PEEP) u nemocn\u00fdch s kardi\u00e1ln\u00edm plicn\u00edm ed\u00e9mem v p\u0159ednemocni\u010dn\u00ed p\u00e9\u010di \u2013 4P studie (Jana \u0160eblov\u00e1, Roman \u0160kulec, Ji\u0159\u00ed Knor)<\/p>\n<p>8. Medic\u00edna divo\u010diny (1.\u010d\u00e1st) \u2013 lavinov\u00e1 nehoda (Anatolij Truhl\u00e1\u0159, Martin Honz\u00edk)<\/p>\n<p>9. Nov\u00e1 doporu\u010den\u00ed \u010cKS pro l\u00e9\u010dbu AIM (STEMI) z pohledu urgentn\u00ed medic\u00edny (Pavel Urb\u00e1nek, Jana \u0160eblov\u00e1, Patrik Merhaut)<\/p>\n<p>10. Methemoglobinemie (Jaroslav Kratochv\u00edl, Vendula Mart\u00ednkov\u00e1, Jan Masopust)<\/p>\n<p>11. Cyank\u00e1li \u2013 m\u00e1me se je\u0161t\u011b ob\u00e1vat? (Michal Plodr, Pavel Fila, Jitka \u0160r\u00e1mkov\u00e1, Peter Bednar\u010d\u00edk, Josef Fusek, Alena Stoklasov\u00e1, Richard Kub\u00e1t)<\/p>\n<p>12. S\u00fa\u0165a\u017en\u00e1 \u00faloha Mr\u00e1zik na Rallye Rejv\u00edz 2010 (T\u00e1\u0148a Bul\u00edkov\u00e1, Zdenek Tlust\u00fd, Jozef Kara\u0161)<\/p>\n<p>13. Spr\u00e1va zo Stredoeur\u00f3pskeho kongresu urgentnej medic\u00edny a medic\u00edny katastrof v Senci (T\u00e1\u0148a Bul\u00edkov\u00e1, Viliam Dobi\u00e1\u0161)<\/p>\n<p>14. Rallye Rejv\u00edz 2010 (Jana \u0160eblov\u00e1)<\/p>\n<p>15. Zlat\u00fd z\u00e1chran\u00e1\u0159sk\u00fd k\u0159\u00ed\u017e za rok 2009 (Nina \u0160eblov\u00e1)<\/p>\n<p>16. Recenze knihy Manu\u00e1l dispe\u010dera zdravotnick\u00e9ho opera\u010dn\u00edho st\u0159ediska (Jan Bradna)<\/p>\n<p>17. T\u00e1\u0148a Bul\u00edkov\u00e1: \u201eOd sympt\u00f3mu k diagn\u00f3ze v z\u00e1chrannej slu\u017ebe. Kazuistiky\u201c (Viliam Dobi\u00e1\u0161)<\/p>\n<h3>Obsah 3\/2010<\/h3>\n<p>1. \u00davodn\u00ed slovo (Jana \u0160eblov\u00e1)<\/p>\n<p>2. N\u00e1vrh specializa\u010dn\u00edho vzd\u011bl\u00e1v\u00e1n\u00ed absolvent\u016f ve zdravotnick\u00e9 z\u00e1chrann\u00e9 slu\u017eb\u011b jako cesty k zaji\u0161t\u011bn\u00ed dostate\u010dn\u00e9ho po\u010dtu l\u00e9ka\u0159\u016f (Robin \u0160\u00edn, Lud\u011bk Hejkal, Roman Svit\u00e1k)<\/p>\n<p>3. Na hranici kompetenc\u00ed: studie rizik pod\u00e1v\u00e1n\u00ed opi\u00e1tov\u00fdch analgetik zdravotnick\u00fdmi z\u00e1chran\u00e1\u0159i v\u00a0ter\u00e9nu (Jan Bradna)<\/p>\n<p>4. Medic\u00edna divo\u010diny (2.\u010d\u00e1st) \u2013 poran\u011bn\u00ed bleskem (Anatolij Truhl\u00e1\u0159, Martin Honz\u00edk)<\/p>\n<p>5. Diagnostika a management obtia\u017eneho zabezpe\u010denia d\u00fdchac\u00edch ciest v prednemocni\u010dnej starostlivosti (Silvia Trnovsk\u00e1)<\/p>\n<p>6. Laick\u00e1 resuscitace bez d\u00fdch\u00e1n\u00ed z plic do plic \u2013 jak dlouho ji lze prov\u00e1d\u011bt? (Ji\u0159\u00ed Kep\u00e1k)<\/p>\n<p>7. C\u00edsa\u0159sk\u00fd \u0159ez v p\u0159ednemocni\u010dn\u00ed neodkladn\u00e9 p\u00e9\u010di? (Tom\u00e1\u0161 Va\u0148atka)<\/p>\n<p>8. Urgentn\u00ed p\u0159ednemocni\u010dn\u00ed p\u00e9\u010de o pacienty v souvislosti s implantovan\u00fdm kardioverterem \u2013 defibril\u00e1torem (ICD) (Pavel Folwarczny, Dan Marek, Milo\u0161 T\u00e1borsk\u00fd, David Hole\u0161, Martina Polansk\u00e1)<\/p>\n<p>9. Tromb\u00f3za mozkov\u00fdch \u017eil (Zsolt Kecskem\u00e9thy, Ji\u0159\u00ed Hol\u00fd)<\/p>\n<p>10. V\u011bd\u011bt, b\u00fdt p\u0159ipraven a p\u0159e\u017e\u00edt! (Martin Vostal, Veronika Rul\u00edkov\u00e1, Josef Hartman)<\/p>\n<p>11. Jak (ne)psat kazuistiku (Jarom\u00edr Ko\u010d\u00ed)<\/p>\n<p>12. Zpr\u00e1va o \u010dinnosti v\u00fdboru Spole\u010dnosti urgentn\u00ed medic\u00edny a medic\u00edny katastrof \u010cLS JEP v obdob\u00ed 2007-2010 (Jana \u0160eblov\u00e1)<\/p>\n<p>13. \u010cesk\u00e1 resuscita\u010dn\u00ed rada \u00fasp\u011b\u0161n\u011b zah\u00e1jila svoji \u010dinnost (Anatolij Truhl\u00e1\u0159, Jana \u0160eblov\u00e1)<\/p>\n<h3>Obsah 4\/2010<\/h3>\n<p>1. \u00davodn\u00ed slovo (Jana \u0160eblov\u00e1)<\/p>\n<p>2. Kurz urgentn\u00ed sonografie 9. \u2013 10. 10. 12010, Karolinska Institut, Stockholm, \u0160v\u00e9dsko (Michal Plodr)<\/p>\n<p>3. Traumatologick\u00e1 triage v b\u011b\u017en\u00e9 praxi z\u00e1chrann\u00e9 slu\u017eby \u2013 opravdu funk\u010dn\u00ed? (Zden\u011bk Tlust\u00fd, Zden\u011bk Tlust\u00fd sr., Patrik Merhaut)<\/p>\n<p>4. Incidence pozitivn\u00edch m\u011b\u0159en\u00ed hladiny oxidu uhelnat\u00e9ho v praxi z\u00e1chrann\u00e9 slu\u017eby (prospektivn\u00ed epidemiologick\u00e1 studie 2010) (Jana \u0160eblov\u00e1, Viktor Ryb\u00e1\u010dek, Roman \u0160kulec, Martin Beer)<\/p>\n<p>5. Antidota proti bojov\u00fdm otravn\u00fdm l\u00e1tk\u00e1m v Arm\u00e1d\u011b \u010cR a mo\u017enosti jejich v\u00fdvoje \u2013 Ji\u0159\u00ed Bajgar, (Ji\u0159\u00ed Kassa, Kamil Ku\u010da, Josef Fusek, Rudolf \u0160t\u011btina)<\/p>\n<p>6. V\u00fdvoj univerz\u00e1ln\u00edho antidota otrav nervov\u011b paralytick\u00fdmi l\u00e1tkami na b\u00e1zi reaktiv\u00e1tor\u016f cholinester\u00e1z: od substance k\u00a0autoinjektoru (Daniel Jun, Kamil Mus\u00edlek, Ji\u0159\u00ed Kassa, Ji\u0159\u00ed Cabal, Jana \u017d\u010f\u00e1rov\u00e1 \u2013 Karasov\u00e1, Miroslav Pohanka, Ji\u0159\u00ed Bajgar, Jan Marek, MARK\u00c9TA Komloov\u00e1, Ond\u0159ej Soukup, Ond\u0159ej Holas, Jan Kor\u00e1be\u010dn\u00fd, Bohuslav Dole\u017eal, Kamil Ku\u010da)<\/p>\n<p>7. Intoxik\u00e1cia inhib\u00edtormi kalciov\u00e9ho kan\u00e1la \u2013 diagnostika a lie\u010dba v\u00a0urgentnej medic\u00edne (Oto Mas\u00e1r, Andrea Hud\u00e1\u010dkov\u00e1)<\/p>\n<p>8. Doporu\u010den\u00ed pro pou\u017e\u00edv\u00e1n\u00ed terapeutick\u00e9 m\u00edrn\u00e9 hypotermie v\u00a0p\u0159ednemocni\u010dn\u00ed neodkladn\u00e9 p\u00e9\u010di u nemocn\u00fdch po mimonemocni\u010dn\u00ed n\u00e1hl\u00e9 z\u00e1stav\u011b ob\u011bhu (Roman \u0160kulec, Anatolij Truhl\u00e1\u0159, Jana \u0160eblov\u00e1)<\/p>\n<p>9. Specifika druhosledov\u00e9 podpory posyktovan\u00e9 Krizov\u00fdm t\u00fdmem OS \u010c\u010cK Praha 1 p\u0159i povodn\u00edch na Liberecku (srpen 2010) (Richard Smejkal)<\/p>\n<p>10. Zpr\u00e1va o 10. v\u011bdeck\u00e9m kongresu Euroepan Resuscitation Council (Roman \u0160kulec, Anatolij Truhl\u00e1\u0159, Ond\u0159ej Fran\u011bk)<\/p>\n<p>11. Konsensu\u00e1ln\u00ed stanovisko v\u00fdboru \u010cRR k \u010desk\u00e9 terminologii pou\u017e\u00edvan\u00e9 v p\u0159ekladech\u00a0materi\u00e1l\u016f Evropsk\u00e9 rady pro resuscitaci<\/p>\n<p>12. Psychosoci\u00e1ln\u00ed aspekty p\u0159i z\u00e1sahu z\u00e1chrann\u00fdch slo\u017eek (Zden\u011bk Hrstka, Miroslav Proch\u00e1zka, Jana \u0160eblov\u00e1)<\/p>\n<p>13. 6. kongres EuSEM, 11. \u2013 14. 10. 2010, Stockholm, \u0160v\u00e9dsko (Jana \u0160eblov\u00e1)<\/p>\n","protected":false},"excerpt":{"rendered":"<p>Obsah 1\/2010 1. \u00davodn\u00ed slovo (Jana \u0160eblov\u00e1) 2. Pl\u00e1n hromadn\u00e9ho p\u0159\u00edjmu ran\u011bn\u00fdch v poln\u00edm zdravotnick\u00e9m za\u0159\u00edzen\u00ed A\u010cR (Michal Plodr) 3. Centrum biologick\u00e9 ochrany T\u011bchon\u00edn (Mark\u00e9ta Balounov\u00e1, Veronika Rul\u00edkov\u00e1, Marek Obrtel) 4. Co jin\u00fdm z\u016fst\u00e1v\u00e1 skryto aneb zdravotnick\u00e9 zaji\u0161t\u011bn\u00ed slavnostn\u00ed m\u0161e<\/p>\n","protected":false},"author":1,"featured_media":0,"parent":47,"menu_order":5,"comment_status":"closed","ping_status":"closed","template":"","meta":{"footnotes":""},"class_list":["post-211","page","type-page","status-publish","hentry"],"_links":{"self":[{"href":"https:\/\/urgentnimedicina.cz\/index.php?rest_route=\/wp\/v2\/pages\/211","targetHints":{"allow":["GET"]}}],"collection":[{"href":"https:\/\/urgentnimedicina.cz\/index.php?rest_route=\/wp\/v2\/pages"}],"about":[{"href":"https:\/\/urgentnimedicina.cz\/index.php?rest_route=\/wp\/v2\/types\/page"}],"author":[{"embeddable":true,"href":"https:\/\/urgentnimedicina.cz\/index.php?rest_route=\/wp\/v2\/users\/1"}],"replies":[{"embeddable":true,"href":"https:\/\/urgentnimedicina.cz\/index.php?rest_route=%2Fwp%2Fv2%2Fcomments&post=211"}],"version-history":[{"count":0,"href":"https:\/\/urgentnimedicina.cz\/index.php?rest_route=\/wp\/v2\/pages\/211\/revisions"}],"up":[{"embeddable":true,"href":"https:\/\/urgentnimedicina.cz\/index.php?rest_route=\/wp\/v2\/pages\/47"}],"wp:attachment":[{"href":"https:\/\/urgentnimedicina.cz\/index.php?rest_route=%2Fwp%2Fv2%2Fmedia&parent=211"}],"curies":[{"name":"wp","href":"https:\/\/api.w.org\/{rel}","templated":true}]}}