{"id":47,"date":"2010-12-16T15:13:04","date_gmt":"2010-12-16T13:13:04","guid":{"rendered":"http:\/\/mediprax.cz\/um1\/?page_id=47"},"modified":"2025-03-24T13:50:49","modified_gmt":"2025-03-24T11:50:49","slug":"obsahy-2010","status":"publish","type":"page","link":"https:\/\/urgentnimedicina.cz\/?page_id=47","title":{"rendered":"Obsahy a abstrakty"},"content":{"rendered":"<h5>Ro\u010dn\u00edk 2024<\/h5>\n<ul>\n<li><a href=\"?p=1347\">\u010d\u00edslo 1\/2024<\/a>, <a href=\"?p=1358\">\u010d\u00edslo 2-3\/2024, <\/a><a href=\"?p=1391\">\u010d\u00edslo 4\/2024<\/a><\/li>\n<\/ul>\n<h5>Ro\u010dn\u00edk 2023<\/h5>\n<ul>\n<li><a href=\"?p=1295\">\u010d\u00edslo 1\/2023<\/a>, <a href=\"?p=1302\">\u010d\u00edslo 2\/2023, <a href=\"?p=1317\">\u010d\u00edslo 3\/2023<\/a>, <a href=\"?p=1332\">\u010d\u00edslo 4\/2023<\/a><\/li>\n<\/ul>\n<h5>Ro\u010dn\u00edk 2022<\/h5>\n<ul>\n<li><a href=\"?p=1247\">\u010d\u00edslo 1\/2022<\/a>, <a href=\"?p=1261\">\u010d\u00edslo 2\/2022<\/a>, <a href=\"?p=1283\">\u010d\u00edslo 3-4\/2022<\/a><\/li>\n<\/ul>\n<h5>Ro\u010dn\u00edk 2021<\/h5>\n<ul>\n<li><a href=\"?p=1134\">\u010d\u00edslo 1\/2021<\/a>, <a href=\"?p=1158\">\u010d\u00edslo 2\/2021<\/a>, <a href=\"?p=1176\">\u010d\u00edslo 3\/2021<\/a>, <a href=\"?p=1236\">\u010d\u00edslo 4\/2021<\/a><\/li>\n<\/ul>\n<h5>Ro\u010dn\u00edk 2020<\/h5>\n<ul>\n<li><a href=\"?p=1049\">\u010d\u00edslo 1\/2020<\/a>, <a href=\"?p=1081\">\u010d\u00edslo 2\/2020<\/a>, <a href=\"?p=1103\">\u010d\u00edslo 3\/2020<\/a>, <a href=\"?p=1117\">\u010d\u00edslo 4\/2020&nbsp;<\/a>\/ <a href=\"casopisy\/Obsah-rocniku-2020.pdf\" target=\"_blank\" rel=\"noopener noreferrer\">obsah ro\u010dn\u00edku 2020<\/a><\/li>\n<\/ul>\n<h5>Ro\u010dn\u00edk 2019<\/h5>\n<ul>\n<li><a href=\"?p=878\">\u010d\u00edslo 1\/2019<\/a>, <a href=\"?p=913\">\u010d\u00edslo 2\/2019<\/a>, <a href=\"?p=920\">\u010d\u00edslo 3\/2019<\/a>, <a href=\"?p=929\">\u010d\u00edslo 4\/2019<\/a><\/li>\n<\/ul>\n<h5>Ro\u010dn\u00edk 2018<\/h5>\n<ul>\n<li><a href=\"?p=848\">\u010d\u00edslo 1\/2018<\/a>, <a href=\"?p=856\">\u010d\u00edslo 2\/2018<\/a>, <a href=\"?p=861\">\u010d\u00edslo 3\/2018<\/a>, <a href=\"?p=870\">\u010d\u00edslo 4\/2018<\/a><\/li>\n<\/ul>\n<h5>Ro\u010dn\u00edk 2017<\/h5>\n<ul>\n<li><a href=\"?p=787\">\u010d\u00edslo 1\/2017<\/a>, <a href=\"?p=798\">\u010d\u00edslo 2\/2017<\/a>, <a href=\"?p=810\">\u010d\u00edslo 3\/2017<\/a>, <a href=\"?p=832\">\u010d\u00edslo 4\/2017<\/a>&nbsp;\/ <a href=\"casopisy\/Obsah-rocniku-2017.pdf\" target=\"_blank\" rel=\"noopener noreferrer\">obsah ro\u010dn\u00edku 2017<\/a><\/li>\n<\/ul>\n<h5>Ro\u010dn\u00edk 2016<\/h5>\n<ul>\n<li><a href=\"?p=750\">\u010d\u00edslo 1\/2016<\/a>, <a href=\"?p=758\">\u010d\u00edslo 2\/2016<\/a>, <a href=\"?p=766\">\u010d\u00edslo 3\/2016<\/a>, <a href=\"?p=778\">\u010d\u00edslo 4\/2016<\/a>&nbsp;\/ <a href=\"casopisy\/Obsah-rocniku-2016.pdf\" target=\"_blank\" rel=\"noopener noreferrer\">obsah ro\u010dn\u00edku 2016<\/a><\/li>\n<\/ul>\n<h5>Ro\u010dn\u00edk 2015<\/h5>\n<ul>\n<li><a href=\"?p=694\">\u010d\u00edslo 1\/2015<\/a>, <a href=\"?p=699\">\u010d\u00edslo 2\/2015<\/a>, <a href=\"?p=708\">\u010d\u00edslo 3\/2015<\/a>, <a href=\"?p=738\">\u010d\u00edslo 4\/2015<\/a> \/ <a href=\"casopisy\/Obsah-rocniku-2015.pdf\" target=\"_blank\" rel=\"noopener noreferrer\">obsah ro\u010dn\u00edku 2015<\/a><\/li>\n<\/ul>\n<h5>Ro\u010dn\u00edk 2014<\/h5>\n<ul>\n<li><a href=\"?p=662\">\u010d\u00edslo 1\/2014<\/a>, <a href=\"?p=670\">\u010d\u00edslo &nbsp;2\/2014<\/a>, <a href=\"?p=673\">\u010d\u00edslo 3\/2014<\/a>, <a href=\"?p=683\">\u010d\u00edslo 4\/2014<\/a><\/li>\n<\/ul>\n<h6><a href=\"?page_id=522\">Obsahy 2013<\/a><br \/>\n<a href=\"?page_id=499\">Obsahy 2012<\/a><br \/>\n<a href=\"?page_id=459\">Obsahy 2011<\/a><br \/>\n<a href=\"http:\/\/urgentnimedicina.cz\/?page_id=211\">Obsahy 2010<\/a><br \/>\n<a href=\"http:\/\/urgentnimedicina.cz\/?page_id=201\">Obsahy 2009<\/a><br \/>\n<a href=\"http:\/\/urgentnimedicina.cz\/?page_id=191\">Obsahy 2008<\/a><br \/>\n<a href=\"http:\/\/urgentnimedicina.cz\/?page_id=178\">Obsahy 2007<\/a><br \/>\n<a href=\"http:\/\/urgentnimedicina.cz\/?page_id=166\">Obsahy 2006<\/a><br \/>\n<a href=\"http:\/\/urgentnimedicina.cz\/?page_id=155\">Obsahy 2005<\/a><br \/>\n<a href=\"http:\/\/urgentnimedicina.cz\/?page_id=141\">Obsahy 2004<\/a><br \/>\n<a href=\"http:\/\/urgentnimedicina.cz\/?page_id=110\">Obsahy 2003<\/a><\/h6>\n","protected":false},"excerpt":{"rendered":"<p>Ro\u010dn\u00edk 2024 \u010d\u00edslo 1\/2024, \u010d\u00edslo 2-3\/2024, \u010d\u00edslo 4\/2024 Ro\u010dn\u00edk 2023 \u010d\u00edslo 1\/2023, \u010d\u00edslo 2\/2023, \u010d\u00edslo 3\/2023, \u010d\u00edslo 4\/2023 Ro\u010dn\u00edk 2022 \u010d\u00edslo 1\/2022, \u010d\u00edslo 2\/2022, \u010d\u00edslo 3-4\/2022 Ro\u010dn\u00edk 2021 \u010d\u00edslo 1\/2021, \u010d\u00edslo 2\/2021, \u010d\u00edslo 3\/2021, \u010d\u00edslo 4\/2021 Ro\u010dn\u00edk 2020 \u010d\u00edslo 1\/2020,<\/p>\n","protected":false},"author":1,"featured_media":0,"parent":0,"menu_order":3,"comment_status":"closed","ping_status":"closed","template":"","meta":{"footnotes":""},"class_list":["post-47","page","type-page","status-publish","hentry"],"_links":{"self":[{"href":"https:\/\/urgentnimedicina.cz\/index.php?rest_route=\/wp\/v2\/pages\/47","targetHints":{"allow":["GET"]}}],"collection":[{"href":"https:\/\/urgentnimedicina.cz\/index.php?rest_route=\/wp\/v2\/pages"}],"about":[{"href":"https:\/\/urgentnimedicina.cz\/index.php?rest_route=\/wp\/v2\/types\/page"}],"author":[{"embeddable":true,"href":"https:\/\/urgentnimedicina.cz\/index.php?rest_route=\/wp\/v2\/users\/1"}],"replies":[{"embeddable":true,"href":"https:\/\/urgentnimedicina.cz\/index.php?rest_route=%2Fwp%2Fv2%2Fcomments&post=47"}],"version-history":[{"count":18,"href":"https:\/\/urgentnimedicina.cz\/index.php?rest_route=\/wp\/v2\/pages\/47\/revisions"}],"predecessor-version":[{"id":1396,"href":"https:\/\/urgentnimedicina.cz\/index.php?rest_route=\/wp\/v2\/pages\/47\/revisions\/1396"}],"wp:attachment":[{"href":"https:\/\/urgentnimedicina.cz\/index.php?rest_route=%2Fwp%2Fv2%2Fmedia&parent=47"}],"curies":[{"name":"wp","href":"https:\/\/api.w.org\/{rel}","templated":true}]}}