{"id":559,"date":"2014-02-04T15:22:27","date_gmt":"2014-02-04T13:22:27","guid":{"rendered":"http:\/\/urgentnimedicina.cz\/?page_id=559"},"modified":"2020-03-10T10:50:49","modified_gmt":"2020-03-10T08:50:49","slug":"eticky-kodex","status":"publish","type":"page","link":"https:\/\/urgentnimedicina.cz\/?page_id=559","title":{"rendered":"Etick\u00fd kodex"},"content":{"rendered":"<p>Tento etick\u00fd kodex \u010dasopisu Urgentn\u00ed medic\u00edna upravuje povinnosti autor\u016f, recenzent\u016f a editor\u016f a&nbsp;je pro n\u011b z\u00e1vazn\u00fd.<\/p>\n<h5>1. Etick\u00fd kodex autora<\/h5>\n<p>P\u0159edlo\u017een\u00edm rukopisu redakci auto\u0159i stvrzuj\u00ed, \u017ee:<\/p>\n<ul>\n<li>p\u0159edkl\u00e1daj\u00ed pouze rukopisy, kter\u00e9 jsou jejich p\u016fvodn\u00ed prac\u00ed a jsou schopni tuto skute\u010dnost&nbsp;kdykoli na po\u017e\u00e1d\u00e1n\u00ed dolo\u017eit;<\/li>\n<li>p\u0159edkl\u00e1daj\u00ed pouze rukopisy, kter\u00e9 nebyly d\u0159\u00edve zve\u0159ejn\u011bny jinde;<\/li>\n<li>p\u0159edkl\u00e1daj\u00ed pouze rukopisy, kter\u00e9 v sou\u010dasnosti a do skon\u010den\u00ed hodnot\u00edc\u00edho procesu&nbsp;nehodlaj\u00ed publikovat jinde;<\/li>\n<li>jsou jedin\u00fdmi majiteli autorsk\u00fdch pr\u00e1v vzhledem k p\u0159edkl\u00e1dan\u00e9mu rukopisu, v p\u0159\u00edpad\u011b&nbsp;spoluautorstv\u00ed uv\u00e1d\u011bj\u00ed v\u0161echny spoluautory a maj\u00ed jejich souhlas s uve\u0159ejn\u011bn\u00edm rukopisu;<\/li>\n<li>ozn\u00e1m\u00ed editorovi jak\u00fdkoliv st\u0159et z\u00e1jm\u016f souvisej\u00edc\u00ed s p\u0159edlo\u017een\u00fdm rukopisem;<\/li>\n<li>z\u0159eteln\u011b, p\u0159esn\u011b a jednozna\u010dn\u011b uv\u00e1d\u011bj\u00ed v\u0161echny zdroje pou\u017eit\u00e9 p\u0159i tvorb\u011b rukopisu;<\/li>\n<li>souhlas\u00ed s redak\u010dn\u00edm \u0159\u00edzen\u00edm \u010dasopisu;<\/li>\n<li>postupuj\u00ed \u010dl\u00e1nek oboustrann\u011b anonymn\u00edmu recenzn\u00edmu \u0159\u00edzen\u00ed a dal\u0161\u00edmu hodnocen\u00ed&nbsp;redakc\u00ed;<\/li>\n<li>informuj\u00ed editora o v\u0161ech p\u0159\u00edpadn\u00fdch chyb\u00e1ch v rukopise v\u010detn\u011b p\u0159\u00edpadn\u00fdch chyb ve&nbsp;v\u00fdsledc\u00edch v\u00fdzkumu popisovan\u00e9m v rukopise;<\/li>\n<li>vydavateli poskytuj\u00ed bezplatn\u00e9 pr\u00e1vo k publikov\u00e1n\u00ed rukopisu v ti\u0161t\u011bn\u00e9 i elektronick\u00e9&nbsp;podob\u011b, v\u010detn\u011b za\u0159azen\u00ed \u010dl\u00e1nku do datab\u00e1z\u00ed, ve kter\u00fdch jsou nebo bude Urgentn\u00ed medic\u00edna&nbsp;za\u0159azena.<\/li>\n<\/ul>\n<h5>2. Etick\u00fd kodex recenzenta<\/h5>\n<p>Recenzenti p\u0159ijet\u00edm rukopisu k hodnocen\u00ed stvrzuj\u00ed, \u017ee:<\/p>\n<ul>\n<li>neprodlen\u011b ozn\u00e1m\u00ed editorovi jak\u00e9koliv zji\u0161t\u011bn\u00ed st\u0159etu z\u00e1jm\u016f;<\/li>\n<li>zajist\u00ed, aby informace t\u00fdkaj\u00edc\u00ed se rukopisu a obsa\u017een\u00e9 v rukopise byly d\u016fv\u011brn\u00e9;<\/li>\n<li>upozorn\u00ed editora na ve\u0161ker\u00e9 okolnosti, kter\u00e9 mohou b\u00fdt d\u016fvodem pro zam\u00edtnut\u00ed vyd\u00e1n\u00ed&nbsp;rukopisu;<\/li>\n<li>v\u017edy hodnot\u00ed rukopisy pouze z hlediska jejich odborn\u00e9ho obsahu;<\/li>\n<li>zpracuj\u00ed recenzn\u00ed posudek osobn\u011b podle sv\u00e9ho nejlep\u0161\u00edho v\u011bdom\u00ed a sv\u011bdom\u00ed;<\/li>\n<li>informuj\u00ed editora, pokud se nec\u00edt\u00ed dostate\u010dn\u011b kvalifikov\u00e1ni k odborn\u00e9mu posouzen\u00ed&nbsp;rukopisu, nebo \u017ee zpracov\u00e1n\u00ed recenze z jejich strany nebude z jak\u00e9hokoli d\u016fvodu mo\u017en\u00e9.<\/li>\n<\/ul>\n<h5>3. Etick\u00fd kodex editora<\/h5>\n<p>Editor je povinen:<\/p>\n<ul>\n<li>zajistit, aby informace t\u00fdkaj\u00edc\u00ed se p\u0159edlo\u017een\u00fdch rukopis\u016f a jejich autor\u016f byly d\u016fv\u011brn\u00e9;<\/li>\n<li>vylou\u010dit jak\u00fdkoliv st\u0159et z\u00e1jm\u016f;<\/li>\n<li>zajistit nep\u0159edpojat\u00e9 a nestrann\u00e9 hodnocen\u00ed rukopis\u016f pouze pro jejich odborn\u00fd obsah; \u2022 p\u0159ij\u00edmat rukopisy od v\u0161ech autor\u016f bez ohledu na rasu, pohlav\u00ed, sexu\u00e1ln\u00ed orientaci,&nbsp;n\u00e1bo\u017eensk\u00e9 vyzn\u00e1n\u00ed, etnick\u00fd p\u016fvod, st\u00e1tn\u00ed p\u0159\u00edslu\u0161nosti, nebo politick\u00e9 sm\u00fd\u0161len\u00ed autor\u016f;<\/li>\n<li>zajistit prvotn\u00ed intern\u00ed zhodnocen\u00ed rukopisu po str\u00e1nce form\u00e1ln\u00ed a jeho souladu se&nbsp;zam\u011b\u0159en\u00edm \u010dasopisu, v p\u0159\u00edpad\u011b negativn\u00edho hodnocen\u00ed toto neprodlen\u011b ozn\u00e1m\u00ed autor\u016fm;<\/li>\n<li>zajistit p\u0159ed\u00e1n\u00ed anonymn\u00edch recenzn\u00edch posudk\u016f autor\u016fm k zapracov\u00e1n\u00ed p\u0159ipom\u00ednek do&nbsp;rukopisu;<\/li>\n<li>n\u00e9st zodpov\u011bdnost za rozhodnut\u00ed spojen\u00e1 s publikov\u00e1n\u00edm jednotliv\u00fdch rukopis\u016f. Editor&nbsp;m\u00e1 plnou pravomoc p\u0159ij\u00edmat, odm\u00edtat nebo po\u017eadovat \u00fapravy rukopis\u016f;<\/li>\n<li>zastavit hodnocen\u00ed v\u0161ech rukopis\u016f, kter\u00e9 jsou podez\u0159el\u00e9 z plagi\u00e1torstv\u00ed nebo podvr\u017een\u00ed&nbsp;dat. V\u0161echny rukopisy jsou kontrolov\u00e1ny syst\u00e9mem pro odhalov\u00e1n\u00ed plagi\u00e1t\u016f;<\/li>\n<li>zajistit kvalitu rukopis\u016f a v\u011bdeck\u00e9ho obsahu;<\/li>\n<li>v p\u0159\u00edpad\u011b pot\u0159eby publikovat opravy, vysv\u011btlen\u00ed nebo omluvy;<\/li>\n<li>st\u00e1hnout \u010dl\u00e1nek, u kter\u00e9ho se prok\u00e1zalo, \u017ee je nepravdiv\u00fd nebo z\u00e1va\u017en\u011b chybn\u00fd. Sta\u017een\u00ed&nbsp;\u010dl\u00e1nku je v\u017edy projedn\u00e1no a odsouhlaseno redak\u010dn\u00ed radou. Po rozhodnut\u00ed redak\u010dn\u00ed rady je&nbsp;sta\u017een\u00ed \u010dl\u00e1nku ozn\u00e1meno v n\u00e1sleduj\u00edc\u00edm \u010d\u00edsle ti\u0161t\u011bn\u00e9 verze \u010dasopisu a v p\u0159\u00edslu\u0161n\u00e9m \u010d\u00edsle&nbsp;elektronick\u00e9 verze \u010dasopisu;<\/li>\n<li>monitorovat a br\u00e1nit poru\u0161en\u00ed publika\u010dn\u00ed etiky. Dodr\u017eov\u00e1n\u00ed publika\u010dn\u00ed etiky je&nbsp;dozorov\u00e1no redak\u010dn\u00ed radou.<\/li>\n<\/ul>\n<h5>4. Poru\u0161en\u00ed kter\u00e9koliv \u010d\u00e1sti tohoto etick\u00e9ho kodexu v\u010detn\u011b plagi\u00e1torstv\u00ed a jin\u00e9ho&nbsp;neetick\u00e9ho chov\u00e1n\u00ed je pova\u017eov\u00e1no za nep\u0159ijateln\u00e9 a bude m\u00edt za n\u00e1sledek okam\u017eit\u00e9&nbsp;vy\u0159azen\u00ed rukopisu z procesu hodnocen\u00ed a jeho zam\u00edtnut\u00ed.<\/h5>\n","protected":false},"excerpt":{"rendered":"<p>Tento etick\u00fd kodex \u010dasopisu Urgentn\u00ed medic\u00edna upravuje povinnosti autor\u016f, recenzent\u016f a editor\u016f a&nbsp;je pro n\u011b z\u00e1vazn\u00fd. 1. Etick\u00fd kodex autora P\u0159edlo\u017een\u00edm rukopisu redakci auto\u0159i stvrzuj\u00ed, \u017ee: p\u0159edkl\u00e1daj\u00ed pouze rukopisy, kter\u00e9 jsou jejich p\u016fvodn\u00ed prac\u00ed a jsou schopni tuto skute\u010dnost&nbsp;kdykoli na<\/p>\n","protected":false},"author":1,"featured_media":0,"parent":94,"menu_order":1,"comment_status":"closed","ping_status":"closed","template":"","meta":{"footnotes":""},"class_list":["post-559","page","type-page","status-publish","hentry"],"_links":{"self":[{"href":"https:\/\/urgentnimedicina.cz\/index.php?rest_route=\/wp\/v2\/pages\/559","targetHints":{"allow":["GET"]}}],"collection":[{"href":"https:\/\/urgentnimedicina.cz\/index.php?rest_route=\/wp\/v2\/pages"}],"about":[{"href":"https:\/\/urgentnimedicina.cz\/index.php?rest_route=\/wp\/v2\/types\/page"}],"author":[{"embeddable":true,"href":"https:\/\/urgentnimedicina.cz\/index.php?rest_route=\/wp\/v2\/users\/1"}],"replies":[{"embeddable":true,"href":"https:\/\/urgentnimedicina.cz\/index.php?rest_route=%2Fwp%2Fv2%2Fcomments&post=559"}],"version-history":[{"count":0,"href":"https:\/\/urgentnimedicina.cz\/index.php?rest_route=\/wp\/v2\/pages\/559\/revisions"}],"up":[{"embeddable":true,"href":"https:\/\/urgentnimedicina.cz\/index.php?rest_route=\/wp\/v2\/pages\/94"}],"wp:attachment":[{"href":"https:\/\/urgentnimedicina.cz\/index.php?rest_route=%2Fwp%2Fv2%2Fmedia&parent=559"}],"curies":[{"name":"wp","href":"https:\/\/api.w.org\/{rel}","templated":true}]}}