{"id":838,"date":"2018-05-25T13:31:09","date_gmt":"2018-05-25T11:31:09","guid":{"rendered":"http:\/\/urgentnimedicina.cz\/?page_id=838"},"modified":"2018-05-25T13:55:56","modified_gmt":"2018-05-25T11:55:56","slug":"obchodni-podminky","status":"publish","type":"page","link":"https:\/\/urgentnimedicina.cz\/?page_id=838","title":{"rendered":"Obchodn\u00ed podm\u00ednky"},"content":{"rendered":"<p style=\"text-align: justify;\">spole\u010dnosti<\/p>\n<p><strong>MEDIPRAX CB s.r.o.<\/strong><br \/>\nse s\u00eddlem Husova t\u0159. 624\/43, 370 05 \u010cesk\u00e9 Bud\u011bjovice<br \/>\nI\u010c: 63886731<br \/>\nDI\u010c: CZ63886731<br \/>\nzapsan\u00e1 v obchodn\u00edm rejst\u0159\u00edku veden\u00e9m Krajsk\u00fdm soudem v \u010cesk\u00fdch Bud\u011bjovic\u00edch, odd\u00edl C, vlo\u017eka 5633<\/p>\n<p>Adresa pro doru\u010dov\u00e1n\u00ed: MEDIPRAX CB s.r.o., Husova t\u0159. 624\/43, 370 05 \u010cesk\u00e9 Bud\u011bjovice<br \/>\nTelefonn\u00ed \u010d\u00edslo: +420 385 310 382<br \/>\nFax: +420 385 310 382<br \/>\nKontaktn\u00ed e\u2010mail: mediprax@mediprax.cz<\/p>\n<p><strong>1. \u00davodn\u00ed ustanoven\u00ed<\/strong><\/p>\n<p>1.1 Tyto obchodn\u00ed podm\u00ednky se vztahuj\u00ed na smlouvy uzav\u0159en\u00e9 p\u0159i pou\u017eit\u00ed prost\u0159edk\u016f komunikace na d\u00e1lku, nap\u0159. telefonicky, koresponden\u010dn\u011b, e-mailem, \u010di prost\u0159ednictv\u00edm objedn\u00e1vkov\u00e9ho formul\u00e1\u0159e na webov\u00e9m rozhran\u00ed www.urgentnimedicina.cz (d\u00e1le jen \u201ewebov\u00e9 rozhran\u00ed\u201c) mezi na\u0161\u00ed spole\u010dnost\u00ed MEDIPRAX CB s.r.o., se s\u00eddlem Husova t\u0159. 624\/43, 370 05 \u010cesk\u00e9 Bud\u011bjovice, I\u010c: 63886731, DI\u010c: CZ63886731 zapsanou v obchodn\u00edm rejst\u0159\u00edku veden\u00e9m Krajsk\u00fdm soudem v \u010cesk\u00fdch Bud\u011bjovic\u00edch, odd\u00edl C, vlo\u017eka 5633 jako prod\u00e1vaj\u00edc\u00edm a fyzickou \u010di pr\u00e1vnickou osobou jako kupuj\u00edc\u00edm (oba d\u00e1le spole\u010dn\u011b t\u00e9\u017e jen jako \u201esmluvn\u00ed strany\u201c).<\/p>\n<p>1.2 Obchodn\u00ed podm\u00ednky vymezuj\u00ed a up\u0159es\u0148uj\u00ed z\u00e1kladn\u00ed pr\u00e1va a povinnosti smluvn\u00edch stran p\u0159i uzav\u00edran\u00ed smlouvy o prodeji zbo\u017e\u00ed \u010di dal\u0161\u00ed smlouvy zde uveden\u00e9 (d\u00e1le spole\u010dn\u011b jen jako \u201esmlouva\u201c) prost\u0159ednictv\u00edm webov\u00e9ho rozhran\u00ed, telefonu, po\u0161tovn\u00ed slu\u017eby, osobn\u011b \u010di jin\u00fdm zp\u016fsobem, kter\u00fd prod\u00e1vaj\u00edc\u00ed aktu\u00e1ln\u011b umo\u017e\u0148uje.<\/p>\n<p>1.3 Ustanoven\u00ed obchodn\u00edch podm\u00ednek jsou ned\u00edlnou sou\u010d\u00e1st\u00ed smlouvy. Ustanoven\u00ed odchyln\u00e1 od obchodn\u00edch podm\u00ednek je mo\u017en\u00e9 sjednat ve smlouv\u011b. Odchyln\u00e1 ujedn\u00e1n\u00ed ve smlouv\u011b maj\u00ed p\u0159ednost p\u0159ed ustanoven\u00edm obchodn\u00edch podm\u00ednek. Zn\u011bn\u00ed obchodn\u00edch podm\u00ednek m\u016f\u017ee prod\u00e1vaj\u00edc\u00ed m\u011bnit \u010di dopl\u0148ovat. Pr\u00e1va a povinnosti smluvn\u00edch stran se \u0159\u00edd\u00ed v\u017edy t\u00edm zn\u011bn\u00edm obchodn\u00edch podm\u00ednek, za jeho\u017e \u00fa\u010dinnosti vznikly.<br \/>\nV ot\u00e1zk\u00e1ch zde neupraven\u00fdch se vztahy smluvn\u00edch stran \u0159\u00edd\u00ed pr\u00e1vn\u00edmi p\u0159edpisy, zejm\u00e9na z\u00e1konem \u010d. 89\/2012 Sb., ob\u010dansk\u00fd z\u00e1kon\u00edk, v platn\u00e9m zn\u011bn\u00ed (d\u00e1le jen \u201eob\u010dansk\u00fd z\u00e1kon\u00edk\u201c).<\/p>\n<p>1.4 Smlouva a obchodn\u00ed podm\u00ednky jsou vyhotoveny v \u010desk\u00e9m jazyce, pokud se smluvn\u00ed strany v\u00fdslovn\u011b nedohodnou na jin\u00e9m jazyce.<\/p>\n<p>1.5 Zasl\u00e1n\u00edm, p\u0159ed\u00e1n\u00edm \u010di sd\u011blen\u00edm objedn\u00e1vky kupuj\u00edc\u00ed stvrzuje, \u017ee se s t\u011bmito obchodn\u00edmi podm\u00ednkami sezn\u00e1mil.<\/p>\n<p><strong>2. Vymezen\u00ed pojm\u016f<\/strong><\/p>\n<p>2.1 Kupuj\u00edc\u00edm je fyzick\u00e1 nebo pr\u00e1vnick\u00e1 osoba, kter\u00e1 m\u00e1 v \u00famyslu koupit prost\u0159ednictv\u00edm komunikace na d\u00e1lku zbo\u017e\u00ed. Vzhledem k platn\u00e9 pr\u00e1vn\u00ed \u00faprav\u011b se rozli\u0161uje Kupuj\u00edc\u00ed, kter\u00fd nen\u00ed spot\u0159ebitelem a Kupuj\u00edc\u00ed, kter\u00fd spot\u0159ebitelem je.<\/p>\n<p>2.2 Podnikatelem je ka\u017ed\u00e1 osoba, kter\u00e1 uzav\u00edr\u00e1 smlouvy souvisej\u00edc\u00ed s vlastn\u00ed obchodn\u00ed, v\u00fdrobn\u00ed nebo obdobnou \u010dinnost\u00ed \u010di p\u0159i samostatn\u00e9m v\u00fdkonu sv\u00e9ho povol\u00e1n\u00ed, pop\u0159\u00edpad\u011b osoba, kter\u00e1 jedn\u00e1 jm\u00e9nem nebo na \u00fa\u010det podnikatele.<\/p>\n<p><strong>3. Objedn\u00e1vka a uzav\u0159en\u00ed kupn\u00ed smlouvy<\/strong><\/p>\n<p>3.1 Nab\u00eddkou na uzav\u0159en\u00ed smlouvy je objedn\u00e1vka zbo\u017e\u00ed ze strany Kupuj\u00edc\u00edho. Smlouva vznik\u00e1 p\u0159ijet\u00edm nab\u00eddky ze strany Prod\u00e1vaj\u00edc\u00edho.<\/p>\n<p>3.2 Objedn\u00e1vku je mo\u017en\u00e9 u\u010dinit pomoc\u00ed prost\u0159edk\u016f komunikace na d\u00e1lku nebo jin\u00fdm zp\u016fsobem, kter\u00fd Prod\u00e1vaj\u00edc\u00ed umo\u017e\u0148uje. Pro objedn\u00e1vku prost\u0159ednictv\u00edm webov\u00e9ho rozhran\u00ed pou\u017eije Kupuj\u00edc\u00ed objedn\u00e1vkov\u00fd formul\u00e1\u0159, ve kter\u00e9m vypln\u00ed ve\u0161ker\u00e9 povinn\u00e9 \u00fadaje pot\u0159ebn\u00e9 pro doru\u010den\u00ed zbo\u017e\u00ed a fakturaci, a dal\u0161\u00ed \u00fadaje pro vykryt\u00ed objedn\u00e1vky.<\/p>\n<p>3.3 Kupuj\u00edc\u00ed m\u016f\u017ee zvolit jinou doru\u010dovac\u00ed adresu, ne\u017e je faktura\u010dn\u00ed. P\u0159edplacen\u00e9 v\u00fdtisky od jednoho pl\u00e1tce lze zas\u00edlat i na v\u00edce adres.<\/p>\n<p>3.4 Pokud na stran\u011b Kupuj\u00edc\u00edho &#8211; p\u0159edplatitele nastanou zm\u011bny v doru\u010dovac\u00ed adrese, bezprost\u0159edn\u011b je nahl\u00e1s\u00ed Prod\u00e1vaj\u00edc\u00edmu, aby bylo zaru\u010deno bezchybn\u00e9 doru\u010den\u00ed p\u0159edplacen\u00fdch v\u00fdtisk\u016f.<\/p>\n<p>3.5 Kupuj\u00edc\u00ed je informov\u00e1n o ukon\u010den\u00ed p\u0159edplatitelsk\u00e9ho obdob\u00ed (s \u010d\u00edslem \u010dasopisu 4) a je mu nab\u00eddnuta mo\u017enost p\u0159edplatn\u00e9ho na dal\u0161\u00ed obdob\u00ed.<\/p>\n<p>3.6 Kupuj\u00edc\u00ed, je-li podnikatelem \u010di pr\u00e1vnickou osobou, vypln\u00ed na objedn\u00e1vce I\u010cO pop\u0159. DI\u010c. Na vy\u017e\u00e1d\u00e1n\u00ed Prod\u00e1vaj\u00edc\u00edho je povinen tuto skute\u010dnost prok\u00e1zat p\u0159edlo\u017een\u00edm \u017eivnostensk\u00e9ho nebo jin\u00e9ho opr\u00e1vn\u011bn\u00ed.<\/p>\n<p>3.4 Prod\u00e1vaj\u00edc\u00ed nen\u00ed povinen obdr\u017eenou objedn\u00e1vku potvrdit. Nepotvrzen\u00e1 objedn\u00e1vka nen\u00ed pro Prod\u00e1vaj\u00edc\u00edho z\u00e1vazn\u00e1. Prod\u00e1vaj\u00edc\u00ed je opr\u00e1vn\u011bn ov\u011b\u0159it si objedn\u00e1vku v p\u0159\u00edpad\u011b pochybnost\u00ed o pravosti a v\u00e1\u017enosti objedn\u00e1vky. Neov\u011b\u0159enou objedn\u00e1vku m\u016f\u017ee prod\u00e1vaj\u00edc\u00ed odm\u00edtnout. Smlouva je uzav\u0159ena okam\u017eikem, kdy bylo kupuj\u00edc\u00edmu doru\u010deno p\u0159ijet\u00ed z\u00e1vazn\u00e9 objedn\u00e1vky ze strany Prod\u00e1vaj\u00edc\u00edho. Pokud by k p\u0159ijet\u00ed nedo\u0161lo, je smlouva uzav\u0159ena okam\u017eikem, kdy bude Kupuj\u00edc\u00edm uhrazena cel\u00e1 kupn\u00ed cena.<\/p>\n<p>3.5 V p\u0159\u00edpad\u011b zru\u0161en\u00ed objedn\u00e1vky ze strany Kupuj\u00edc\u00edho m\u00e1 Prod\u00e1vaj\u00edc\u00ed n\u00e1rok na storno poplatek ve v\u00fd\u0161i 50% z kupn\u00ed ceny objednan\u00e9ho zbo\u017e\u00ed. V p\u0159\u00edpad\u011b, \u017ee objedn\u00e1vka bude zru\u0161ena a\u017e po expedici zbo\u017e\u00ed, m\u016f\u017ee b\u00fdt po Kupuj\u00edc\u00edm po\u017eadov\u00e1na n\u00e1hrada n\u00e1klad\u016f spojen\u00e1 s expedic\u00ed a vr\u00e1cen\u00edm zbo\u017e\u00ed zp\u016fsoben\u00fdch zru\u0161en\u00edm objedn\u00e1vky.<\/p>\n<p><strong>4. Dodac\u00ed podm\u00ednky<\/strong><\/p>\n<p>4.1 Prod\u00e1vaj\u00edc\u00ed dod\u00e1 zbo\u017e\u00ed Kupuj\u00edc\u00edmu prost\u0159ednictv\u00edm \u010cesk\u00e9 po\u0161ty, p\u0159\u00edp. jin\u00fdm dohodnut\u00fdm zp\u016fsobem.<\/p>\n<p>4.2 Baln\u00e9 a po\u0161tovn\u00e9 je zahrnuto v cen\u011b \u010dasopisu.<\/p>\n<p>4.3 P\u0159ed p\u0159evzet\u00edm zbo\u017e\u00ed je Kupuj\u00edc\u00ed povinen zkontrolovat neporu\u0161enost obalu zbo\u017e\u00ed a p\u0159\u00edpadn\u00e9 z\u00e1vady neprodlen\u011b ozn\u00e1mit p\u0159epravci.<\/p>\n<p>4.4 Neprodlen\u011b po p\u0159evzet\u00ed zbo\u017e\u00ed je Kupuj\u00edc\u00ed povinen zkontrolovat zbo\u017e\u00ed, zejm\u00e9na je povinen zkontrolovat po\u010det kus\u016f zbo\u017e\u00ed. V p\u0159\u00edpad\u011b zji\u0161t\u011bn\u00ed nesouladu je povinen jej ozn\u00e1mit Prod\u00e1vaj\u00edc\u00edmu bez zbyte\u010dn\u00e9ho odkladu, nejpozd\u011bji v\u0161ak do 2 pracovn\u00edch dn\u016f od p\u0159evzet\u00ed zbo\u017e\u00ed.<\/p>\n<p><strong>5. Platebn\u00ed podm\u00ednky<\/strong><\/p>\n<p>5.1 Nen\u00ed-li dohodnuto jinak, \u00fahrada p\u0159edplatn\u00e9ho se prov\u00e1d\u00ed na z\u00e1klad\u011b vystaven\u00e9 faktury.<\/p>\n<p>5.3 P\u0159i platb\u011b v na dob\u00edrku je cena splatn\u00e1 p\u0159i p\u0159evzet\u00ed zbo\u017e\u00ed. P\u0159i bezhotovostn\u00ed platb\u011b p\u0159ed dod\u00e1n\u00edm zbo\u017e\u00ed je cena splatn\u00e1 dle dohody smluvn\u00edch stran. Z\u00e1vazek Kupuj\u00edc\u00edho uhradit cenu zbo\u017e\u00ed je p\u0159i bezhotovostn\u00ed platb\u011b spln\u011bn okam\u017eikem p\u0159ips\u00e1n\u00ed p\u0159\u00edslu\u0161n\u00e9 \u010d\u00e1stky na \u00fa\u010det Prod\u00e1vaj\u00edc\u00edho.<\/p>\n<p>5.6 Platba zbo\u017e\u00ed je v \u010desk\u00fdch korun\u00e1ch (CZK), pro Kupuj\u00edc\u00ed ze Slovenska v eurech (EUR).<\/p>\n<p><strong>6. Odstoupen\u00ed od kupn\u00ed smlouvy<\/strong><\/p>\n<p>6.1 Do doby p\u0159evzet\u00ed zbo\u017e\u00ed Kupuj\u00edc\u00edm je Prod\u00e1vaj\u00edc\u00ed opr\u00e1vn\u011bn kdykoliv od kupn\u00ed smlouvy odstoupit. V takov\u00e9m p\u0159\u00edpad\u011b vr\u00e1t\u00ed Prod\u00e1vaj\u00edc\u00ed Kupuj\u00edc\u00edmu kupn\u00ed cenu bezhotovostn\u011b na \u00fa\u010det sd\u011blen\u00fd mu pro tento \u00fa\u010del Kupuj\u00edc\u00edm nebo \u00fa\u010det, ze kter\u00e9ho byly prost\u0159edky pouk\u00e1z\u00e1ny k \u00fahrad\u011b kupn\u00ed ceny (pokud Kupuj\u00edc\u00ed \u017e\u00e1dn\u00fd do 5 dn\u016f od odstoupen\u00ed Prod\u00e1vaj\u00edc\u00edmu nesd\u011bl\u00ed).<\/p>\n<p>6.2 Prod\u00e1vaj\u00edc\u00ed je d\u00e1le opr\u00e1vn\u011bn odstoupit od smlouvy, je-li Kupuj\u00edc\u00ed v prodlen\u00ed s \u00fahradou kupn\u00ed ceny zbo\u017e\u00ed d\u00e9le ne\u017e 4 t\u00fddny.<\/p>\n<p>6.3 Kupuj\u00edc\u00ed je opr\u00e1vn\u011bn odstoupit od smlouvy, je-li Prod\u00e1vaj\u00edc\u00ed v prodlen\u00ed s dod\u00e1n\u00edm zbo\u017e\u00ed d\u00e9le ne\u017e 4 t\u00fddny od sjednan\u00e9ho dne dod\u00e1n\u00ed.<\/p>\n<p>6.4 Vzhledem k povaze zbo\u017e\u00ed nen\u00ed Kupuj\u00edc\u00ed opr\u00e1vn\u011bn odstoupit od smlouvy u zbo\u017e\u00ed, kter\u00e9 bylo dod\u00e1no \u0159\u00e1dn\u011b, v\u010das a bez vad.<\/p>\n<p>6.5 Odstoupen\u00ed mus\u00ed b\u00fdt u\u010din\u011bno p\u00edsemn\u011b a v p\u0159\u00edpadech smluv sjednan\u00fdch elektronickou cestou t\u00e9\u017e elektronicky. Odstoupen\u00ed od smlouvy je \u00fa\u010dinn\u00e9 doru\u010den\u00edm ozn\u00e1men\u00ed o odstoupen\u00ed druh\u00e9 smluvn\u00ed stran\u011b.<\/p>\n<p><strong>7. Odpov\u011bdnost za vady<\/strong><\/p>\n<p>7.1 Prod\u00e1vaj\u00edc\u00ed je povinen dodat Kupuj\u00edc\u00edmu zbo\u017e\u00ed ve sjednan\u00e9m mno\u017estv\u00ed, jakosti a proveden\u00ed. P\u0159edm\u011btem reklamace m\u016f\u017ee b\u00fdt nedod\u00e1n\u00ed p\u0159edplacen\u00e9ho v\u00fdtisku, dod\u00e1n\u00ed chybn\u00e9ho po\u010dtu kus\u016f, dod\u00e1n\u00ed ne\u00fapln\u00e9ho v\u00fdtisku, dod\u00e1n\u00ed nekvalitn\u011b polygraficky zpracovan\u00e9ho v\u00fdtisku apod.<\/p>\n<p>7.2 Reklamaci Kupuj\u00edc\u00ed m\u016f\u017ee kupuj\u00edc\u00ed uplatnit p\u00edsemn\u011b e-mailem \u010di p\u0159es kontatkn\u00ed formul\u00e1\u0159 na webov\u00e9m rozhran\u00ed.<\/p>\n<p>7.3 Opr\u00e1vn\u011bnou reklamaci \u0159e\u0161\u00ed Prod\u00e1vaj\u00edc\u00ed zasl\u00e1n\u00edm n\u00e1hradn\u00edho v\u00fdtisku na vlastn\u00ed n\u00e1klady, navr\u00e1cen\u00edm cel\u00e9 \u010di \u00fam\u011brn\u00e9 finan\u010dn\u00ed \u010d\u00e1stky.<\/p>\n<p><strong>8. Ochrana osobn\u00edch \u00fadaj\u016f<\/strong><\/p>\n<p>Prohl\u00e1\u0161en\u00ed o zpracov\u00e1n\u00ed osobn\u00edch \u00fadaj\u016f je zpracov\u00e1no v samostatn\u00e9m dokumentu <a href=\"?page_id=842\">Zpracov\u00e1n\u00ed osobn\u00edch \u00fadaj\u016f<\/a>.<\/p>\n<p><strong>9. Rozhod\u010d\u00ed dolo\u017eka<\/strong><\/p>\n<p>10.1 V\u0161echny spory, kter\u00e9 vzniknou z kupn\u00ed smlouvy anebo v souvislosti s n\u00ed, budou rozhodov\u00e1ny s vylou\u010den\u00edm pravomoci obecn\u00fdch soud\u016f s kone\u010dnou platnost\u00ed v rozhod\u010d\u00edm \u0159\u00edzen\u00ed u Rozhod\u010d\u00edho soudu p\u0159i Hospod\u00e1\u0159sk\u00e9 komo\u0159e \u010cesk\u00e9 republiky a Agr\u00e1rn\u00ed komo\u0159e \u010cesk\u00e9 republiky v Praze podle jeho \u0158\u00e1du on-line jedin\u00fdm rozhodcem ur\u010den\u00fdm p\u0159edsedou Rozhod\u010d\u00edho soudu p\u0159i Hospod\u00e1\u0159sk\u00e9 komo\u0159e \u010cesk\u00e9 republiky a Agr\u00e1rn\u00ed komo\u0159e \u010cesk\u00e9 republiky.<\/p>\n<p><strong>11. Z\u00e1v\u011bre\u010dn\u00e1 ustanoven\u00ed<\/strong><\/p>\n<p>11.1 Pokud vztah souvisej\u00edc\u00ed s u\u017eit\u00edm webov\u00e9ho rozhran\u00ed nebo pr\u00e1vn\u00ed vztah zalo\u017een\u00fd kupn\u00ed smlouvou obsahuje mezin\u00e1rodn\u00ed (zahrani\u010dn\u00ed) prvek, pak strany sjedn\u00e1vaj\u00ed, \u017ee vztah se \u0159\u00edd\u00ed \u010desk\u00fdm pr\u00e1vem.<\/p>\n<p>11.2 Je-li n\u011bkter\u00e9 ustanoven\u00ed obchodn\u00edch podm\u00ednek neplatn\u00e9 nebo ne\u00fa\u010dinn\u00e9 nebo nepou\u017eiteln\u00e9, nebo se takov\u00fdm stane, nam\u00edsto neplatn\u00fdch ustanoven\u00ed nastoup\u00ed ustanoven\u00ed, jeho\u017e smysl se neplatn\u00e9mu ustanoven\u00ed co nejv\u00edce p\u0159ibli\u017euje. Neplatnost\u00ed nebo ne\u00fa\u010dinnost\u00ed nebo nepou\u017eitelnost\u00ed jednoho ustanoven\u00ed nen\u00ed dotknut\u00e1 platnost ostatn\u00edch ustanoven\u00ed.<\/p>\n<p>Tyto obchodn\u00ed podm\u00ednky jsou platn\u00e9 a \u00fa\u010dinn\u00e9 od 1. 9. 2017. Posledn\u00ed aktualizace 23.5.2018.<\/p>\n","protected":false},"excerpt":{"rendered":"<p>spole\u010dnosti MEDIPRAX CB s.r.o. se s\u00eddlem Husova t\u0159. 624\/43, 370 05 \u010cesk\u00e9 Bud\u011bjovice I\u010c: 63886731 DI\u010c: CZ63886731 zapsan\u00e1 v obchodn\u00edm rejst\u0159\u00edku veden\u00e9m Krajsk\u00fdm soudem v \u010cesk\u00fdch Bud\u011bjovic\u00edch, odd\u00edl C, vlo\u017eka 5633 Adresa pro doru\u010dov\u00e1n\u00ed: MEDIPRAX CB s.r.o., Husova t\u0159. 624\/43,<\/p>\n","protected":false},"author":1,"featured_media":0,"parent":0,"menu_order":7,"comment_status":"closed","ping_status":"closed","template":"","meta":{"footnotes":""},"class_list":["post-838","page","type-page","status-publish","hentry"],"_links":{"self":[{"href":"https:\/\/urgentnimedicina.cz\/index.php?rest_route=\/wp\/v2\/pages\/838","targetHints":{"allow":["GET"]}}],"collection":[{"href":"https:\/\/urgentnimedicina.cz\/index.php?rest_route=\/wp\/v2\/pages"}],"about":[{"href":"https:\/\/urgentnimedicina.cz\/index.php?rest_route=\/wp\/v2\/types\/page"}],"author":[{"embeddable":true,"href":"https:\/\/urgentnimedicina.cz\/index.php?rest_route=\/wp\/v2\/users\/1"}],"replies":[{"embeddable":true,"href":"https:\/\/urgentnimedicina.cz\/index.php?rest_route=%2Fwp%2Fv2%2Fcomments&post=838"}],"version-history":[{"count":0,"href":"https:\/\/urgentnimedicina.cz\/index.php?rest_route=\/wp\/v2\/pages\/838\/revisions"}],"wp:attachment":[{"href":"https:\/\/urgentnimedicina.cz\/index.php?rest_route=%2Fwp%2Fv2%2Fmedia&parent=838"}],"curies":[{"name":"wp","href":"https:\/\/api.w.org\/{rel}","templated":true}]}}