{"id":842,"date":"2018-05-25T13:36:30","date_gmt":"2018-05-25T11:36:30","guid":{"rendered":"http:\/\/urgentnimedicina.cz\/?page_id=842"},"modified":"2021-12-30T09:49:49","modified_gmt":"2021-12-30T07:49:49","slug":"zpracovani-osobnich-udaju","status":"publish","type":"page","link":"https:\/\/urgentnimedicina.cz\/?page_id=842","title":{"rendered":"Zpracov\u00e1n\u00ed osobn\u00edch \u00fadaj\u016f"},"content":{"rendered":"<p align=\"center\"><strong>PROHL\u00c1\u0160EN\u00cd O ZPRACOV\u00c1N\u00cd OSOBN\u00cdCH \u00daDAJ\u016e<\/strong><\/p>\n<p align=\"center\">Prohl\u00e1\u0161en\u00ed o zpracov\u00e1n\u00ed osobn\u00edch \u00fadaj\u016f dle na\u0159\u00edzen\u00ed Evropsk\u00e9ho parlamentu a Rady (EU) 2016\/679 o ochran\u011b fyzick\u00fdch osob v souvislosti se zpracov\u00e1n\u00edm osobn\u00edch \u00fadaj\u016f a pou\u010den\u00ed subjekt\u016f \u00fadaj\u016f (d\u00e1le jen \u201e<strong>GDPR<\/strong>\u201c)<\/p>\n<p><strong>1. Spr\u00e1vce osobn\u00edch \u00fadaj\u016f<\/strong><\/p>\n<p><strong>MEDIPRAX CB s.r.o.<\/strong><br \/>\nse s\u00eddlem Husova t\u0159. 624\/43<br \/>\nI\u010cO: 63886731<br \/>\nspole\u010dnost zapsan\u00e1 v\u00a0obchodn\u00edm rejst\u0159\u00edku veden\u00e9m Krajsk\u00fdm soudem v\u00a0\u010c. Bud\u011bjovic\u00edch, odd\u00edl C, vlo\u017eka 5633<br \/>\nkontaktn\u00ed emailov\u00e1 adresa: mediprax@mediprax.cz, telefonick\u00fd kontakt: 385\u00a0310\u00a0382.<\/p>\n<p>(d\u00e1le jen \u201e<strong>Spr\u00e1vce<\/strong>\u201c)<\/p>\n<p><strong>2. Pov\u011b\u0159enec pro ochranu osobn\u00edch \u00fadaj\u016f<\/strong><\/p>\n<p>Pov\u011b\u0159enec pro ochranu osobn\u00edch \u00fadaj\u016f nebyl u Spr\u00e1vce jmenov\u00e1n.<\/p>\n<p><strong>3. Kategorie subjekt\u016f \u00fadaj\u016f, kategorie osobn\u00edch \u00fadaj\u016f, \u00fa\u010dely jejich zpracov\u00e1n\u00ed a pr\u00e1vn\u00ed z\u00e1klad<\/strong><\/p>\n<p><strong>a) Zam\u011bstnanci<\/strong><\/p>\n<p>Kategorie osobn\u00edch \u00fadaj\u016f:<\/p>\n<p>&#8211; adresn\u00ed a identifika\u010dn\u00ed \u00fadaje &#8211; jm\u00e9no, p\u0159\u00edjmen\u00ed, titul, datum a m\u00edsto narozen\u00ed, rodinn\u00fd stav, rodn\u00e9 \u010d\u00edslo, statn\u00ed p\u0159\u00edslu\u0161nost, adresa trval\u00e9ho bydli\u0161t\u011b, tel. spojen\u00ed dom\u016f,<br \/>\n&#8211; popisn\u00e9 \u00fadaje &#8211; vzd\u011bl\u00e1n\u00ed, p\u0159edchoz\u00ed zam\u011bstn\u00e1n\u00ed, po\u010det d\u011bt\u00ed, zdravotn\u00ed poji\u0161\u0165ovna, druh pob\u00edran\u00e9ho d\u016fchodu, bankovn\u00ed spojen\u00ed,<br \/>\n&#8211; \u00fadaje o jin\u00e9 osob\u011b &#8211; adresn\u00ed a identifika\u010dn\u00ed \u00fadaje man\u017eela\/man\u017eelky, n\u00e1zev a adresa zam\u011bstnavatele man\u017eele\/man\u017eelky, jm\u00e9no, p\u0159\u00edjmen\u00ed a rodn\u00e9 \u010d\u00edslo d\u00edt\u011bte d\u00edt\u011b).<\/p>\n<p>\u00da\u010del zpracov\u00e1n\u00ed osobn\u00edch \u00fadaj\u016f: person\u00e1ln\u00ed a mzdov\u00e1 agenda, z\u00e1konn\u00e9 povinnosti v\u016f\u010di instituc\u00edm (uzav\u00edr\u00e1n\u00ed pracovn\u00edch smluv, dohod o hmotn\u00e9 odpov\u011bdnosti, zpracov\u00e1n\u00ed plat\u016f, odvody soci\u00e1ln\u00edho a zdravotn\u00edho poji\u0161t\u011bn\u00ed, d\u016fchodov\u00e9 zabezpe\u010den\u00ed, ro\u010dn\u00ed z\u00fa\u010dtov\u00e1n\u00ed dan\u011b a eviden\u010dn\u00edch list\u016f d\u016fchodov\u00e9ho poji\u0161t\u011bn\u00ed, preventivn\u00ed l\u00e9ka\u0159sk\u00e9 prohl\u00eddky, likvidace pracovn\u00edch \u00faraz\u016f, archivnictv\u00ed, v\u00fdb\u011brov\u00e1 \u0159\u00edzen\u00ed na voln\u00e1 pracovn\u00ed m\u00edsta.<\/p>\n<p>Pr\u00e1vn\u00ed z\u00e1klad zpracov\u00e1n\u00ed osobn\u00edch \u00fadaj\u016f: pln\u011bn\u00ed smlouvy, z\u00e1konem stanoven\u00e9 povinnosti, opr\u00e1vn\u011bn\u00e9 z\u00e1jmy Spr\u00e1vce.<\/p>\n<p><strong>b) Fyzick\u00e9 osoby vykon\u00e1vaj\u00edc\u00ed pr\u00e1ci nebo \u010dinnost na z\u00e1klad\u011b dohod o prac\u00edch konan\u00fdch mimo pracovn\u00ed pom\u011br<\/strong><\/p>\n<p>Kategorie osobn\u00edch \u00fadaj\u016f:<\/p>\n<p>&#8211; adresn\u00ed a identifika\u010dn\u00ed \u00fadaje &#8211; jm\u00e9no, p\u0159\u00edjmen\u00ed, datum a m\u00edsto narozen\u00ed, rodn\u00e9 \u010d\u00edslo, statn\u00ed p\u0159\u00edslu\u0161nost, adresa trval\u00e9ho bydli\u0161t\u011b, tel. spojen\u00ed dom\u016f,<br \/>\n&#8211; popisn\u00e9 \u00fadaje &#8211; bankovn\u00ed spojen\u00ed.<\/p>\n<p>\u00da\u010del zpracov\u00e1n\u00ed osobn\u00edch \u00fadaj\u016f: person\u00e1ln\u00ed a mzdov\u00e1 agenda, z\u00e1konn\u00e9 povinnosti v\u016f\u010di instituc\u00edm.<\/p>\n<p>Pr\u00e1vn\u00ed z\u00e1klad zpracov\u00e1n\u00ed osobn\u00edch \u00fadaj\u016f: pln\u011bn\u00ed smlouvy, z\u00e1konem stanoven\u00e9 povinnosti.<\/p>\n<p><strong>c) Uchaze\u010di o zam\u011bstn\u00e1n\u00ed<\/strong><\/p>\n<p>Kategorie osobn\u00edch \u00fadaj\u016f:<\/p>\n<p>&#8211; adresn\u00ed a identifika\u010dn\u00ed \u00fadaje &#8211; jm\u00e9no, p\u0159\u00edjmen\u00ed, datum a m\u00edsto narozen\u00ed, adresa trval\u00e9ho bydli\u0161t\u011b, kontaktn\u00ed \u00fadaje (kontaktn\u00ed adresa, telefon, e-mail).<br \/>\n&#8211; popisn\u00e9 \u00fadaje &#8211; vzd\u011bl\u00e1n\u00ed<\/p>\n<p>\u00da\u010del zpracov\u00e1n\u00ed osobn\u00edch \u00fadaj\u016f: v\u00fdb\u011brov\u00e1 \u0159\u00edzen\u00ed na voln\u00e1 pracovn\u00ed m\u00edsta.<\/p>\n<p>Pr\u00e1vn\u00ed z\u00e1klad zpracov\u00e1n\u00ed osobn\u00edch \u00fadaj\u016f: opr\u00e1vn\u011bn\u00e9 z\u00e1jmy Spr\u00e1vce.<\/p>\n<p><strong>d) Z\u00e1kazn\u00edci<\/strong><\/p>\n<p>Kategorie osobn\u00edch \u00fadaj\u016f:<\/p>\n<p>&#8211; adresn\u00ed a identifika\u010dn\u00ed \u00fadaje &#8211; jm\u00e9no, p\u0159\u00edjmen\u00ed, titul, adresa trval\u00e9ho bydli\u0161t\u011b, doru\u010dovac\u00ed adresa, telefonick\u00e9 spojen\u00ed, e-mail, I\u010cO, DI\u010c.<\/p>\n<p>\u00da\u010del zpracov\u00e1n\u00ed osobn\u00edch \u00fadaj\u016f: uzav\u0159en\u00ed a pln\u011bn\u00ed smlouvy, z\u00e1konn\u00e9 povinnost\u00ed v\u016f\u010di z\u00e1kazn\u00edk\u016fm, z\u00e1konn\u00e9 povinnosti v\u016f\u010di instituc\u00edm.<\/p>\n<p>Pr\u00e1vn\u00ed z\u00e1klad zpracov\u00e1n\u00ed osobn\u00edch \u00fadaj\u016f: pln\u011bn\u00ed smlouvy, z\u00e1konem stanoven\u00e9 povinnosti.<\/p>\n<p><strong>e) Dodavatel\u00e9<\/strong><\/p>\n<p>Kategorie osobn\u00edch \u00fadaj\u016f:<\/p>\n<p>&#8211; adresn\u00ed a identifika\u010dn\u00ed \u00fadaje &#8211; jm\u00e9no, p\u0159\u00edjmen\u00ed, titul, adresa trval\u00e9ho bydli\u0161t\u011b, doru\u010dovac\u00ed adresa, telefonick\u00e9 spojen\u00ed, e-mail, I\u010cO, DI\u010c,<br \/>\n&#8211; popisn\u00e9 \u00fadaje &#8211; bankovn\u00ed spojen\u00ed, odborn\u00e9 znalosti a dovednosti.<\/p>\n<p>\u00da\u010del zpracov\u00e1n\u00ed osobn\u00edch \u00fadaj\u016f: uzav\u0159en\u00ed a pln\u011bn\u00ed smlouvy, z\u00e1konn\u00e9 povinnost\u00ed v\u016f\u010di dodavatel\u016fm, z\u00e1konn\u00e9 povinnosti v\u016f\u010di instituc\u00edm.<\/p>\n<p>Pr\u00e1vn\u00ed z\u00e1klad zpracov\u00e1n\u00ed osobn\u00edch \u00fadaj\u016f: pln\u011bn\u00ed smlouvy, z\u00e1konem stanoven\u00e9 povinnosti.<\/p>\n<p><strong>4. Kategori\u00ed p\u0159\u00edjemc\u016f, kter\u00fdm byly nebo budou osobn\u00ed \u00fadaje zp\u0159\u00edstupn\u011bny \u010di p\u0159ed\u00e1ny, v\u010detn\u011b p\u0159\u00edjemc\u016f ze t\u0159et\u00edch zem\u00ed nebo mezin\u00e1rodn\u00edch organizac\u00ed<\/strong><\/p>\n<p>Subjekty kategori\u00ed a, b, d, e<\/p>\n<p>&#8211; Spr\u00e1vce<br \/>\n&#8211; Poskytovatel\u00e9 \u00fa\u010detn\u00edch, pr\u00e1vn\u00edch, doru\u010dovac\u00edch a dal\u0161\u00edch slu\u017eeb, kte\u0159\u00ed spolupracuj\u00ed se Spr\u00e1vcem na z\u00e1klad\u011b smluvn\u00edho vztahu<br \/>\n&#8211; St\u00e1tn\u00ed aj. org\u00e1ny v r\u00e1mci pln\u011bn\u00ed z\u00e1konn\u00fdch povinnost\u00ed stanoven\u00fdch p\u0159\u00edslu\u0161n\u00fdmi pr\u00e1vn\u00edmi p\u0159edpisy<\/p>\n<p>Subjekty kategorie c<\/p>\n<p>&#8211; Spr\u00e1vce<\/p>\n<p>Osobn\u00ed \u00fadaje \u017e\u00e1dn\u00e9 z\u00a0kategori\u00ed subjekt\u016f nejsou poskytov\u00e1ny p\u0159\u00edjemc\u016fm ze t\u0159et\u00edch zem\u00ed nebo mezin\u00e1rodn\u00edm organizac\u00edm.<\/p>\n<p><strong>5. Informace o\u00a0pl\u00e1novan\u00fdch lh\u016ft\u00e1ch pro v\u00fdmaz jednotliv\u00fdch kategori\u00ed osobn\u00edch \u00fadaj\u016f<\/strong><\/p>\n<p>Subjekty kategori\u00ed a, b, d, e<\/p>\n<p>Osobn\u00ed \u00fadaje jsou uchov\u00e1v\u00e1ny po dobu nezbytn\u011b nutnou k zaji\u0161t\u011bn\u00ed vz\u00e1jemn\u00fdch pr\u00e1v a povinnost\u00ed vypl\u00fdvaj\u00edc\u00edch ze smlouvy a d\u00e1le pak po dobu, po kterou mu to v jednotliv\u00fdch p\u0159\u00edpadech ukl\u00e1daj\u00ed pr\u00e1vn\u00ed p\u0159edpisy. Po uplynut\u00ed t\u00e9to doby budou osobn\u00ed \u00fadaje bez zbyte\u010dn\u00e9ho odkladu vymaz\u00e1ny.<\/p>\n<p>Subjekty kategorie c<\/p>\n<p>&#8211; Osobn\u00ed \u00fadaje jsou uchov\u00e1v\u00e1ny pouze po dobu v\u00fdb\u011brov\u00e9ho \u0159\u00edzen\u00ed na voln\u00e9 pracovn\u00ed m\u00edsto. Po uplynut\u00ed t\u00e9to doby budou osobn\u00ed \u00fadaje bez zbyte\u010dn\u00e9ho odkladu vymaz\u00e1ny.<\/p>\n<p><strong>6. Popis technick\u00fdch a organiza\u010dn\u00edch bezpe\u010dnostn\u00edch opat\u0159en\u00ed p\u0159i ochran\u011b osobn\u00edch \u00fadaj\u016f<\/strong><\/p>\n<p>Zpracov\u00e1n\u00ed osobn\u00edch \u00fadaj\u016f je prov\u00e1d\u011bno v\u00a0s\u00eddle Spr\u00e1vce jeho pov\u011b\u0159en\u00fdmi zam\u011bstnanci a d\u00e1le Spr\u00e1vcem pov\u011b\u0159en\u00fdm zpracovatelem. Zpracov\u00e1n\u00ed osobn\u00edch \u00fadaj\u016f prob\u00edh\u00e1 manu\u00e1ln\u011b i automatizovan\u011b prost\u0159ednictv\u00edm v\u00fdpo\u010detn\u00ed techniky, a to v\u00a0elektronick\u00e9 nebo listinn\u00e9 podob\u011b.<\/p>\n<p>Za \u00fa\u010delem dodr\u017eov\u00e1n\u00ed bezpe\u010dnostn\u00edch z\u00e1sad pro spr\u00e1vu a zpracov\u00e1n\u00ed osobn\u00edch \u00fadaj\u016f p\u0159ijal Spr\u00e1vce technick\u00e9 a organiza\u010dn\u00ed opat\u0159en\u00ed zaji\u0161\u0165uj\u00edc\u00ed ochranu osobn\u00edch \u00fadaj\u016f, zejm\u00e9na opat\u0159en\u00ed, aby nemohlo doj\u00edt k neopr\u00e1vn\u011bn\u00e9mu nebo nahodil\u00e9mu p\u0159\u00edstupu k osobn\u00edm \u00fadaj\u016fm, jejich zm\u011bn\u011b, zni\u010den\u00ed \u010di ztr\u00e1t\u011b, neopr\u00e1vn\u011bn\u00fdm p\u0159enos\u016fm, k jejich neopr\u00e1vn\u011bn\u00e9mu zpracov\u00e1n\u00ed, jako\u017e i k jin\u00e9mu zneu\u017eit\u00ed osobn\u00edch \u00fadaj\u016f. Ve\u0161ker\u00e9 osoby, kter\u00e9 p\u0159ich\u00e1zej\u00ed ze sv\u00e9 pracovn\u00ed pozice (nebo v\u00a0r\u00e1mci smluvn\u011b p\u0159evzat\u00fdch povinnost\u00ed) do kontaktu s\u00a0osobn\u00edmi \u00fadaji respektuj\u00ed pr\u00e1vo subjekt\u016f \u00fadaj\u016f na ochranu soukrom\u00ed a jsou povinny postupovat dle platn\u00fdch pr\u00e1vn\u00edch p\u0159edpis\u016f t\u00fdkaj\u00edc\u00edch se ochrany osobn\u00edch \u00fadaj\u016f.<\/p>\n<p>Zpracov\u00e1vat osobn\u00ed \u00fadaje a manipulovat s\u00a0nimi sm\u00ed pouze osoba k\u00a0tomu opr\u00e1vn\u011bn\u00e1. Opr\u00e1vn\u011bn\u00e9 osoby jsou \u0159\u00e1dn\u011b pou\u010deny a pro\u0161koleny, respektuj\u00ed pr\u00e1vo subjekt\u016f \u00fadaj\u016f na ochranu soukrom\u00ed a jsou povinny postupovat dle platn\u00fdch pr\u00e1vn\u00edch p\u0159edpis\u016f t\u00fdkaj\u00edc\u00edch se ochrany osobn\u00edch \u00fadaj\u016f. Jin\u00e9 osoby nemaj\u00ed k\u00a0osobn\u00edm \u00fadaj\u016fm p\u0159\u00edstup.<\/p>\n<p>Listinn\u00e9 evidence jsou um\u00edst\u011bny v\u00a0uzamykateln\u00e9 m\u00edstnosti Spr\u00e1vce. Vstup do m\u00edstnosti maj\u00ed pouze opr\u00e1vn\u011bn\u00e9 osoby. Ostatn\u00ed osoby maj\u00ed p\u0159\u00edstup do m\u00edstnosti pouze v doprovodu opr\u00e1vn\u011bn\u00fdch osob.<\/p>\n<p>P\u0159\u00edstup k\u00a0osobn\u00edm \u00fadaj\u016fm ulo\u017een\u00fdch v\u00a0elektronick\u00e9 podob\u011b (v po\u010d\u00edta\u010d\u00edch) je chr\u00e1n\u011bn u\u017eivatelsk\u00fdm jm\u00e9nem a heslem.<\/p>\n<p>Po\u010d\u00edta\u010de, ve kter\u00fdch jsou ulo\u017eeny osobn\u00ed \u00fadaje, jsou zabezpe\u010deny p\u0159ihla\u0161ovac\u00edm jm\u00e9nem a heslem, aktualizovan\u00fdm opera\u010dn\u00edm syst\u00e9mem, antivirov\u00fdm programem a ochrannou firewall. Opera\u010dn\u00ed syst\u00e9m zaznamen\u00e1v\u00e1 jednotliv\u00e9 p\u0159\u00edstupy (logy). Jednotliv\u00e1 zabezpe\u010den\u00ed jsou pravideln\u011b kontrolov\u00e1na.<\/p>\n<p>Osobn\u00ed \u00fadaje ulo\u017een\u00e9 v\u00a0elektronick\u00e9 podob\u011b jsou v\u00a0souladu s\u00a0bezpe\u010dnostn\u00edmi z\u00e1sadami pravideln\u011b z\u00e1lohov\u00e1ny. P\u0159\u00edstup k\u00a0z\u00e1lohovan\u00fdm dat\u016fm m\u00e1 pouze opr\u00e1vn\u011bn\u00e1 osoba.<\/p>\n<p align=\"justify\"><strong>7. Soubory cookies<\/strong><\/p>\n<p>7.1 Cookies jsou mal\u00e9 textov\u00e9 soubory, kter\u00e9 internetov\u00e9 str\u00e1nky ukl\u00e1daj\u00ed na v\u00e1\u0161 po\u010d\u00edta\u010d nebo mobiln\u00ed za\u0159\u00edzen\u00ed v okam\u017eiku, kdy tyto str\u00e1nky za\u010dnete vyu\u017e\u00edvat. Str\u00e1nky si tak na ur\u010ditou dobu zapamatuj\u00ed va\u0161e preference a \u00fakony, kter\u00e9 jste na nich provedli (nap\u0159. p\u0159ihla\u0161ovac\u00ed \u00fadaje, jazyk, velikost p\u00edsma a jin\u00e9 zobrazovac\u00ed preference, ip adresu, typ prohl\u00ed\u017ee\u010de a opera\u010dn\u00ed syst\u00e9m), tak\u017ee tyto \u00fadaje pak nemus\u00edte zad\u00e1vat znovu. Cookies se d\u011bl\u00ed na technick\u00e9 (zaji\u0161t\u011bn\u00ed provozu webov\u00fdch str\u00e1nek), analytick\u00e9 (anal\u00fdza n\u00e1v\u0161t\u011bvnosti), marketingov\u00e9 (perzonalizace reklam), preferen\u010dn\u00ed.<\/p>\n<p align=\"justify\">7.2 Tyto webov\u00e9 str\u00e1nky neukl\u00e1daj\u00ed a nevyu\u017e\u00edvaj\u00ed \u017e\u00e1dn\u00e9 cookies n\u00e1v\u0161t\u011bvn\u00edk\u016f.<\/p>\n<p><strong>8. Pou\u010den\u00ed<\/strong><\/p>\n<p>Spr\u00e1vce zpracov\u00e1v\u00e1 osobn\u00ed \u00fadaje za \u00fa\u010delem pr\u00e1vn\u00edch z\u00e1klad\u016f uveden\u00fdch v \u010dl. 6 odst. 1 Na\u0159\u00edzen\u00ed, u nich\u017e nen\u00ed vy\u017eadov\u00e1n souhlas subjektu. Pr\u00e1vn\u00ed z\u00e1klady pro zpracov\u00e1n\u00ed osobn\u00edch \u00fadaj\u016f jednotliv\u00fdch kategori\u00ed subjektu jsou uvedeny v \u010dl\u00e1nku 3 tohoto prohl\u00e1\u0161en\u00ed.<\/p>\n<p>Spr\u00e1vce z\u00edsk\u00e1v\u00e1 osobn\u00ed \u00fadaje od subjektu \u00fadaj\u016f.<\/p>\n<p><strong>9. Pr\u00e1va subjekt\u016f \u00fadaj\u016f<\/strong><\/p>\n<p>Subjekt \u00fadaj\u016f m\u00e1 pr\u00e1vo po\u017eadovat od Spr\u00e1vce p\u0159\u00edstup ke sv\u00fdm\u00a0osobn\u00edm \u00fadaj\u016fm (a informac\u00edm dle \u010dl. 15 Na\u0159\u00edzen\u00ed: \u00fa\u010dely zpracov\u00e1n\u00ed, kategorie dot\u010den\u00fdch osobn\u00edch \u00fadaj\u016f, p\u0159\u00edjemci nebo kategorie p\u0159\u00edjemc\u016f apod.), jejich opravu nebo v\u00fdmaz, pop\u0159\u00edpad\u011b omezen\u00ed zpracov\u00e1n\u00ed, a vzn\u00e9st n\u00e1mitku proti zpracov\u00e1n\u00ed, m\u00e1 pr\u00e1vo na p\u0159enositelnost t\u011bchto \u00fadaj\u016f k\u00a0jin\u00e9mu spr\u00e1vci, jako\u017e i pr\u00e1vo podat st\u00ed\u017enost u \u00da\u0159adu pro ochranu osobn\u00edch \u00fadaj\u016f, m\u00e1-li za to, \u017ee Spr\u00e1vce p\u0159i zpracov\u00e1n\u00ed osobn\u00edch \u00fadaj\u016f postupuje v\u00a0rozporu s\u00a0Na\u0159\u00edzen\u00edm.<\/p>\n<p>Spr\u00e1vce poskytne subjektu \u00fadaj\u016f na jeho \u017e\u00e1dost, je-li opr\u00e1vn\u011bn\u00e1, informace ohledn\u011b zpracov\u00e1van\u00fdch osobn\u00edch \u00fadaj\u016f \u010di informace o p\u0159ijat\u00fdch opat\u0159en\u00ed bez zbyte\u010dn\u00e9ho odkladu, nejpozd\u011bji v\u0161ak do jednoho m\u011bs\u00edce od obdr\u017een\u00ed \u017e\u00e1dosti.<\/p>\n","protected":false},"excerpt":{"rendered":"<p>PROHL\u00c1\u0160EN\u00cd O ZPRACOV\u00c1N\u00cd OSOBN\u00cdCH \u00daDAJ\u016e Prohl\u00e1\u0161en\u00ed o zpracov\u00e1n\u00ed osobn\u00edch \u00fadaj\u016f dle na\u0159\u00edzen\u00ed Evropsk\u00e9ho parlamentu a Rady (EU) 2016\/679 o ochran\u011b fyzick\u00fdch osob v souvislosti se zpracov\u00e1n\u00edm osobn\u00edch \u00fadaj\u016f a pou\u010den\u00ed subjekt\u016f \u00fadaj\u016f (d\u00e1le jen \u201eGDPR\u201c) 1. Spr\u00e1vce osobn\u00edch \u00fadaj\u016f MEDIPRAX<\/p>\n","protected":false},"author":1,"featured_media":0,"parent":838,"menu_order":1,"comment_status":"closed","ping_status":"closed","template":"","meta":{"footnotes":""},"class_list":["post-842","page","type-page","status-publish","hentry"],"_links":{"self":[{"href":"https:\/\/urgentnimedicina.cz\/index.php?rest_route=\/wp\/v2\/pages\/842","targetHints":{"allow":["GET"]}}],"collection":[{"href":"https:\/\/urgentnimedicina.cz\/index.php?rest_route=\/wp\/v2\/pages"}],"about":[{"href":"https:\/\/urgentnimedicina.cz\/index.php?rest_route=\/wp\/v2\/types\/page"}],"author":[{"embeddable":true,"href":"https:\/\/urgentnimedicina.cz\/index.php?rest_route=\/wp\/v2\/users\/1"}],"replies":[{"embeddable":true,"href":"https:\/\/urgentnimedicina.cz\/index.php?rest_route=%2Fwp%2Fv2%2Fcomments&post=842"}],"version-history":[{"count":1,"href":"https:\/\/urgentnimedicina.cz\/index.php?rest_route=\/wp\/v2\/pages\/842\/revisions"}],"predecessor-version":[{"id":1213,"href":"https:\/\/urgentnimedicina.cz\/index.php?rest_route=\/wp\/v2\/pages\/842\/revisions\/1213"}],"up":[{"embeddable":true,"href":"https:\/\/urgentnimedicina.cz\/index.php?rest_route=\/wp\/v2\/pages\/838"}],"wp:attachment":[{"href":"https:\/\/urgentnimedicina.cz\/index.php?rest_route=%2Fwp%2Fv2%2Fmedia&parent=842"}],"curies":[{"name":"wp","href":"https:\/\/api.w.org\/{rel}","templated":true}]}}