{"id":974,"date":"2020-03-10T16:05:07","date_gmt":"2020-03-10T14:05:07","guid":{"rendered":"http:\/\/urgentnimedicina.cz\/?page_id=974"},"modified":"2020-04-15T14:53:36","modified_gmt":"2020-04-15T12:53:36","slug":"odkazy","status":"publish","type":"page","link":"https:\/\/urgentnimedicina.cz\/?page_id=974","title":{"rendered":"Odkazy"},"content":{"rendered":"\n<ul class=\"wp-block-list\"><li><a href=\"?page_id=1064\">COVID-19<\/a><\/li><\/ul>\n\n\n\n<hr class=\"wp-block-separator\"\/>\n\n\n\n<ul class=\"wp-block-list\"><li><a rel=\"noreferrer noopener\" href=\"dokumenty\/LZP prohl\u00e1\u0161en\u00ed.pdf\" target=\"_blank\">LZP prohl\u00e1\u0161en\u00ed<\/a><\/li><li><a rel=\"noreferrer noopener\" href=\"dokumenty\/Podm\u00ednky pro zah\u00e1jen\u00ed efektivn\u00ed a bezpe\u010dn\u00e9 spolupr\u00e1ce zdravotnick\u00e9 pos\u00e1dky ZZS s nov\u00fdm provozovatelem LZS.pdf\" target=\"_blank\">Podm\u00ednky pro zah\u00e1jen\u00ed efektivn\u00ed a bezpe\u010dn\u00e9 spolupr\u00e1ce zdravotnick\u00e9 pos\u00e1dky ZZS s nov\u00fdm provozovatelem LZS<\/a><\/li><\/ul>\n\n\n\n<hr class=\"wp-block-separator\"\/>\n\n\n\n<ul class=\"wp-block-list\"><li> <a rel=\"noreferrer noopener\" href=\"https:\/\/mediprax.cz\/\" target=\"_blank\">MEDIPRAX CB s.r.o.<\/a> <\/li><li> <a rel=\"noreferrer noopener\" href=\"http:\/\/www.azzs.cz\/\" target=\"_blank\">Asociace ZZS \u010cR<\/a> <\/li><li> <a rel=\"noreferrer noopener\" href=\"http:\/\/www.resuscitace.cz\/\" target=\"_blank\">\u010cesk\u00e1 resuscita\u010dn\u00ed rada<\/a> <\/li><li> <a rel=\"noreferrer noopener\" href=\"http:\/\/www.urgmed.cz\/\" target=\"_blank\">Spole\u010dnost urgentn\u00ed medic\u00edny a medic\u00edny katastrof<\/a> <\/li><\/ul>\n","protected":false},"excerpt":{"rendered":"<p>COVID-19 LZP prohl\u00e1\u0161en\u00ed Podm\u00ednky pro zah\u00e1jen\u00ed efektivn\u00ed a bezpe\u010dn\u00e9 spolupr\u00e1ce zdravotnick\u00e9 pos\u00e1dky ZZS s nov\u00fdm provozovatelem LZS MEDIPRAX CB s.r.o. Asociace ZZS \u010cR \u010cesk\u00e1 resuscita\u010dn\u00ed rada Spole\u010dnost urgentn\u00ed medic\u00edny a medic\u00edny katastrof<\/p>\n","protected":false},"author":1,"featured_media":0,"parent":0,"menu_order":0,"comment_status":"closed","ping_status":"closed","template":"","meta":{"footnotes":""},"class_list":["post-974","page","type-page","status-publish","hentry"],"_links":{"self":[{"href":"https:\/\/urgentnimedicina.cz\/index.php?rest_route=\/wp\/v2\/pages\/974","targetHints":{"allow":["GET"]}}],"collection":[{"href":"https:\/\/urgentnimedicina.cz\/index.php?rest_route=\/wp\/v2\/pages"}],"about":[{"href":"https:\/\/urgentnimedicina.cz\/index.php?rest_route=\/wp\/v2\/types\/page"}],"author":[{"embeddable":true,"href":"https:\/\/urgentnimedicina.cz\/index.php?rest_route=\/wp\/v2\/users\/1"}],"replies":[{"embeddable":true,"href":"https:\/\/urgentnimedicina.cz\/index.php?rest_route=%2Fwp%2Fv2%2Fcomments&post=974"}],"version-history":[{"count":0,"href":"https:\/\/urgentnimedicina.cz\/index.php?rest_route=\/wp\/v2\/pages\/974\/revisions"}],"wp:attachment":[{"href":"https:\/\/urgentnimedicina.cz\/index.php?rest_route=%2Fwp%2Fv2%2Fmedia&parent=974"}],"curies":[{"name":"wp","href":"https:\/\/api.w.org\/{rel}","templated":true}]}}