{"id":978,"date":"2020-03-10T16:08:00","date_gmt":"2020-03-10T14:08:00","guid":{"rendered":"http:\/\/urgentnimedicina.cz\/?page_id=978"},"modified":"2025-03-24T13:51:28","modified_gmt":"2025-03-24T11:51:28","slug":"aktualne","status":"publish","type":"page","link":"https:\/\/urgentnimedicina.cz\/?page_id=978","title":{"rendered":"Aktu\u00e1ln\u011b"},"content":{"rendered":"<ul>\n<li>24. 03. 2024 &#8211; vy\u0161lo \u010d\u00edslo <a href=\"?p=1391\">4\/2024<\/a><\/li>\n<li>24. 03. 2024 &#8211; p\u0159id\u00e1n obsah <a href=\"?p=1391\">4\/2024<\/a><\/li>\n<li>18. 12. 2024 &#8211; <a href=\"?p=1368\">Ozn\u00e1men\u00ed o ukon\u010den\u00ed vyd\u00e1v\u00e1n\u00ed \u010dasopisu<\/a><\/li>\n<li>09. 12. 2024 &#8211; vy\u0161lo dvoj\u010d\u00edslo <a href=\"?p=1358\">2-3\/2024<\/a><\/li>\n<li>04. 12. 2024 &#8211; p\u0159id\u00e1n obsah <a href=\"?p=1358\">2-3\/2024<\/a><\/li>\n<li>30. 08. 2024 &#8211; vy\u0161lo \u010d\u00edslo <a href=\"?p=1347\">1\/2024<\/a><\/li>\n<li>21. 08. 2024 &#8211; p\u0159id\u00e1n obsah <a href=\"?p=1347\">1\/2024<\/a><\/li>\n<li>06. 05. 2024 &#8211; vy\u0161lo \u010d\u00edslo <a href=\"?p=1332\">4\/2023<\/a><\/li>\n<li>02. 5. 2024 &#8211; p\u0159id\u00e1n obsah <a href=\"?p=1332\">4\/2023<\/a><\/li>\n<li>07. 12. 2023 &#8211; p\u0159id\u00e1n obsah <a href=\"?p=1317\">3\/2023<\/a><\/li>\n<li>06. 12. 2023 &#8211; vy\u0161lo \u010d\u00edslo <a href=\"?p=1317\">3\/2023<\/a><\/li>\n<li>14. 09. 2023 &#8211; vy\u0161lo \u010d\u00edslo <a href=\"?p=1302\">2\/2023<\/a><\/li>\n<li>14. 09. 2023 &#8211; p\u0159id\u00e1n obsah <a href=\"?p=1302\">2\/2023<\/a><\/li>\n<li>06. 06. 2023 &#8211; p\u0159id\u00e1n obsah <a href=\"?p=1295\">1\/2023<\/a><\/li>\n<li>01. 06. 2023 &#8211; vy\u0161lo \u010d\u00edslo <a href=\"?p=1295\">1\/2023<\/a><\/li>\n<li>23. 02. 2023 &#8211; vy\u0161lo \u010d\u00edslo <a href=\"?p=1283\">3-4\/2022<\/a><\/li>\n<li>21. 02. 2023 &#8211; p\u0159id\u00e1n obsah <a href=\"?p=1283\">3-4\/2022<\/a><\/li>\n<li>09. 11. 2022 &#8211; vy\u0161lo \u010d\u00edslo <a href=\"?p=1261\">2\/2022<\/a><\/li>\n<li>25. 10. 2022 &#8211; p\u0159id\u00e1n obsah <a href=\"?p=1261\">2\/2022<\/a><\/li>\n<li>22. 07. 2022 &#8211; vy\u0161lo \u010d\u00edslo 1\/2022<\/li>\n<li>12. 07. 2022 &#8211; p\u0159id\u00e1n obsah <a href=\"?p=1247\">1\/2022<\/a><\/li>\n<li>30. 12. 2021 &#8211; <a href=\"?page_id=1182\" data-type=\"URL\" data-id=\"?page_id=1182\">dopl\u0148uj\u00edc\u00ed materi\u00e1ly k \u010dl\u00e1nku Stresov\u00e9 kardiomyopatie \u2013 kazuistiky<\/a><\/li>\n<\/ul>\n","protected":false},"excerpt":{"rendered":"<p>24. 03. 2024 &#8211; vy\u0161lo \u010d\u00edslo 4\/2024 24. 03. 2024 &#8211; p\u0159id\u00e1n obsah 4\/2024 18. 12. 2024 &#8211; Ozn\u00e1men\u00ed o ukon\u010den\u00ed vyd\u00e1v\u00e1n\u00ed \u010dasopisu 09. 12. 2024 &#8211; vy\u0161lo dvoj\u010d\u00edslo 2-3\/2024 04. 12. 2024 &#8211; p\u0159id\u00e1n obsah 2-3\/2024 30. 08. 2024<\/p>\n","protected":false},"author":1,"featured_media":0,"parent":0,"menu_order":0,"comment_status":"closed","ping_status":"closed","template":"","meta":{"footnotes":""},"class_list":["post-978","page","type-page","status-publish","hentry"],"_links":{"self":[{"href":"https:\/\/urgentnimedicina.cz\/index.php?rest_route=\/wp\/v2\/pages\/978","targetHints":{"allow":["GET"]}}],"collection":[{"href":"https:\/\/urgentnimedicina.cz\/index.php?rest_route=\/wp\/v2\/pages"}],"about":[{"href":"https:\/\/urgentnimedicina.cz\/index.php?rest_route=\/wp\/v2\/types\/page"}],"author":[{"embeddable":true,"href":"https:\/\/urgentnimedicina.cz\/index.php?rest_route=\/wp\/v2\/users\/1"}],"replies":[{"embeddable":true,"href":"https:\/\/urgentnimedicina.cz\/index.php?rest_route=%2Fwp%2Fv2%2Fcomments&post=978"}],"version-history":[{"count":48,"href":"https:\/\/urgentnimedicina.cz\/index.php?rest_route=\/wp\/v2\/pages\/978\/revisions"}],"predecessor-version":[{"id":1397,"href":"https:\/\/urgentnimedicina.cz\/index.php?rest_route=\/wp\/v2\/pages\/978\/revisions\/1397"}],"wp:attachment":[{"href":"https:\/\/urgentnimedicina.cz\/index.php?rest_route=%2Fwp%2Fv2%2Fmedia&parent=978"}],"curies":[{"name":"wp","href":"https:\/\/api.w.org\/{rel}","templated":true}]}}